{"id":983,"date":"2024-03-13T09:08:46","date_gmt":"2024-03-13T13:08:46","guid":{"rendered":"https:\/\/ceranordtremblant.com\/produit\/cerodem\/"},"modified":"2025-10-10T13:35:46","modified_gmt":"2025-10-10T17:35:46","slug":"cerodem","status":"publish","type":"product","link":"https:\/\/ceranordtremblant.com\/en\/produit\/cerodem","title":{"rendered":"CERODEM"},"content":{"rendered":"<p data-start=\"867\" data-end=\"1138\"><strong data-start=\"867\" data-end=\"878\">Cerodem<\/strong> specializes in the distribution and import of high-quality ceramic tiles.<br data-start=\"952\" data-end=\"955\" \/>With proven expertise and a carefully curated selection, <strong data-start=\"1012\" data-end=\"1023\">Cerodem<\/strong> offers products that combine design, durability, and performance \u2014 perfectly suited for all styles and projects.<\/p>\n<p data-start=\"1140\" data-end=\"1163\"><strong data-start=\"1140\" data-end=\"1161\">Products offered:<\/strong><\/p>\n<ul data-start=\"1164\" data-end=\"1226\">\n<li data-start=\"1164\" data-end=\"1180\">\n<p data-start=\"1166\" data-end=\"1180\">Large format<\/p>\n<\/li>\n<li data-start=\"1181\" data-end=\"1198\">\n<p data-start=\"1183\" data-end=\"1198\">Tiles &amp; slabs<\/p>\n<\/li>\n<li data-start=\"1199\" data-end=\"1215\">\n<p data-start=\"1201\" data-end=\"1215\">Wall &amp; d\u00e9cor<\/p>\n<\/li>\n<li data-start=\"1216\" data-end=\"1226\">\n<p data-start=\"1218\" data-end=\"1226\">Mosaic<\/p>\n<\/li>\n<\/ul>\n<p data-start=\"1228\" data-end=\"1361\">We carry samples of all our products. Visit our showroom to explore the full range of colours and finishes offered by our supplier.<\/p>\n<p data-start=\"1363\" data-end=\"1416\"><a href=\"https:\/\/www.cerodem.ca\/en-ca\" target=\"_blank\" rel=\"noopener\">| Explore the products |<\/a><\/p>\n<p>&nbsp;<\/p>\n<h6><em>Photo credits: Cerodem website<\/em><\/h6>\n<p class=\"m-size-24 size-30\">\n","protected":false},"excerpt":{"rendered":"<p>Cerodem specializes in the distribution and import of high-quality ceramic tiles.<\/p>\n","protected":false},"featured_media":962,"template":"","meta":[],"product_brand":[],"product_cat":[85,82],"product_tag":[],"class_list":{"0":"post-983","1":"product","2":"type-product","3":"status-publish","4":"has-post-thumbnail","6":"product_cat-cerodem","7":"product_cat-tiles","9":"first","10":"instock","11":"shipping-taxable","12":"product-type-simple"},"yoast_head":"<!-- This site is optimized with the Yoast SEO plugin v26.8 - https:\/\/yoast.com\/product\/yoast-seo-wordpress\/ -->\n<title>CERODEM - C\u00e9ra-Nord<\/title>\n<meta name=\"description\" content=\"Cerodem specializes in the distribution and import of high-quality ceramic tiles.\" \/>\n<meta name=\"robots\" content=\"index, follow, max-snippet:-1, max-image-preview:large, max-video-preview:-1\" \/>\n<link rel=\"canonical\" href=\"https:\/\/ceranordtremblant.com\/en\/produit\/cerodem\" \/>\n<meta property=\"og:locale\" content=\"en_US\" \/>\n<meta property=\"og:type\" content=\"article\" \/>\n<meta property=\"og:title\" content=\"CERODEM - C\u00e9ra-Nord\" \/>\n<meta property=\"og:description\" content=\"Cerodem specializes in the distribution and import of high-quality ceramic tiles.\" \/>\n<meta property=\"og:url\" content=\"https:\/\/ceranordtremblant.com\/en\/produit\/cerodem\" \/>\n<meta property=\"og:site_name\" content=\"C\u00e9ra-Nord\" \/>\n<meta property=\"article:publisher\" content=\"https:\/\/www.facebook.com\/CeraNord\" \/>\n<meta property=\"article:modified_time\" content=\"2025-10-10T17:35:46+00:00\" \/>\n<meta property=\"og:image\" content=\"https:\/\/ceranordtremblant.com\/wp-content\/uploads\/2024\/03\/Cerodem-mosaique.jpg\" \/>\n\t<meta property=\"og:image:width\" content=\"2042\" \/>\n\t<meta property=\"og:image:height\" content=\"1718\" \/>\n\t<meta property=\"og:image:type\" content=\"image\/jpeg\" \/>\n<meta name=\"twitter:card\" content=\"summary_large_image\" \/>\n<meta name=\"twitter:label1\" content=\"Est. reading time\" \/>\n\t<meta name=\"twitter:data1\" content=\"1 minute\" \/>\n<script type=\"application\/ld+json\" class=\"yoast-schema-graph\">{\"@context\":\"https:\/\/schema.org\",\"@graph\":[{\"@type\":\"WebPage\",\"@id\":\"https:\/\/ceranordtremblant.com\/en\/produit\/cerodem\",\"url\":\"https:\/\/ceranordtremblant.com\/en\/produit\/cerodem\",\"name\":\"CERODEM - C\u00e9ra-Nord\",\"isPartOf\":{\"@id\":\"https:\/\/ceranordtremblant.com\/#website\"},\"primaryImageOfPage\":{\"@id\":\"https:\/\/ceranordtremblant.com\/en\/produit\/cerodem#primaryimage\"},\"image\":{\"@id\":\"https:\/\/ceranordtremblant.com\/en\/produit\/cerodem#primaryimage\"},\"thumbnailUrl\":\"https:\/\/ceranordtremblant.com\/wp-content\/uploads\/2024\/03\/Cerodem-mosaique.jpg\",\"datePublished\":\"2024-03-13T13:08:46+00:00\",\"dateModified\":\"2025-10-10T17:35:46+00:00\",\"description\":\"Cerodem specializes in the distribution and import of high-quality ceramic tiles.\",\"breadcrumb\":{\"@id\":\"https:\/\/ceranordtremblant.com\/en\/produit\/cerodem#breadcrumb\"},\"inLanguage\":\"en-US\",\"potentialAction\":[{\"@type\":\"ReadAction\",\"target\":[\"https:\/\/ceranordtremblant.com\/en\/produit\/cerodem\"]}]},{\"@type\":\"ImageObject\",\"inLanguage\":\"en-US\",\"@id\":\"https:\/\/ceranordtremblant.com\/en\/produit\/cerodem#primaryimage\",\"url\":\"https:\/\/ceranordtremblant.com\/wp-content\/uploads\/2024\/03\/Cerodem-mosaique.jpg\",\"contentUrl\":\"https:\/\/ceranordtremblant.com\/wp-content\/uploads\/2024\/03\/Cerodem-mosaique.jpg\",\"width\":2042,\"height\":1718,\"caption\":\"Cerodem, sp\u00e9cialis\u00e9s dans la distribution et l'importation de carreaux de c\u00e9ramique de qualit\u00e9 sup\u00e9rieure\"},{\"@type\":\"BreadcrumbList\",\"@id\":\"https:\/\/ceranordtremblant.com\/en\/produit\/cerodem#breadcrumb\",\"itemListElement\":[{\"@type\":\"ListItem\",\"position\":1,\"name\":\"Accueil\",\"item\":\"https:\/\/ceranordtremblant.com\/en\"},{\"@type\":\"ListItem\",\"position\":2,\"name\":\"Shop\",\"item\":\"https:\/\/ceranordtremblant.com\/en\/shop\"},{\"@type\":\"ListItem\",\"position\":3,\"name\":\"CERODEM\"}]},{\"@type\":\"WebSite\",\"@id\":\"https:\/\/ceranordtremblant.com\/#website\",\"url\":\"https:\/\/ceranordtremblant.com\/\",\"name\":\"C\u00e9ra-Nord\",\"description\":\"\",\"publisher\":{\"@id\":\"https:\/\/ceranordtremblant.com\/#organization\"},\"potentialAction\":[{\"@type\":\"SearchAction\",\"target\":{\"@type\":\"EntryPoint\",\"urlTemplate\":\"https:\/\/ceranordtremblant.com\/?s={search_term_string}\"},\"query-input\":{\"@type\":\"PropertyValueSpecification\",\"valueRequired\":true,\"valueName\":\"search_term_string\"}}],\"inLanguage\":\"en-US\"},{\"@type\":\"Organization\",\"@id\":\"https:\/\/ceranordtremblant.com\/#organization\",\"name\":\"C\u00e9ra-Nord\",\"url\":\"https:\/\/ceranordtremblant.com\/\",\"logo\":{\"@type\":\"ImageObject\",\"inLanguage\":\"en-US\",\"@id\":\"https:\/\/ceranordtremblant.com\/#\/schema\/logo\/image\/\",\"url\":\"https:\/\/ceranordtremblant.com\/wp-content\/uploads\/2024\/01\/logo-ceranord.jpg\",\"contentUrl\":\"https:\/\/ceranordtremblant.com\/wp-content\/uploads\/2024\/01\/logo-ceranord.jpg\",\"width\":200,\"height\":200,\"caption\":\"C\u00e9ra-Nord\"},\"image\":{\"@id\":\"https:\/\/ceranordtremblant.com\/#\/schema\/logo\/image\/\"},\"sameAs\":[\"https:\/\/www.facebook.com\/CeraNord\",\"https:\/\/www.instagram.com\/ceranord\/\"]}]}<\/script>\n<!-- \/ Yoast SEO plugin. -->","yoast_head_json":{"title":"CERODEM - C\u00e9ra-Nord","description":"Cerodem specializes in the distribution and import of high-quality ceramic tiles.","robots":{"index":"index","follow":"follow","max-snippet":"max-snippet:-1","max-image-preview":"max-image-preview:large","max-video-preview":"max-video-preview:-1"},"canonical":"https:\/\/ceranordtremblant.com\/en\/produit\/cerodem","og_locale":"en_US","og_type":"article","og_title":"CERODEM - C\u00e9ra-Nord","og_description":"Cerodem specializes in the distribution and import of high-quality ceramic tiles.","og_url":"https:\/\/ceranordtremblant.com\/en\/produit\/cerodem","og_site_name":"C\u00e9ra-Nord","article_publisher":"https:\/\/www.facebook.com\/CeraNord","article_modified_time":"2025-10-10T17:35:46+00:00","og_image":[{"width":2042,"height":1718,"url":"https:\/\/ceranordtremblant.com\/wp-content\/uploads\/2024\/03\/Cerodem-mosaique.jpg","type":"image\/jpeg"}],"twitter_card":"summary_large_image","twitter_misc":{"Est. reading time":"1 minute"},"schema":{"@context":"https:\/\/schema.org","@graph":[{"@type":"WebPage","@id":"https:\/\/ceranordtremblant.com\/en\/produit\/cerodem","url":"https:\/\/ceranordtremblant.com\/en\/produit\/cerodem","name":"CERODEM - C\u00e9ra-Nord","isPartOf":{"@id":"https:\/\/ceranordtremblant.com\/#website"},"primaryImageOfPage":{"@id":"https:\/\/ceranordtremblant.com\/en\/produit\/cerodem#primaryimage"},"image":{"@id":"https:\/\/ceranordtremblant.com\/en\/produit\/cerodem#primaryimage"},"thumbnailUrl":"https:\/\/ceranordtremblant.com\/wp-content\/uploads\/2024\/03\/Cerodem-mosaique.jpg","datePublished":"2024-03-13T13:08:46+00:00","dateModified":"2025-10-10T17:35:46+00:00","description":"Cerodem specializes in the distribution and import of high-quality ceramic tiles.","breadcrumb":{"@id":"https:\/\/ceranordtremblant.com\/en\/produit\/cerodem#breadcrumb"},"inLanguage":"en-US","potentialAction":[{"@type":"ReadAction","target":["https:\/\/ceranordtremblant.com\/en\/produit\/cerodem"]}]},{"@type":"ImageObject","inLanguage":"en-US","@id":"https:\/\/ceranordtremblant.com\/en\/produit\/cerodem#primaryimage","url":"https:\/\/ceranordtremblant.com\/wp-content\/uploads\/2024\/03\/Cerodem-mosaique.jpg","contentUrl":"https:\/\/ceranordtremblant.com\/wp-content\/uploads\/2024\/03\/Cerodem-mosaique.jpg","width":2042,"height":1718,"caption":"Cerodem, sp\u00e9cialis\u00e9s dans la distribution et l'importation de carreaux de c\u00e9ramique de qualit\u00e9 sup\u00e9rieure"},{"@type":"BreadcrumbList","@id":"https:\/\/ceranordtremblant.com\/en\/produit\/cerodem#breadcrumb","itemListElement":[{"@type":"ListItem","position":1,"name":"Accueil","item":"https:\/\/ceranordtremblant.com\/en"},{"@type":"ListItem","position":2,"name":"Shop","item":"https:\/\/ceranordtremblant.com\/en\/shop"},{"@type":"ListItem","position":3,"name":"CERODEM"}]},{"@type":"WebSite","@id":"https:\/\/ceranordtremblant.com\/#website","url":"https:\/\/ceranordtremblant.com\/","name":"C\u00e9ra-Nord","description":"","publisher":{"@id":"https:\/\/ceranordtremblant.com\/#organization"},"potentialAction":[{"@type":"SearchAction","target":{"@type":"EntryPoint","urlTemplate":"https:\/\/ceranordtremblant.com\/?s={search_term_string}"},"query-input":{"@type":"PropertyValueSpecification","valueRequired":true,"valueName":"search_term_string"}}],"inLanguage":"en-US"},{"@type":"Organization","@id":"https:\/\/ceranordtremblant.com\/#organization","name":"C\u00e9ra-Nord","url":"https:\/\/ceranordtremblant.com\/","logo":{"@type":"ImageObject","inLanguage":"en-US","@id":"https:\/\/ceranordtremblant.com\/#\/schema\/logo\/image\/","url":"https:\/\/ceranordtremblant.com\/wp-content\/uploads\/2024\/01\/logo-ceranord.jpg","contentUrl":"https:\/\/ceranordtremblant.com\/wp-content\/uploads\/2024\/01\/logo-ceranord.jpg","width":200,"height":200,"caption":"C\u00e9ra-Nord"},"image":{"@id":"https:\/\/ceranordtremblant.com\/#\/schema\/logo\/image\/"},"sameAs":["https:\/\/www.facebook.com\/CeraNord","https:\/\/www.instagram.com\/ceranord\/"]}]}},"_links":{"self":[{"href":"https:\/\/ceranordtremblant.com\/en\/wp-json\/wp\/v2\/product\/983","targetHints":{"allow":["GET"]}}],"collection":[{"href":"https:\/\/ceranordtremblant.com\/en\/wp-json\/wp\/v2\/product"}],"about":[{"href":"https:\/\/ceranordtremblant.com\/en\/wp-json\/wp\/v2\/types\/product"}],"wp:featuredmedia":[{"embeddable":true,"href":"https:\/\/ceranordtremblant.com\/en\/wp-json\/wp\/v2\/media\/962"}],"wp:attachment":[{"href":"https:\/\/ceranordtremblant.com\/en\/wp-json\/wp\/v2\/media?parent=983"}],"wp:term":[{"taxonomy":"product_brand","embeddable":true,"href":"https:\/\/ceranordtremblant.com\/en\/wp-json\/wp\/v2\/product_brand?post=983"},{"taxonomy":"product_cat","embeddable":true,"href":"https:\/\/ceranordtremblant.com\/en\/wp-json\/wp\/v2\/product_cat?post=983"},{"taxonomy":"product_tag","embeddable":true,"href":"https:\/\/ceranordtremblant.com\/en\/wp-json\/wp\/v2\/product_tag?post=983"}],"curies":[{"name":"wp","href":"https:\/\/api.w.org\/{rel}","templated":true}]}}