{"id":938,"date":"2024-03-12T12:46:20","date_gmt":"2024-03-12T16:46:20","guid":{"rendered":"https:\/\/ceranordtremblant.com\/?post_type=product&#038;p=938"},"modified":"2025-10-10T13:39:45","modified_gmt":"2025-10-10T17:39:45","slug":"ceramica-concept","status":"publish","type":"product","link":"https:\/\/ceranordtremblant.com\/en\/produit\/ceramica-concept","title":{"rendered":"CERAMICA CONCEPT"},"content":{"rendered":"<p data-start=\"1653\" data-end=\"1942\"><strong data-start=\"1653\" data-end=\"1696\">With roots deeply established in Quebec<\/strong>, specifically in the city of Qu\u00e9bec, <strong data-start=\"1734\" data-end=\"1754\">Ceramica Concept<\/strong> has built a strong reputation as a trusted flooring distributor.<br data-start=\"1819\" data-end=\"1822\" \/>The company\u2019s exceptional tile quality and personalized service to specialized retailers have been key to its success.<\/p>\n<p data-start=\"1944\" data-end=\"2177\">Today, <strong data-start=\"1951\" data-end=\"1971\">Ceramica Concept<\/strong> is part of the <strong data-start=\"1987\" data-end=\"2009\">Holten Impex Group<\/strong>.<br data-start=\"2010\" data-end=\"2013\" \/>This strategic acquisition has strengthened its leadership position in flooring distribution across Quebec and Ontario, driving consistent and exponential growth.<\/p>\n<p data-start=\"2179\" data-end=\"2213\"><strong data-start=\"2179\" data-end=\"2211\">Why choose Ceramica Concept?<\/strong><\/p>\n<ul data-start=\"2214\" data-end=\"2384\">\n<li data-start=\"2214\" data-end=\"2264\">\n<p data-start=\"2216\" data-end=\"2264\">Quebec roots and a commitment to local service<\/p>\n<\/li>\n<li data-start=\"2265\" data-end=\"2310\">\n<p data-start=\"2267\" data-end=\"2310\">A selection of high-quality ceramic tiles<\/p>\n<\/li>\n<li data-start=\"2311\" data-end=\"2384\">\n<p data-start=\"2313\" data-end=\"2384\">A leading position in flooring distribution across Quebec and Ontario<\/p>\n<\/li>\n<\/ul>\n<p data-start=\"2386\" data-end=\"2574\">At <strong data-start=\"2389\" data-end=\"2402\">Cera Nord<\/strong>, we are proud to include <strong data-start=\"2428\" data-end=\"2448\">Ceramica Concept<\/strong> products in our catalog, providing our clients with an even broader selection of premium-quality solutions for any project.<\/p>\n<p data-start=\"2576\" data-end=\"2599\"><strong data-start=\"2576\" data-end=\"2597\">Products offered:<\/strong><\/p>\n<ul data-start=\"2600\" data-end=\"2632\">\n<li data-start=\"2600\" data-end=\"2609\">\n<p data-start=\"2602\" data-end=\"2609\">Tiles<\/p>\n<\/li>\n<li data-start=\"2610\" data-end=\"2632\">\n<p data-start=\"2612\" data-end=\"2632\">2 cm outdoor tiles<\/p>\n<\/li>\n<\/ul>\n<p data-start=\"2634\" data-end=\"2768\">We carry samples of all our products. Visit our showroom to explore the full range of colours and finishes offered by our suppliers.<\/p>\n<p data-start=\"2770\" data-end=\"2823\"><a href=\"https:\/\/ceramicaconcept.com\/products\/tile\/\" target=\"_blank\" rel=\"noopener\">| Explore the products |<\/a><\/p>\n<p>&nbsp;<\/p>\n<h6><em>Photo credits: Ceramica Concept website<\/em><\/h6>\n","protected":false},"excerpt":{"rendered":"<p>Ceramica Concept has built a strong reputation as a flooring distributor due to its selection of high-quality ceramics.<\/p>\n","protected":false},"featured_media":939,"template":"","meta":[],"product_brand":[],"product_cat":[89,82],"product_tag":[],"class_list":{"0":"post-938","1":"product","2":"type-product","3":"status-publish","4":"has-post-thumbnail","6":"product_cat-ceramica-concept-en","7":"product_cat-tiles","9":"first","10":"instock","11":"shipping-taxable","12":"product-type-simple"},"yoast_head":"<!-- This site is optimized with the Yoast SEO plugin v26.8 - https:\/\/yoast.com\/product\/yoast-seo-wordpress\/ -->\n<title>CERAMICA CONCEPT - C\u00e9ra-Nord<\/title>\n<meta name=\"description\" content=\"Ceramica Concept has built a strong reputation as a flooring distributor due to its selection of high-quality ceramics.\" \/>\n<meta name=\"robots\" content=\"index, follow, max-snippet:-1, max-image-preview:large, max-video-preview:-1\" \/>\n<link rel=\"canonical\" href=\"https:\/\/ceranordtremblant.com\/en\/produit\/ceramica-concept\" \/>\n<meta property=\"og:locale\" content=\"en_US\" \/>\n<meta property=\"og:type\" content=\"article\" \/>\n<meta property=\"og:title\" content=\"CERAMICA CONCEPT - C\u00e9ra-Nord\" \/>\n<meta property=\"og:description\" content=\"Ceramica Concept has built a strong reputation as a flooring distributor due to its selection of high-quality ceramics.\" \/>\n<meta property=\"og:url\" content=\"https:\/\/ceranordtremblant.com\/en\/produit\/ceramica-concept\" \/>\n<meta property=\"og:site_name\" content=\"C\u00e9ra-Nord\" \/>\n<meta property=\"article:publisher\" content=\"https:\/\/www.facebook.com\/CeraNord\" \/>\n<meta property=\"article:modified_time\" content=\"2025-10-10T17:39:45+00:00\" \/>\n<meta property=\"og:image\" content=\"https:\/\/ceranordtremblant.com\/wp-content\/uploads\/2024\/03\/Ceramica-Artisian-white-brushed-wall-tile-decor-pattern-shower-bathroom-toronto-ontario-canada.jpg\" \/>\n\t<meta property=\"og:image:width\" content=\"800\" \/>\n\t<meta property=\"og:image:height\" content=\"800\" \/>\n\t<meta property=\"og:image:type\" content=\"image\/jpeg\" \/>\n<meta name=\"twitter:card\" content=\"summary_large_image\" \/>\n<meta name=\"twitter:label1\" content=\"Est. reading time\" \/>\n\t<meta name=\"twitter:data1\" content=\"2 minutes\" \/>\n<script type=\"application\/ld+json\" class=\"yoast-schema-graph\">{\"@context\":\"https:\/\/schema.org\",\"@graph\":[{\"@type\":\"WebPage\",\"@id\":\"https:\/\/ceranordtremblant.com\/en\/produit\/ceramica-concept\",\"url\":\"https:\/\/ceranordtremblant.com\/en\/produit\/ceramica-concept\",\"name\":\"CERAMICA CONCEPT - C\u00e9ra-Nord\",\"isPartOf\":{\"@id\":\"https:\/\/ceranordtremblant.com\/#website\"},\"primaryImageOfPage\":{\"@id\":\"https:\/\/ceranordtremblant.com\/en\/produit\/ceramica-concept#primaryimage\"},\"image\":{\"@id\":\"https:\/\/ceranordtremblant.com\/en\/produit\/ceramica-concept#primaryimage\"},\"thumbnailUrl\":\"https:\/\/ceranordtremblant.com\/wp-content\/uploads\/2024\/03\/Ceramica-Artisian-white-brushed-wall-tile-decor-pattern-shower-bathroom-toronto-ontario-canada.jpg\",\"datePublished\":\"2024-03-12T16:46:20+00:00\",\"dateModified\":\"2025-10-10T17:39:45+00:00\",\"description\":\"Ceramica Concept has built a strong reputation as a flooring distributor due to its selection of high-quality ceramics.\",\"breadcrumb\":{\"@id\":\"https:\/\/ceranordtremblant.com\/en\/produit\/ceramica-concept#breadcrumb\"},\"inLanguage\":\"en-US\",\"potentialAction\":[{\"@type\":\"ReadAction\",\"target\":[\"https:\/\/ceranordtremblant.com\/en\/produit\/ceramica-concept\"]}]},{\"@type\":\"ImageObject\",\"inLanguage\":\"en-US\",\"@id\":\"https:\/\/ceranordtremblant.com\/en\/produit\/ceramica-concept#primaryimage\",\"url\":\"https:\/\/ceranordtremblant.com\/wp-content\/uploads\/2024\/03\/Ceramica-Artisian-white-brushed-wall-tile-decor-pattern-shower-bathroom-toronto-ontario-canada.jpg\",\"contentUrl\":\"https:\/\/ceranordtremblant.com\/wp-content\/uploads\/2024\/03\/Ceramica-Artisian-white-brushed-wall-tile-decor-pattern-shower-bathroom-toronto-ontario-canada.jpg\",\"width\":800,\"height\":800,\"caption\":\"Ceramica Concept a acquis une solide r\u00e9putation en tant que distributeur de couvre-plancher gr\u00e2ce \u00e0 sa s\u00e9lection de c\u00e9ramiques de haute qualit\u00e9.\"},{\"@type\":\"BreadcrumbList\",\"@id\":\"https:\/\/ceranordtremblant.com\/en\/produit\/ceramica-concept#breadcrumb\",\"itemListElement\":[{\"@type\":\"ListItem\",\"position\":1,\"name\":\"Accueil\",\"item\":\"https:\/\/ceranordtremblant.com\/en\"},{\"@type\":\"ListItem\",\"position\":2,\"name\":\"Shop\",\"item\":\"https:\/\/ceranordtremblant.com\/en\/shop\"},{\"@type\":\"ListItem\",\"position\":3,\"name\":\"CERAMICA CONCEPT\"}]},{\"@type\":\"WebSite\",\"@id\":\"https:\/\/ceranordtremblant.com\/#website\",\"url\":\"https:\/\/ceranordtremblant.com\/\",\"name\":\"C\u00e9ra-Nord\",\"description\":\"\",\"publisher\":{\"@id\":\"https:\/\/ceranordtremblant.com\/#organization\"},\"potentialAction\":[{\"@type\":\"SearchAction\",\"target\":{\"@type\":\"EntryPoint\",\"urlTemplate\":\"https:\/\/ceranordtremblant.com\/?s={search_term_string}\"},\"query-input\":{\"@type\":\"PropertyValueSpecification\",\"valueRequired\":true,\"valueName\":\"search_term_string\"}}],\"inLanguage\":\"en-US\"},{\"@type\":\"Organization\",\"@id\":\"https:\/\/ceranordtremblant.com\/#organization\",\"name\":\"C\u00e9ra-Nord\",\"url\":\"https:\/\/ceranordtremblant.com\/\",\"logo\":{\"@type\":\"ImageObject\",\"inLanguage\":\"en-US\",\"@id\":\"https:\/\/ceranordtremblant.com\/#\/schema\/logo\/image\/\",\"url\":\"https:\/\/ceranordtremblant.com\/wp-content\/uploads\/2024\/01\/logo-ceranord.jpg\",\"contentUrl\":\"https:\/\/ceranordtremblant.com\/wp-content\/uploads\/2024\/01\/logo-ceranord.jpg\",\"width\":200,\"height\":200,\"caption\":\"C\u00e9ra-Nord\"},\"image\":{\"@id\":\"https:\/\/ceranordtremblant.com\/#\/schema\/logo\/image\/\"},\"sameAs\":[\"https:\/\/www.facebook.com\/CeraNord\",\"https:\/\/www.instagram.com\/ceranord\/\"]}]}<\/script>\n<!-- \/ Yoast SEO plugin. -->","yoast_head_json":{"title":"CERAMICA CONCEPT - C\u00e9ra-Nord","description":"Ceramica Concept has built a strong reputation as a flooring distributor due to its selection of high-quality ceramics.","robots":{"index":"index","follow":"follow","max-snippet":"max-snippet:-1","max-image-preview":"max-image-preview:large","max-video-preview":"max-video-preview:-1"},"canonical":"https:\/\/ceranordtremblant.com\/en\/produit\/ceramica-concept","og_locale":"en_US","og_type":"article","og_title":"CERAMICA CONCEPT - C\u00e9ra-Nord","og_description":"Ceramica Concept has built a strong reputation as a flooring distributor due to its selection of high-quality ceramics.","og_url":"https:\/\/ceranordtremblant.com\/en\/produit\/ceramica-concept","og_site_name":"C\u00e9ra-Nord","article_publisher":"https:\/\/www.facebook.com\/CeraNord","article_modified_time":"2025-10-10T17:39:45+00:00","og_image":[{"width":800,"height":800,"url":"https:\/\/ceranordtremblant.com\/wp-content\/uploads\/2024\/03\/Ceramica-Artisian-white-brushed-wall-tile-decor-pattern-shower-bathroom-toronto-ontario-canada.jpg","type":"image\/jpeg"}],"twitter_card":"summary_large_image","twitter_misc":{"Est. reading time":"2 minutes"},"schema":{"@context":"https:\/\/schema.org","@graph":[{"@type":"WebPage","@id":"https:\/\/ceranordtremblant.com\/en\/produit\/ceramica-concept","url":"https:\/\/ceranordtremblant.com\/en\/produit\/ceramica-concept","name":"CERAMICA CONCEPT - C\u00e9ra-Nord","isPartOf":{"@id":"https:\/\/ceranordtremblant.com\/#website"},"primaryImageOfPage":{"@id":"https:\/\/ceranordtremblant.com\/en\/produit\/ceramica-concept#primaryimage"},"image":{"@id":"https:\/\/ceranordtremblant.com\/en\/produit\/ceramica-concept#primaryimage"},"thumbnailUrl":"https:\/\/ceranordtremblant.com\/wp-content\/uploads\/2024\/03\/Ceramica-Artisian-white-brushed-wall-tile-decor-pattern-shower-bathroom-toronto-ontario-canada.jpg","datePublished":"2024-03-12T16:46:20+00:00","dateModified":"2025-10-10T17:39:45+00:00","description":"Ceramica Concept has built a strong reputation as a flooring distributor due to its selection of high-quality ceramics.","breadcrumb":{"@id":"https:\/\/ceranordtremblant.com\/en\/produit\/ceramica-concept#breadcrumb"},"inLanguage":"en-US","potentialAction":[{"@type":"ReadAction","target":["https:\/\/ceranordtremblant.com\/en\/produit\/ceramica-concept"]}]},{"@type":"ImageObject","inLanguage":"en-US","@id":"https:\/\/ceranordtremblant.com\/en\/produit\/ceramica-concept#primaryimage","url":"https:\/\/ceranordtremblant.com\/wp-content\/uploads\/2024\/03\/Ceramica-Artisian-white-brushed-wall-tile-decor-pattern-shower-bathroom-toronto-ontario-canada.jpg","contentUrl":"https:\/\/ceranordtremblant.com\/wp-content\/uploads\/2024\/03\/Ceramica-Artisian-white-brushed-wall-tile-decor-pattern-shower-bathroom-toronto-ontario-canada.jpg","width":800,"height":800,"caption":"Ceramica Concept a acquis une solide r\u00e9putation en tant que distributeur de couvre-plancher gr\u00e2ce \u00e0 sa s\u00e9lection de c\u00e9ramiques de haute qualit\u00e9."},{"@type":"BreadcrumbList","@id":"https:\/\/ceranordtremblant.com\/en\/produit\/ceramica-concept#breadcrumb","itemListElement":[{"@type":"ListItem","position":1,"name":"Accueil","item":"https:\/\/ceranordtremblant.com\/en"},{"@type":"ListItem","position":2,"name":"Shop","item":"https:\/\/ceranordtremblant.com\/en\/shop"},{"@type":"ListItem","position":3,"name":"CERAMICA CONCEPT"}]},{"@type":"WebSite","@id":"https:\/\/ceranordtremblant.com\/#website","url":"https:\/\/ceranordtremblant.com\/","name":"C\u00e9ra-Nord","description":"","publisher":{"@id":"https:\/\/ceranordtremblant.com\/#organization"},"potentialAction":[{"@type":"SearchAction","target":{"@type":"EntryPoint","urlTemplate":"https:\/\/ceranordtremblant.com\/?s={search_term_string}"},"query-input":{"@type":"PropertyValueSpecification","valueRequired":true,"valueName":"search_term_string"}}],"inLanguage":"en-US"},{"@type":"Organization","@id":"https:\/\/ceranordtremblant.com\/#organization","name":"C\u00e9ra-Nord","url":"https:\/\/ceranordtremblant.com\/","logo":{"@type":"ImageObject","inLanguage":"en-US","@id":"https:\/\/ceranordtremblant.com\/#\/schema\/logo\/image\/","url":"https:\/\/ceranordtremblant.com\/wp-content\/uploads\/2024\/01\/logo-ceranord.jpg","contentUrl":"https:\/\/ceranordtremblant.com\/wp-content\/uploads\/2024\/01\/logo-ceranord.jpg","width":200,"height":200,"caption":"C\u00e9ra-Nord"},"image":{"@id":"https:\/\/ceranordtremblant.com\/#\/schema\/logo\/image\/"},"sameAs":["https:\/\/www.facebook.com\/CeraNord","https:\/\/www.instagram.com\/ceranord\/"]}]}},"_links":{"self":[{"href":"https:\/\/ceranordtremblant.com\/en\/wp-json\/wp\/v2\/product\/938","targetHints":{"allow":["GET"]}}],"collection":[{"href":"https:\/\/ceranordtremblant.com\/en\/wp-json\/wp\/v2\/product"}],"about":[{"href":"https:\/\/ceranordtremblant.com\/en\/wp-json\/wp\/v2\/types\/product"}],"wp:featuredmedia":[{"embeddable":true,"href":"https:\/\/ceranordtremblant.com\/en\/wp-json\/wp\/v2\/media\/939"}],"wp:attachment":[{"href":"https:\/\/ceranordtremblant.com\/en\/wp-json\/wp\/v2\/media?parent=938"}],"wp:term":[{"taxonomy":"product_brand","embeddable":true,"href":"https:\/\/ceranordtremblant.com\/en\/wp-json\/wp\/v2\/product_brand?post=938"},{"taxonomy":"product_cat","embeddable":true,"href":"https:\/\/ceranordtremblant.com\/en\/wp-json\/wp\/v2\/product_cat?post=938"},{"taxonomy":"product_tag","embeddable":true,"href":"https:\/\/ceranordtremblant.com\/en\/wp-json\/wp\/v2\/product_tag?post=938"}],"curies":[{"name":"wp","href":"https:\/\/api.w.org\/{rel}","templated":true}]}}