{"id":902,"date":"2024-03-12T11:52:59","date_gmt":"2024-03-12T15:52:59","guid":{"rendered":"https:\/\/ceranordtremblant.com\/produit\/carreaux-metro\/"},"modified":"2025-10-10T13:46:27","modified_gmt":"2025-10-10T17:46:27","slug":"carreaux-metro","status":"publish","type":"product","link":"https:\/\/ceranordtremblant.com\/en\/produit\/carreaux-metro","title":{"rendered":"CARREAUX METRO"},"content":{"rendered":"<p data-start=\"1668\" data-end=\"1761\">At <strong data-start=\"1671\" data-end=\"1684\">Cera Nord<\/strong>, we are delighted to offer the exceptional products of <strong data-start=\"1740\" data-end=\"1758\">Carreaux M\u00e9tro<\/strong>.<\/p>\n<p data-start=\"1763\" data-end=\"2229\">Since <strong data-start=\"1769\" data-end=\"1777\">1984<\/strong>, <strong data-start=\"1779\" data-end=\"1806\">Les Carreaux M\u00e9tro inc.<\/strong> has specialized in the import and retail of ceramic tiles from <strong data-start=\"1870\" data-end=\"1879\">Italy<\/strong>, <strong data-start=\"1881\" data-end=\"1890\">Spain<\/strong>, <strong data-start=\"1892\" data-end=\"1901\">Dubai<\/strong>, and <strong data-start=\"1907\" data-end=\"1917\">Turkey<\/strong>, providing customers with the latest trends in the industry.<br data-start=\"1978\" data-end=\"1981\" \/>Imported directly from <strong data-start=\"2004\" data-end=\"2013\">Italy<\/strong>, <strong data-start=\"2015\" data-end=\"2024\">Spain<\/strong>, <strong data-start=\"2026\" data-end=\"2038\">Portugal<\/strong>, <strong data-start=\"2040\" data-end=\"2049\">China<\/strong>, and <strong data-start=\"2055\" data-end=\"2064\">India<\/strong>, their products meet the highest quality standards while remaining competitively priced \u2014 allowing you to bring your projects to life with simplicity and passion.<\/p>\n<p data-start=\"2231\" data-end=\"2263\"><strong data-start=\"2231\" data-end=\"2261\">Why choose Carreaux M\u00e9tro?<\/strong><\/p>\n<ul data-start=\"2264\" data-end=\"2443\">\n<li data-start=\"2264\" data-end=\"2353\">\n<p data-start=\"2266\" data-end=\"2353\"><strong data-start=\"2266\" data-end=\"2289\">Unmatched selection<\/strong>: a wide variety of styles and inspirations for every project.<\/p>\n<\/li>\n<li data-start=\"2354\" data-end=\"2443\">\n<p data-start=\"2356\" data-end=\"2443\"><strong data-start=\"2356\" data-end=\"2382\">High quality standards<\/strong>: products imported from the world\u2019s leading manufacturers.<\/p>\n<\/li>\n<\/ul>\n<p data-start=\"2445\" data-end=\"2701\">We are committed to providing aesthetic and durable solutions for all your construction and interior design projects.<br data-start=\"2562\" data-end=\"2565\" \/>By integrating <strong data-start=\"2580\" data-end=\"2598\">Carreaux M\u00e9tro<\/strong> products into our catalog, we can better meet your needs with innovative and high-quality solutions.<\/p>\n<p data-start=\"2703\" data-end=\"2836\">We carry samples of all our products. Visit our showroom to explore the full range of colours and finishes offered by our supplier.<\/p>\n<p data-start=\"2838\" data-end=\"2891\"><a href=\"https:\/\/carreauxmetro.com\/en\/collections\/\" target=\"_blank\" rel=\"noopener\">| Explore the products |<\/a><\/p>\n<p>&nbsp;<\/p>\n<h6><em>Photo credits: Carreaux Metro website<\/em><\/h6>\n","protected":false},"excerpt":{"rendered":"<p>Carreaux Metro Inc. specializes in importing ceramic tiles from Italy, Spain, Dubai, and Turkey, offering the latest trends in coverings.<\/p>\n","protected":false},"featured_media":887,"template":"","meta":[],"product_brand":[],"product_cat":[87,82],"product_tag":[],"class_list":{"0":"post-902","1":"product","2":"type-product","3":"status-publish","4":"has-post-thumbnail","6":"product_cat-carreaux-metro-inc","7":"product_cat-tiles","9":"first","10":"instock","11":"shipping-taxable","12":"product-type-simple"},"yoast_head":"<!-- This site is optimized with the Yoast SEO plugin v26.8 - https:\/\/yoast.com\/product\/yoast-seo-wordpress\/ -->\n<title>CARREAUX METRO - C\u00e9ra-Nord<\/title>\n<meta name=\"description\" content=\"Carreaux Metro Inc. specializes in importing ceramic tiles from Italy, Spain, Dubai, and Turkey, offering the latest trends in coverings.\" \/>\n<meta name=\"robots\" content=\"index, follow, max-snippet:-1, max-image-preview:large, max-video-preview:-1\" \/>\n<link rel=\"canonical\" href=\"https:\/\/ceranordtremblant.com\/en\/produit\/carreaux-metro\" \/>\n<meta property=\"og:locale\" content=\"en_US\" \/>\n<meta property=\"og:type\" content=\"article\" \/>\n<meta property=\"og:title\" content=\"CARREAUX METRO - C\u00e9ra-Nord\" \/>\n<meta property=\"og:description\" content=\"Carreaux Metro Inc. specializes in importing ceramic tiles from Italy, Spain, Dubai, and Turkey, offering the latest trends in coverings.\" \/>\n<meta property=\"og:url\" content=\"https:\/\/ceranordtremblant.com\/en\/produit\/carreaux-metro\" \/>\n<meta property=\"og:site_name\" content=\"C\u00e9ra-Nord\" \/>\n<meta property=\"article:publisher\" content=\"https:\/\/www.facebook.com\/CeraNord\" \/>\n<meta property=\"article:modified_time\" content=\"2025-10-10T17:46:27+00:00\" \/>\n<meta property=\"og:image\" content=\"https:\/\/ceranordtremblant.com\/wp-content\/uploads\/2024\/03\/Carreaux-metro-Alpine-Terrazzo.jpg\" \/>\n\t<meta property=\"og:image:width\" content=\"1643\" \/>\n\t<meta property=\"og:image:height\" content=\"2048\" \/>\n\t<meta property=\"og:image:type\" content=\"image\/jpeg\" \/>\n<meta name=\"twitter:card\" content=\"summary_large_image\" \/>\n<meta name=\"twitter:label1\" content=\"Est. reading time\" \/>\n\t<meta name=\"twitter:data1\" content=\"2 minutes\" \/>\n<script type=\"application\/ld+json\" class=\"yoast-schema-graph\">{\"@context\":\"https:\/\/schema.org\",\"@graph\":[{\"@type\":\"WebPage\",\"@id\":\"https:\/\/ceranordtremblant.com\/en\/produit\/carreaux-metro\",\"url\":\"https:\/\/ceranordtremblant.com\/en\/produit\/carreaux-metro\",\"name\":\"CARREAUX METRO - C\u00e9ra-Nord\",\"isPartOf\":{\"@id\":\"https:\/\/ceranordtremblant.com\/#website\"},\"primaryImageOfPage\":{\"@id\":\"https:\/\/ceranordtremblant.com\/en\/produit\/carreaux-metro#primaryimage\"},\"image\":{\"@id\":\"https:\/\/ceranordtremblant.com\/en\/produit\/carreaux-metro#primaryimage\"},\"thumbnailUrl\":\"https:\/\/ceranordtremblant.com\/wp-content\/uploads\/2024\/03\/Carreaux-metro-Alpine-Terrazzo.jpg\",\"datePublished\":\"2024-03-12T15:52:59+00:00\",\"dateModified\":\"2025-10-10T17:46:27+00:00\",\"description\":\"Carreaux Metro Inc. specializes in importing ceramic tiles from Italy, Spain, Dubai, and Turkey, offering the latest trends in coverings.\",\"breadcrumb\":{\"@id\":\"https:\/\/ceranordtremblant.com\/en\/produit\/carreaux-metro#breadcrumb\"},\"inLanguage\":\"en-US\",\"potentialAction\":[{\"@type\":\"ReadAction\",\"target\":[\"https:\/\/ceranordtremblant.com\/en\/produit\/carreaux-metro\"]}]},{\"@type\":\"ImageObject\",\"inLanguage\":\"en-US\",\"@id\":\"https:\/\/ceranordtremblant.com\/en\/produit\/carreaux-metro#primaryimage\",\"url\":\"https:\/\/ceranordtremblant.com\/wp-content\/uploads\/2024\/03\/Carreaux-metro-Alpine-Terrazzo.jpg\",\"contentUrl\":\"https:\/\/ceranordtremblant.com\/wp-content\/uploads\/2024\/03\/Carreaux-metro-Alpine-Terrazzo.jpg\",\"width\":1643,\"height\":2048,\"caption\":\"Les Carreaux Metro Inc. se sp\u00e9cialise dans l'importation de carreaux de c\u00e9ramique en provenance d'Italie, d'Espagne, de Dubai et de Turquie, offrant ainsi les toutes derni\u00e8res tendances en mati\u00e8re de rev\u00eatements.\"},{\"@type\":\"BreadcrumbList\",\"@id\":\"https:\/\/ceranordtremblant.com\/en\/produit\/carreaux-metro#breadcrumb\",\"itemListElement\":[{\"@type\":\"ListItem\",\"position\":1,\"name\":\"Accueil\",\"item\":\"https:\/\/ceranordtremblant.com\/en\"},{\"@type\":\"ListItem\",\"position\":2,\"name\":\"Shop\",\"item\":\"https:\/\/ceranordtremblant.com\/en\/shop\"},{\"@type\":\"ListItem\",\"position\":3,\"name\":\"CARREAUX METRO\"}]},{\"@type\":\"WebSite\",\"@id\":\"https:\/\/ceranordtremblant.com\/#website\",\"url\":\"https:\/\/ceranordtremblant.com\/\",\"name\":\"C\u00e9ra-Nord\",\"description\":\"\",\"publisher\":{\"@id\":\"https:\/\/ceranordtremblant.com\/#organization\"},\"potentialAction\":[{\"@type\":\"SearchAction\",\"target\":{\"@type\":\"EntryPoint\",\"urlTemplate\":\"https:\/\/ceranordtremblant.com\/?s={search_term_string}\"},\"query-input\":{\"@type\":\"PropertyValueSpecification\",\"valueRequired\":true,\"valueName\":\"search_term_string\"}}],\"inLanguage\":\"en-US\"},{\"@type\":\"Organization\",\"@id\":\"https:\/\/ceranordtremblant.com\/#organization\",\"name\":\"C\u00e9ra-Nord\",\"url\":\"https:\/\/ceranordtremblant.com\/\",\"logo\":{\"@type\":\"ImageObject\",\"inLanguage\":\"en-US\",\"@id\":\"https:\/\/ceranordtremblant.com\/#\/schema\/logo\/image\/\",\"url\":\"https:\/\/ceranordtremblant.com\/wp-content\/uploads\/2024\/01\/logo-ceranord.jpg\",\"contentUrl\":\"https:\/\/ceranordtremblant.com\/wp-content\/uploads\/2024\/01\/logo-ceranord.jpg\",\"width\":200,\"height\":200,\"caption\":\"C\u00e9ra-Nord\"},\"image\":{\"@id\":\"https:\/\/ceranordtremblant.com\/#\/schema\/logo\/image\/\"},\"sameAs\":[\"https:\/\/www.facebook.com\/CeraNord\",\"https:\/\/www.instagram.com\/ceranord\/\"]}]}<\/script>\n<!-- \/ Yoast SEO plugin. -->","yoast_head_json":{"title":"CARREAUX METRO - C\u00e9ra-Nord","description":"Carreaux Metro Inc. specializes in importing ceramic tiles from Italy, Spain, Dubai, and Turkey, offering the latest trends in coverings.","robots":{"index":"index","follow":"follow","max-snippet":"max-snippet:-1","max-image-preview":"max-image-preview:large","max-video-preview":"max-video-preview:-1"},"canonical":"https:\/\/ceranordtremblant.com\/en\/produit\/carreaux-metro","og_locale":"en_US","og_type":"article","og_title":"CARREAUX METRO - C\u00e9ra-Nord","og_description":"Carreaux Metro Inc. specializes in importing ceramic tiles from Italy, Spain, Dubai, and Turkey, offering the latest trends in coverings.","og_url":"https:\/\/ceranordtremblant.com\/en\/produit\/carreaux-metro","og_site_name":"C\u00e9ra-Nord","article_publisher":"https:\/\/www.facebook.com\/CeraNord","article_modified_time":"2025-10-10T17:46:27+00:00","og_image":[{"width":1643,"height":2048,"url":"https:\/\/ceranordtremblant.com\/wp-content\/uploads\/2024\/03\/Carreaux-metro-Alpine-Terrazzo.jpg","type":"image\/jpeg"}],"twitter_card":"summary_large_image","twitter_misc":{"Est. reading time":"2 minutes"},"schema":{"@context":"https:\/\/schema.org","@graph":[{"@type":"WebPage","@id":"https:\/\/ceranordtremblant.com\/en\/produit\/carreaux-metro","url":"https:\/\/ceranordtremblant.com\/en\/produit\/carreaux-metro","name":"CARREAUX METRO - C\u00e9ra-Nord","isPartOf":{"@id":"https:\/\/ceranordtremblant.com\/#website"},"primaryImageOfPage":{"@id":"https:\/\/ceranordtremblant.com\/en\/produit\/carreaux-metro#primaryimage"},"image":{"@id":"https:\/\/ceranordtremblant.com\/en\/produit\/carreaux-metro#primaryimage"},"thumbnailUrl":"https:\/\/ceranordtremblant.com\/wp-content\/uploads\/2024\/03\/Carreaux-metro-Alpine-Terrazzo.jpg","datePublished":"2024-03-12T15:52:59+00:00","dateModified":"2025-10-10T17:46:27+00:00","description":"Carreaux Metro Inc. specializes in importing ceramic tiles from Italy, Spain, Dubai, and Turkey, offering the latest trends in coverings.","breadcrumb":{"@id":"https:\/\/ceranordtremblant.com\/en\/produit\/carreaux-metro#breadcrumb"},"inLanguage":"en-US","potentialAction":[{"@type":"ReadAction","target":["https:\/\/ceranordtremblant.com\/en\/produit\/carreaux-metro"]}]},{"@type":"ImageObject","inLanguage":"en-US","@id":"https:\/\/ceranordtremblant.com\/en\/produit\/carreaux-metro#primaryimage","url":"https:\/\/ceranordtremblant.com\/wp-content\/uploads\/2024\/03\/Carreaux-metro-Alpine-Terrazzo.jpg","contentUrl":"https:\/\/ceranordtremblant.com\/wp-content\/uploads\/2024\/03\/Carreaux-metro-Alpine-Terrazzo.jpg","width":1643,"height":2048,"caption":"Les Carreaux Metro Inc. se sp\u00e9cialise dans l'importation de carreaux de c\u00e9ramique en provenance d'Italie, d'Espagne, de Dubai et de Turquie, offrant ainsi les toutes derni\u00e8res tendances en mati\u00e8re de rev\u00eatements."},{"@type":"BreadcrumbList","@id":"https:\/\/ceranordtremblant.com\/en\/produit\/carreaux-metro#breadcrumb","itemListElement":[{"@type":"ListItem","position":1,"name":"Accueil","item":"https:\/\/ceranordtremblant.com\/en"},{"@type":"ListItem","position":2,"name":"Shop","item":"https:\/\/ceranordtremblant.com\/en\/shop"},{"@type":"ListItem","position":3,"name":"CARREAUX METRO"}]},{"@type":"WebSite","@id":"https:\/\/ceranordtremblant.com\/#website","url":"https:\/\/ceranordtremblant.com\/","name":"C\u00e9ra-Nord","description":"","publisher":{"@id":"https:\/\/ceranordtremblant.com\/#organization"},"potentialAction":[{"@type":"SearchAction","target":{"@type":"EntryPoint","urlTemplate":"https:\/\/ceranordtremblant.com\/?s={search_term_string}"},"query-input":{"@type":"PropertyValueSpecification","valueRequired":true,"valueName":"search_term_string"}}],"inLanguage":"en-US"},{"@type":"Organization","@id":"https:\/\/ceranordtremblant.com\/#organization","name":"C\u00e9ra-Nord","url":"https:\/\/ceranordtremblant.com\/","logo":{"@type":"ImageObject","inLanguage":"en-US","@id":"https:\/\/ceranordtremblant.com\/#\/schema\/logo\/image\/","url":"https:\/\/ceranordtremblant.com\/wp-content\/uploads\/2024\/01\/logo-ceranord.jpg","contentUrl":"https:\/\/ceranordtremblant.com\/wp-content\/uploads\/2024\/01\/logo-ceranord.jpg","width":200,"height":200,"caption":"C\u00e9ra-Nord"},"image":{"@id":"https:\/\/ceranordtremblant.com\/#\/schema\/logo\/image\/"},"sameAs":["https:\/\/www.facebook.com\/CeraNord","https:\/\/www.instagram.com\/ceranord\/"]}]}},"_links":{"self":[{"href":"https:\/\/ceranordtremblant.com\/en\/wp-json\/wp\/v2\/product\/902","targetHints":{"allow":["GET"]}}],"collection":[{"href":"https:\/\/ceranordtremblant.com\/en\/wp-json\/wp\/v2\/product"}],"about":[{"href":"https:\/\/ceranordtremblant.com\/en\/wp-json\/wp\/v2\/types\/product"}],"wp:featuredmedia":[{"embeddable":true,"href":"https:\/\/ceranordtremblant.com\/en\/wp-json\/wp\/v2\/media\/887"}],"wp:attachment":[{"href":"https:\/\/ceranordtremblant.com\/en\/wp-json\/wp\/v2\/media?parent=902"}],"wp:term":[{"taxonomy":"product_brand","embeddable":true,"href":"https:\/\/ceranordtremblant.com\/en\/wp-json\/wp\/v2\/product_brand?post=902"},{"taxonomy":"product_cat","embeddable":true,"href":"https:\/\/ceranordtremblant.com\/en\/wp-json\/wp\/v2\/product_cat?post=902"},{"taxonomy":"product_tag","embeddable":true,"href":"https:\/\/ceranordtremblant.com\/en\/wp-json\/wp\/v2\/product_tag?post=902"}],"curies":[{"name":"wp","href":"https:\/\/api.w.org\/{rel}","templated":true}]}}