{"id":844,"date":"2024-03-12T10:23:39","date_gmt":"2024-03-12T14:23:39","guid":{"rendered":"https:\/\/ceranordtremblant.com\/produit\/rinox\/"},"modified":"2025-10-10T13:47:54","modified_gmt":"2025-10-10T17:47:54","slug":"rinox","status":"publish","type":"product","link":"https:\/\/ceranordtremblant.com\/en\/produit\/rinox","title":{"rendered":"RINOX"},"content":{"rendered":"<p data-start=\"1142\" data-end=\"1457\">With over <strong data-start=\"1152\" data-end=\"1178\">25 years of experience<\/strong>, <strong data-start=\"1180\" data-end=\"1189\">Rinox<\/strong> manufactures high-quality concrete products known for their <strong data-start=\"1250\" data-end=\"1265\">performance<\/strong> and <strong data-start=\"1270\" data-end=\"1282\">prestige<\/strong>.<br data-start=\"1283\" data-end=\"1286\" \/>They offer three outstanding collections \u2014 <strong data-start=\"1329\" data-end=\"1344\">Landscaping<\/strong>, <strong data-start=\"1346\" data-end=\"1357\">Masonry<\/strong>, and <strong data-start=\"1363\" data-end=\"1386\">Alternative Masonry<\/strong> \u2014 each showcasing exceptional craftsmanship, durability, and design.<\/p>\n<p data-start=\"1459\" data-end=\"1485\"><strong data-start=\"1459\" data-end=\"1483\">Collections offered:<\/strong><\/p>\n<ul data-start=\"1486\" data-end=\"1717\">\n<li data-start=\"1486\" data-end=\"1531\">\n<p data-start=\"1488\" data-end=\"1531\"><strong data-start=\"1488\" data-end=\"1510\">Masonry Collection<\/strong>: stones and bricks<\/p>\n<\/li>\n<li data-start=\"1532\" data-end=\"1621\">\n<p data-start=\"1534\" data-end=\"1621\"><strong data-start=\"1534\" data-end=\"1560\">Landscaping Collection<\/strong>: slabs, pavers, walls, fireplaces, columns, steps &amp; coping<\/p>\n<\/li>\n<li data-start=\"1622\" data-end=\"1717\">\n<p data-start=\"1624\" data-end=\"1717\"><strong data-start=\"1624\" data-end=\"1658\">Alternative Masonry Collection<\/strong>: innovative and contemporary designs for unique projects<\/p>\n<\/li>\n<\/ul>\n<p data-start=\"1719\" data-end=\"1852\">We carry samples of all our products. Visit our showroom to explore the full range of colours and finishes offered by our supplier.<\/p>\n<p data-start=\"1854\" data-end=\"1907\"><a href=\"https:\/\/www.rinox.com\/en\/collections\/masonry\/\" target=\"_blank\" rel=\"noopener\">| Explore the products |<\/a><\/p>\n<p>&nbsp;<\/p>\n<h6><em>Photo credits: Rinox website<\/em><\/h6>\n","protected":false},"excerpt":{"rendered":"<p>With over 25 years of experience, Rinox is a manufacturer of high-quality concrete products known for their performance and prestige. They offer three exceptional collections: Landscaping, Masonry, and Alternative Masonry.<\/p>\n","protected":false},"featured_media":831,"template":"","meta":[],"product_brand":[],"product_cat":[80,77],"product_tag":[],"class_list":{"0":"post-844","1":"product","2":"type-product","3":"status-publish","4":"has-post-thumbnail","6":"product_cat-rinox","7":"product_cat-stones","9":"first","10":"instock","11":"shipping-taxable","12":"product-type-simple"},"yoast_head":"<!-- This site is optimized with the Yoast SEO plugin v26.8 - https:\/\/yoast.com\/product\/yoast-seo-wordpress\/ -->\n<title>RINOX - C\u00e9ra-Nord<\/title>\n<meta name=\"description\" content=\"With over 25 years of experience, Rinox is a manufacturer of high-quality concrete products known for their performance and prestige. They offer three exceptional collections: Landscaping, Masonry, and Alternative Masonry.\" \/>\n<meta name=\"robots\" content=\"index, follow, max-snippet:-1, max-image-preview:large, max-video-preview:-1\" \/>\n<link rel=\"canonical\" href=\"https:\/\/ceranordtremblant.com\/en\/produit\/rinox\" \/>\n<meta property=\"og:locale\" content=\"en_US\" \/>\n<meta property=\"og:type\" content=\"article\" \/>\n<meta property=\"og:title\" content=\"RINOX - C\u00e9ra-Nord\" \/>\n<meta property=\"og:description\" content=\"With over 25 years of experience, Rinox is a manufacturer of high-quality concrete products known for their performance and prestige. They offer three exceptional collections: Landscaping, Masonry, and Alternative Masonry.\" \/>\n<meta property=\"og:url\" content=\"https:\/\/ceranordtremblant.com\/en\/produit\/rinox\" \/>\n<meta property=\"og:site_name\" content=\"C\u00e9ra-Nord\" \/>\n<meta property=\"article:publisher\" content=\"https:\/\/www.facebook.com\/CeraNord\" \/>\n<meta property=\"article:modified_time\" content=\"2025-10-10T17:47:54+00:00\" \/>\n<meta property=\"og:image\" content=\"https:\/\/ceranordtremblant.com\/wp-content\/uploads\/2024\/03\/Rinox-interieur-1024x638.png\" \/>\n\t<meta property=\"og:image:width\" content=\"1024\" \/>\n\t<meta property=\"og:image:height\" content=\"638\" \/>\n\t<meta property=\"og:image:type\" content=\"image\/png\" \/>\n<meta name=\"twitter:card\" content=\"summary_large_image\" \/>\n<meta name=\"twitter:label1\" content=\"Est. reading time\" \/>\n\t<meta name=\"twitter:data1\" content=\"1 minute\" \/>\n<script type=\"application\/ld+json\" class=\"yoast-schema-graph\">{\"@context\":\"https:\/\/schema.org\",\"@graph\":[{\"@type\":\"WebPage\",\"@id\":\"https:\/\/ceranordtremblant.com\/en\/produit\/rinox\",\"url\":\"https:\/\/ceranordtremblant.com\/en\/produit\/rinox\",\"name\":\"RINOX - C\u00e9ra-Nord\",\"isPartOf\":{\"@id\":\"https:\/\/ceranordtremblant.com\/#website\"},\"primaryImageOfPage\":{\"@id\":\"https:\/\/ceranordtremblant.com\/en\/produit\/rinox#primaryimage\"},\"image\":{\"@id\":\"https:\/\/ceranordtremblant.com\/en\/produit\/rinox#primaryimage\"},\"thumbnailUrl\":\"https:\/\/ceranordtremblant.com\/wp-content\/uploads\/2024\/03\/Rinox-interieur.png\",\"datePublished\":\"2024-03-12T14:23:39+00:00\",\"dateModified\":\"2025-10-10T17:47:54+00:00\",\"description\":\"With over 25 years of experience, Rinox is a manufacturer of high-quality concrete products known for their performance and prestige. They offer three exceptional collections: Landscaping, Masonry, and Alternative Masonry.\",\"breadcrumb\":{\"@id\":\"https:\/\/ceranordtremblant.com\/en\/produit\/rinox#breadcrumb\"},\"inLanguage\":\"en-US\",\"potentialAction\":[{\"@type\":\"ReadAction\",\"target\":[\"https:\/\/ceranordtremblant.com\/en\/produit\/rinox\"]}]},{\"@type\":\"ImageObject\",\"inLanguage\":\"en-US\",\"@id\":\"https:\/\/ceranordtremblant.com\/en\/produit\/rinox#primaryimage\",\"url\":\"https:\/\/ceranordtremblant.com\/wp-content\/uploads\/2024\/03\/Rinox-interieur.png\",\"contentUrl\":\"https:\/\/ceranordtremblant.com\/wp-content\/uploads\/2024\/03\/Rinox-interieur.png\",\"width\":2170,\"height\":1352,\"caption\":\"Rinox, +25 ans d'exp\u00e9rience, offre produits b\u00e9ton haut de gamme en Am\u00e9nagement, Ma\u00e7onnerie, Ma\u00e7onnerie alternative - prestige et performance.\"},{\"@type\":\"BreadcrumbList\",\"@id\":\"https:\/\/ceranordtremblant.com\/en\/produit\/rinox#breadcrumb\",\"itemListElement\":[{\"@type\":\"ListItem\",\"position\":1,\"name\":\"Accueil\",\"item\":\"https:\/\/ceranordtremblant.com\/en\"},{\"@type\":\"ListItem\",\"position\":2,\"name\":\"Shop\",\"item\":\"https:\/\/ceranordtremblant.com\/en\/shop\"},{\"@type\":\"ListItem\",\"position\":3,\"name\":\"RINOX\"}]},{\"@type\":\"WebSite\",\"@id\":\"https:\/\/ceranordtremblant.com\/#website\",\"url\":\"https:\/\/ceranordtremblant.com\/\",\"name\":\"C\u00e9ra-Nord\",\"description\":\"\",\"publisher\":{\"@id\":\"https:\/\/ceranordtremblant.com\/#organization\"},\"potentialAction\":[{\"@type\":\"SearchAction\",\"target\":{\"@type\":\"EntryPoint\",\"urlTemplate\":\"https:\/\/ceranordtremblant.com\/?s={search_term_string}\"},\"query-input\":{\"@type\":\"PropertyValueSpecification\",\"valueRequired\":true,\"valueName\":\"search_term_string\"}}],\"inLanguage\":\"en-US\"},{\"@type\":\"Organization\",\"@id\":\"https:\/\/ceranordtremblant.com\/#organization\",\"name\":\"C\u00e9ra-Nord\",\"url\":\"https:\/\/ceranordtremblant.com\/\",\"logo\":{\"@type\":\"ImageObject\",\"inLanguage\":\"en-US\",\"@id\":\"https:\/\/ceranordtremblant.com\/#\/schema\/logo\/image\/\",\"url\":\"https:\/\/ceranordtremblant.com\/wp-content\/uploads\/2024\/01\/logo-ceranord.jpg\",\"contentUrl\":\"https:\/\/ceranordtremblant.com\/wp-content\/uploads\/2024\/01\/logo-ceranord.jpg\",\"width\":200,\"height\":200,\"caption\":\"C\u00e9ra-Nord\"},\"image\":{\"@id\":\"https:\/\/ceranordtremblant.com\/#\/schema\/logo\/image\/\"},\"sameAs\":[\"https:\/\/www.facebook.com\/CeraNord\",\"https:\/\/www.instagram.com\/ceranord\/\"]}]}<\/script>\n<!-- \/ Yoast SEO plugin. -->","yoast_head_json":{"title":"RINOX - C\u00e9ra-Nord","description":"With over 25 years of experience, Rinox is a manufacturer of high-quality concrete products known for their performance and prestige. They offer three exceptional collections: Landscaping, Masonry, and Alternative Masonry.","robots":{"index":"index","follow":"follow","max-snippet":"max-snippet:-1","max-image-preview":"max-image-preview:large","max-video-preview":"max-video-preview:-1"},"canonical":"https:\/\/ceranordtremblant.com\/en\/produit\/rinox","og_locale":"en_US","og_type":"article","og_title":"RINOX - C\u00e9ra-Nord","og_description":"With over 25 years of experience, Rinox is a manufacturer of high-quality concrete products known for their performance and prestige. They offer three exceptional collections: Landscaping, Masonry, and Alternative Masonry.","og_url":"https:\/\/ceranordtremblant.com\/en\/produit\/rinox","og_site_name":"C\u00e9ra-Nord","article_publisher":"https:\/\/www.facebook.com\/CeraNord","article_modified_time":"2025-10-10T17:47:54+00:00","og_image":[{"width":1024,"height":638,"url":"https:\/\/ceranordtremblant.com\/wp-content\/uploads\/2024\/03\/Rinox-interieur-1024x638.png","type":"image\/png"}],"twitter_card":"summary_large_image","twitter_misc":{"Est. reading time":"1 minute"},"schema":{"@context":"https:\/\/schema.org","@graph":[{"@type":"WebPage","@id":"https:\/\/ceranordtremblant.com\/en\/produit\/rinox","url":"https:\/\/ceranordtremblant.com\/en\/produit\/rinox","name":"RINOX - C\u00e9ra-Nord","isPartOf":{"@id":"https:\/\/ceranordtremblant.com\/#website"},"primaryImageOfPage":{"@id":"https:\/\/ceranordtremblant.com\/en\/produit\/rinox#primaryimage"},"image":{"@id":"https:\/\/ceranordtremblant.com\/en\/produit\/rinox#primaryimage"},"thumbnailUrl":"https:\/\/ceranordtremblant.com\/wp-content\/uploads\/2024\/03\/Rinox-interieur.png","datePublished":"2024-03-12T14:23:39+00:00","dateModified":"2025-10-10T17:47:54+00:00","description":"With over 25 years of experience, Rinox is a manufacturer of high-quality concrete products known for their performance and prestige. They offer three exceptional collections: Landscaping, Masonry, and Alternative Masonry.","breadcrumb":{"@id":"https:\/\/ceranordtremblant.com\/en\/produit\/rinox#breadcrumb"},"inLanguage":"en-US","potentialAction":[{"@type":"ReadAction","target":["https:\/\/ceranordtremblant.com\/en\/produit\/rinox"]}]},{"@type":"ImageObject","inLanguage":"en-US","@id":"https:\/\/ceranordtremblant.com\/en\/produit\/rinox#primaryimage","url":"https:\/\/ceranordtremblant.com\/wp-content\/uploads\/2024\/03\/Rinox-interieur.png","contentUrl":"https:\/\/ceranordtremblant.com\/wp-content\/uploads\/2024\/03\/Rinox-interieur.png","width":2170,"height":1352,"caption":"Rinox, +25 ans d'exp\u00e9rience, offre produits b\u00e9ton haut de gamme en Am\u00e9nagement, Ma\u00e7onnerie, Ma\u00e7onnerie alternative - prestige et performance."},{"@type":"BreadcrumbList","@id":"https:\/\/ceranordtremblant.com\/en\/produit\/rinox#breadcrumb","itemListElement":[{"@type":"ListItem","position":1,"name":"Accueil","item":"https:\/\/ceranordtremblant.com\/en"},{"@type":"ListItem","position":2,"name":"Shop","item":"https:\/\/ceranordtremblant.com\/en\/shop"},{"@type":"ListItem","position":3,"name":"RINOX"}]},{"@type":"WebSite","@id":"https:\/\/ceranordtremblant.com\/#website","url":"https:\/\/ceranordtremblant.com\/","name":"C\u00e9ra-Nord","description":"","publisher":{"@id":"https:\/\/ceranordtremblant.com\/#organization"},"potentialAction":[{"@type":"SearchAction","target":{"@type":"EntryPoint","urlTemplate":"https:\/\/ceranordtremblant.com\/?s={search_term_string}"},"query-input":{"@type":"PropertyValueSpecification","valueRequired":true,"valueName":"search_term_string"}}],"inLanguage":"en-US"},{"@type":"Organization","@id":"https:\/\/ceranordtremblant.com\/#organization","name":"C\u00e9ra-Nord","url":"https:\/\/ceranordtremblant.com\/","logo":{"@type":"ImageObject","inLanguage":"en-US","@id":"https:\/\/ceranordtremblant.com\/#\/schema\/logo\/image\/","url":"https:\/\/ceranordtremblant.com\/wp-content\/uploads\/2024\/01\/logo-ceranord.jpg","contentUrl":"https:\/\/ceranordtremblant.com\/wp-content\/uploads\/2024\/01\/logo-ceranord.jpg","width":200,"height":200,"caption":"C\u00e9ra-Nord"},"image":{"@id":"https:\/\/ceranordtremblant.com\/#\/schema\/logo\/image\/"},"sameAs":["https:\/\/www.facebook.com\/CeraNord","https:\/\/www.instagram.com\/ceranord\/"]}]}},"_links":{"self":[{"href":"https:\/\/ceranordtremblant.com\/en\/wp-json\/wp\/v2\/product\/844","targetHints":{"allow":["GET"]}}],"collection":[{"href":"https:\/\/ceranordtremblant.com\/en\/wp-json\/wp\/v2\/product"}],"about":[{"href":"https:\/\/ceranordtremblant.com\/en\/wp-json\/wp\/v2\/types\/product"}],"wp:featuredmedia":[{"embeddable":true,"href":"https:\/\/ceranordtremblant.com\/en\/wp-json\/wp\/v2\/media\/831"}],"wp:attachment":[{"href":"https:\/\/ceranordtremblant.com\/en\/wp-json\/wp\/v2\/media?parent=844"}],"wp:term":[{"taxonomy":"product_brand","embeddable":true,"href":"https:\/\/ceranordtremblant.com\/en\/wp-json\/wp\/v2\/product_brand?post=844"},{"taxonomy":"product_cat","embeddable":true,"href":"https:\/\/ceranordtremblant.com\/en\/wp-json\/wp\/v2\/product_cat?post=844"},{"taxonomy":"product_tag","embeddable":true,"href":"https:\/\/ceranordtremblant.com\/en\/wp-json\/wp\/v2\/product_tag?post=844"}],"curies":[{"name":"wp","href":"https:\/\/api.w.org\/{rel}","templated":true}]}}