{"id":828,"date":"2024-03-12T10:17:23","date_gmt":"2024-03-12T14:17:23","guid":{"rendered":"https:\/\/ceranordtremblant.com\/produit\/pierre-royale\/"},"modified":"2025-10-10T13:51:21","modified_gmt":"2025-10-10T17:51:21","slug":"pierres-royales","status":"publish","type":"product","link":"https:\/\/ceranordtremblant.com\/en\/produit\/pierres-royales","title":{"rendered":"PIERRES ROYALES"},"content":{"rendered":"<p data-start=\"2423\" data-end=\"2890\">At <strong data-start=\"2426\" data-end=\"2439\">Cera Nord<\/strong>, we are proud to offer the exceptional products of <strong data-start=\"2491\" data-end=\"2514\">Les Pierres Royales<\/strong>, a Quebec-based company established in the <strong data-start=\"2558\" data-end=\"2570\">Varennes<\/strong> region for many years.<br data-start=\"2593\" data-end=\"2596\" \/><strong data-start=\"2596\" data-end=\"2619\">Les Pierres Royales<\/strong> specializes in high-quality <strong data-start=\"2648\" data-end=\"2676\">decorative stone veneers<\/strong>, designed for both interior and exterior use.<br data-start=\"2722\" data-end=\"2725\" \/>Manufactured in state-of-the-art facilities in Quebec, these stones perfectly replicate the look and feel of handcrafted natural stone \u2014 at a fraction of the cost.<\/p>\n<p data-start=\"2892\" data-end=\"3340\"><strong data-start=\"2892\" data-end=\"2929\">Superior manufacturing technology<\/strong><br data-start=\"2929\" data-end=\"2932\" \/>Through advanced production techniques, <strong data-start=\"2972\" data-end=\"2995\">Les Pierres Royales<\/strong> ensures consistent colouring and a uniform finish, all while adhering to the highest industry standards.<br data-start=\"3100\" data-end=\"3103\" \/>Their products offer excellent resistance to the freeze-thaw cycles typical of the Quebec climate. The stones\u2019 integral structure ranks among the best in the industry, allowing the company to offer a <strong data-start=\"3303\" data-end=\"3337\">50-year manufacturing warranty<\/strong>.<\/p>\n<p data-start=\"3342\" data-end=\"3691\"><strong data-start=\"3342\" data-end=\"3365\">Ideas for your home<\/strong><br data-start=\"3365\" data-end=\"3368\" \/>Whether enhancing your exterior walls or redesigning your fireplace mantle, <strong data-start=\"3444\" data-end=\"3467\">Les Pierres Royales<\/strong> products bring prestige, warmth, and value to any space.<br data-start=\"3524\" data-end=\"3527\" \/>Our team is available to guide you through product characteristics, installation types, and usage options, tailored to your specific needs, budget, and timelines.<\/p>\n<p data-start=\"3693\" data-end=\"3894\">At <strong data-start=\"3696\" data-end=\"3709\">Cera Nord<\/strong>, we are delighted to include <strong data-start=\"3739\" data-end=\"3762\">Les Pierres Royales<\/strong> decorative stones in our catalog, providing elegant and durable solutions for all your construction and interior design projects.<\/p>\n<p data-start=\"3896\" data-end=\"3922\"><strong data-start=\"3896\" data-end=\"3920\">Collections offered:<\/strong><\/p>\n<p data-start=\"3924\" data-end=\"3947\"><strong data-start=\"3924\" data-end=\"3945\">Decorative Stones<\/strong><\/p>\n<ul data-start=\"3948\" data-end=\"4062\">\n<li data-start=\"3948\" data-end=\"3963\">\n<p data-start=\"3950\" data-end=\"3963\">Field Stone<\/p>\n<\/li>\n<li data-start=\"3964\" data-end=\"3978\">\n<p data-start=\"3966\" data-end=\"3978\">Lime Stone<\/p>\n<\/li>\n<li data-start=\"3979\" data-end=\"3990\">\n<p data-start=\"3981\" data-end=\"3990\">Newport<\/p>\n<\/li>\n<li data-start=\"3991\" data-end=\"4006\">\n<p data-start=\"3993\" data-end=\"4006\">Ridge Stone<\/p>\n<\/li>\n<li data-start=\"4007\" data-end=\"4022\">\n<p data-start=\"4009\" data-end=\"4022\">Ledge Stone<\/p>\n<\/li>\n<li data-start=\"4023\" data-end=\"4039\">\n<p data-start=\"4025\" data-end=\"4039\">Cobble Stone<\/p>\n<\/li>\n<li data-start=\"4040\" data-end=\"4062\">\n<p data-start=\"4042\" data-end=\"4062\">Ledge Cobble Stone<\/p>\n<\/li>\n<\/ul>\n<p data-start=\"4064\" data-end=\"4089\"><strong data-start=\"4064\" data-end=\"4087\">Vena Screwed Stones<\/strong><\/p>\n<ul data-start=\"4090\" data-end=\"4105\">\n<li data-start=\"4090\" data-end=\"4105\">\n<p data-start=\"4092\" data-end=\"4105\">Castle Rock<\/p>\n<\/li>\n<\/ul>\n<p data-start=\"4107\" data-end=\"4240\">We carry samples of all our products. Visit our showroom to explore the full range of colours and finishes offered by our supplier.<\/p>\n<p data-start=\"4242\" data-end=\"4295\"><a href=\"https:\/\/lespierresroyales.com\/en\/products\/\" target=\"_blank\" rel=\"noopener\">| Explore the products |<\/a><\/p>\n<div class=\"flex-1 overflow-hidden\">\n<div class=\"react-scroll-to-bottom--css-zheet-79elbk h-full\">\n<div class=\"react-scroll-to-bottom--css-zheet-1n7m0yu\">\n<div class=\"flex flex-col text-sm pb-9\">\n<div class=\"w-full text-token-text-primary\" data-testid=\"conversation-turn-41\">\n<div class=\"px-4 py-2 justify-center text-base md:gap-6 m-auto\">\n<div class=\"flex flex-1 text-base mx-auto gap-3 md:px-5 lg:px-1 xl:px-5 md:max-w-3xl lg:max-w-[40rem] xl:max-w-[48rem] group final-completion\">\n<div class=\"relative flex w-full flex-col agent-turn\">\n<div class=\"flex-col gap-1 md:gap-3\">\n<div class=\"flex flex-grow flex-col max-w-full\">\n<div class=\"min-h-[20px] text-message flex flex-col items-start gap-3 whitespace-pre-wrap break-words [.text-message+&amp;]:mt-5 overflow-x-auto\" data-message-author-role=\"assistant\" data-message-id=\"70e086b8-ae6b-4795-ba7a-6b6f3754e693\">\n<p>&nbsp;<\/p>\n<div class=\"markdown prose w-full break-words dark:prose-invert light\">\n<h6><em>Photo credits: Pierre Royale website<\/em><\/h6>\n<\/div>\n<\/div>\n<\/div>\n<div class=\"pr-2 lg:pr-0\"><\/div>\n<\/div>\n<div class=\"absolute\">\n<div class=\"flex w-full gap-2 items-center justify-center\"><\/div>\n<\/div>\n<\/div>\n<\/div>\n<\/div>\n<\/div>\n<\/div>\n<\/div>\n<\/div>\n<\/div>\n<div class=\"w-full pt-2 md:pt-0 dark:border-white\/20 md:border-transparent md:dark:border-transparent md:w-[calc(100%-.5rem)]\">\n<form class=\"stretch mx-2 flex flex-row gap-3 last:mb-2 md:mx-4 md:last:mb-6 lg:mx-auto lg:max-w-2xl xl:max-w-3xl\">\n<div class=\"relative flex h-full flex-1 flex-col\">\n<div class=\"flex w-full items-center\"><\/div>\n<\/div>\n<\/form>\n<\/div>\n","protected":false},"excerpt":{"rendered":"<p>Les Pierres Royales offer a wide range of high-quality decorative stones designed for both indoor and outdoor use. Manufactured in Quebec, they faithfully reproduce the appearance of sophisticated artisanal stone at a much more affordable cost than natural stone.<\/p>\n","protected":false},"featured_media":827,"template":"","meta":[],"product_brand":[],"product_cat":[79,77],"product_tag":[],"class_list":{"0":"post-828","1":"product","2":"type-product","3":"status-publish","4":"has-post-thumbnail","6":"product_cat-pierres-royales","7":"product_cat-stones","9":"first","10":"instock","11":"shipping-taxable","12":"product-type-simple"},"yoast_head":"<!-- This site is optimized with the Yoast SEO plugin v26.8 - https:\/\/yoast.com\/product\/yoast-seo-wordpress\/ -->\n<title>PIERRES ROYALES - C\u00e9ra-Nord<\/title>\n<meta name=\"description\" content=\"Les Pierres Royales offer a wide range of high-quality decorative stones designed for both indoor and outdoor use. Manufactured in Quebec, they faithfully reproduce the appearance of sophisticated artisanal stone at a much more affordable cost than natural stone.\" \/>\n<meta name=\"robots\" content=\"index, follow, max-snippet:-1, max-image-preview:large, max-video-preview:-1\" \/>\n<link rel=\"canonical\" href=\"https:\/\/ceranordtremblant.com\/en\/produit\/pierres-royales\" \/>\n<meta property=\"og:locale\" content=\"en_US\" \/>\n<meta property=\"og:type\" content=\"article\" \/>\n<meta property=\"og:title\" content=\"PIERRES ROYALES - C\u00e9ra-Nord\" \/>\n<meta property=\"og:description\" content=\"Les Pierres Royales offer a wide range of high-quality decorative stones designed for both indoor and outdoor use. Manufactured in Quebec, they faithfully reproduce the appearance of sophisticated artisanal stone at a much more affordable cost than natural stone.\" \/>\n<meta property=\"og:url\" content=\"https:\/\/ceranordtremblant.com\/en\/produit\/pierres-royales\" \/>\n<meta property=\"og:site_name\" content=\"C\u00e9ra-Nord\" \/>\n<meta property=\"article:publisher\" content=\"https:\/\/www.facebook.com\/CeraNord\" \/>\n<meta property=\"article:modified_time\" content=\"2025-10-10T17:51:21+00:00\" \/>\n<meta property=\"og:image\" content=\"https:\/\/ceranordtremblant.com\/wp-content\/uploads\/2024\/03\/Pierre-royale-Ridge-Stone-Monaco.jpeg\" \/>\n\t<meta property=\"og:image:width\" content=\"1024\" \/>\n\t<meta property=\"og:image:height\" content=\"680\" \/>\n\t<meta property=\"og:image:type\" content=\"image\/jpeg\" \/>\n<meta name=\"twitter:card\" content=\"summary_large_image\" \/>\n<meta name=\"twitter:label1\" content=\"Est. reading time\" \/>\n\t<meta name=\"twitter:data1\" content=\"2 minutes\" \/>\n<script type=\"application\/ld+json\" class=\"yoast-schema-graph\">{\"@context\":\"https:\/\/schema.org\",\"@graph\":[{\"@type\":\"WebPage\",\"@id\":\"https:\/\/ceranordtremblant.com\/en\/produit\/pierres-royales\",\"url\":\"https:\/\/ceranordtremblant.com\/en\/produit\/pierres-royales\",\"name\":\"PIERRES ROYALES - C\u00e9ra-Nord\",\"isPartOf\":{\"@id\":\"https:\/\/ceranordtremblant.com\/#website\"},\"primaryImageOfPage\":{\"@id\":\"https:\/\/ceranordtremblant.com\/en\/produit\/pierres-royales#primaryimage\"},\"image\":{\"@id\":\"https:\/\/ceranordtremblant.com\/en\/produit\/pierres-royales#primaryimage\"},\"thumbnailUrl\":\"https:\/\/ceranordtremblant.com\/wp-content\/uploads\/2024\/03\/Pierre-royale-Ridge-Stone-Monaco.jpeg\",\"datePublished\":\"2024-03-12T14:17:23+00:00\",\"dateModified\":\"2025-10-10T17:51:21+00:00\",\"description\":\"Les Pierres Royales offer a wide range of high-quality decorative stones designed for both indoor and outdoor use. Manufactured in Quebec, they faithfully reproduce the appearance of sophisticated artisanal stone at a much more affordable cost than natural stone.\",\"breadcrumb\":{\"@id\":\"https:\/\/ceranordtremblant.com\/en\/produit\/pierres-royales#breadcrumb\"},\"inLanguage\":\"en-US\",\"potentialAction\":[{\"@type\":\"ReadAction\",\"target\":[\"https:\/\/ceranordtremblant.com\/en\/produit\/pierres-royales\"]}]},{\"@type\":\"ImageObject\",\"inLanguage\":\"en-US\",\"@id\":\"https:\/\/ceranordtremblant.com\/en\/produit\/pierres-royales#primaryimage\",\"url\":\"https:\/\/ceranordtremblant.com\/wp-content\/uploads\/2024\/03\/Pierre-royale-Ridge-Stone-Monaco.jpeg\",\"contentUrl\":\"https:\/\/ceranordtremblant.com\/wp-content\/uploads\/2024\/03\/Pierre-royale-Ridge-Stone-Monaco.jpeg\",\"width\":1024,\"height\":680,\"caption\":\"Pierres Royales: gamme de pierres d\u00e9coratives int\u00e9rieur\/ext\u00e9rieur, qualit\u00e9 sup\u00e9rieure, look artisanal, prix abordable. Fabriqu\u00e9 au Qu\u00e9bec.\"},{\"@type\":\"BreadcrumbList\",\"@id\":\"https:\/\/ceranordtremblant.com\/en\/produit\/pierres-royales#breadcrumb\",\"itemListElement\":[{\"@type\":\"ListItem\",\"position\":1,\"name\":\"Accueil\",\"item\":\"https:\/\/ceranordtremblant.com\/en\"},{\"@type\":\"ListItem\",\"position\":2,\"name\":\"Shop\",\"item\":\"https:\/\/ceranordtremblant.com\/en\/shop\"},{\"@type\":\"ListItem\",\"position\":3,\"name\":\"PIERRES ROYALES\"}]},{\"@type\":\"WebSite\",\"@id\":\"https:\/\/ceranordtremblant.com\/#website\",\"url\":\"https:\/\/ceranordtremblant.com\/\",\"name\":\"C\u00e9ra-Nord\",\"description\":\"\",\"publisher\":{\"@id\":\"https:\/\/ceranordtremblant.com\/#organization\"},\"potentialAction\":[{\"@type\":\"SearchAction\",\"target\":{\"@type\":\"EntryPoint\",\"urlTemplate\":\"https:\/\/ceranordtremblant.com\/?s={search_term_string}\"},\"query-input\":{\"@type\":\"PropertyValueSpecification\",\"valueRequired\":true,\"valueName\":\"search_term_string\"}}],\"inLanguage\":\"en-US\"},{\"@type\":\"Organization\",\"@id\":\"https:\/\/ceranordtremblant.com\/#organization\",\"name\":\"C\u00e9ra-Nord\",\"url\":\"https:\/\/ceranordtremblant.com\/\",\"logo\":{\"@type\":\"ImageObject\",\"inLanguage\":\"en-US\",\"@id\":\"https:\/\/ceranordtremblant.com\/#\/schema\/logo\/image\/\",\"url\":\"https:\/\/ceranordtremblant.com\/wp-content\/uploads\/2024\/01\/logo-ceranord.jpg\",\"contentUrl\":\"https:\/\/ceranordtremblant.com\/wp-content\/uploads\/2024\/01\/logo-ceranord.jpg\",\"width\":200,\"height\":200,\"caption\":\"C\u00e9ra-Nord\"},\"image\":{\"@id\":\"https:\/\/ceranordtremblant.com\/#\/schema\/logo\/image\/\"},\"sameAs\":[\"https:\/\/www.facebook.com\/CeraNord\",\"https:\/\/www.instagram.com\/ceranord\/\"]}]}<\/script>\n<!-- \/ Yoast SEO plugin. -->","yoast_head_json":{"title":"PIERRES ROYALES - C\u00e9ra-Nord","description":"Les Pierres Royales offer a wide range of high-quality decorative stones designed for both indoor and outdoor use. Manufactured in Quebec, they faithfully reproduce the appearance of sophisticated artisanal stone at a much more affordable cost than natural stone.","robots":{"index":"index","follow":"follow","max-snippet":"max-snippet:-1","max-image-preview":"max-image-preview:large","max-video-preview":"max-video-preview:-1"},"canonical":"https:\/\/ceranordtremblant.com\/en\/produit\/pierres-royales","og_locale":"en_US","og_type":"article","og_title":"PIERRES ROYALES - C\u00e9ra-Nord","og_description":"Les Pierres Royales offer a wide range of high-quality decorative stones designed for both indoor and outdoor use. Manufactured in Quebec, they faithfully reproduce the appearance of sophisticated artisanal stone at a much more affordable cost than natural stone.","og_url":"https:\/\/ceranordtremblant.com\/en\/produit\/pierres-royales","og_site_name":"C\u00e9ra-Nord","article_publisher":"https:\/\/www.facebook.com\/CeraNord","article_modified_time":"2025-10-10T17:51:21+00:00","og_image":[{"width":1024,"height":680,"url":"https:\/\/ceranordtremblant.com\/wp-content\/uploads\/2024\/03\/Pierre-royale-Ridge-Stone-Monaco.jpeg","type":"image\/jpeg"}],"twitter_card":"summary_large_image","twitter_misc":{"Est. reading time":"2 minutes"},"schema":{"@context":"https:\/\/schema.org","@graph":[{"@type":"WebPage","@id":"https:\/\/ceranordtremblant.com\/en\/produit\/pierres-royales","url":"https:\/\/ceranordtremblant.com\/en\/produit\/pierres-royales","name":"PIERRES ROYALES - C\u00e9ra-Nord","isPartOf":{"@id":"https:\/\/ceranordtremblant.com\/#website"},"primaryImageOfPage":{"@id":"https:\/\/ceranordtremblant.com\/en\/produit\/pierres-royales#primaryimage"},"image":{"@id":"https:\/\/ceranordtremblant.com\/en\/produit\/pierres-royales#primaryimage"},"thumbnailUrl":"https:\/\/ceranordtremblant.com\/wp-content\/uploads\/2024\/03\/Pierre-royale-Ridge-Stone-Monaco.jpeg","datePublished":"2024-03-12T14:17:23+00:00","dateModified":"2025-10-10T17:51:21+00:00","description":"Les Pierres Royales offer a wide range of high-quality decorative stones designed for both indoor and outdoor use. Manufactured in Quebec, they faithfully reproduce the appearance of sophisticated artisanal stone at a much more affordable cost than natural stone.","breadcrumb":{"@id":"https:\/\/ceranordtremblant.com\/en\/produit\/pierres-royales#breadcrumb"},"inLanguage":"en-US","potentialAction":[{"@type":"ReadAction","target":["https:\/\/ceranordtremblant.com\/en\/produit\/pierres-royales"]}]},{"@type":"ImageObject","inLanguage":"en-US","@id":"https:\/\/ceranordtremblant.com\/en\/produit\/pierres-royales#primaryimage","url":"https:\/\/ceranordtremblant.com\/wp-content\/uploads\/2024\/03\/Pierre-royale-Ridge-Stone-Monaco.jpeg","contentUrl":"https:\/\/ceranordtremblant.com\/wp-content\/uploads\/2024\/03\/Pierre-royale-Ridge-Stone-Monaco.jpeg","width":1024,"height":680,"caption":"Pierres Royales: gamme de pierres d\u00e9coratives int\u00e9rieur\/ext\u00e9rieur, qualit\u00e9 sup\u00e9rieure, look artisanal, prix abordable. Fabriqu\u00e9 au Qu\u00e9bec."},{"@type":"BreadcrumbList","@id":"https:\/\/ceranordtremblant.com\/en\/produit\/pierres-royales#breadcrumb","itemListElement":[{"@type":"ListItem","position":1,"name":"Accueil","item":"https:\/\/ceranordtremblant.com\/en"},{"@type":"ListItem","position":2,"name":"Shop","item":"https:\/\/ceranordtremblant.com\/en\/shop"},{"@type":"ListItem","position":3,"name":"PIERRES ROYALES"}]},{"@type":"WebSite","@id":"https:\/\/ceranordtremblant.com\/#website","url":"https:\/\/ceranordtremblant.com\/","name":"C\u00e9ra-Nord","description":"","publisher":{"@id":"https:\/\/ceranordtremblant.com\/#organization"},"potentialAction":[{"@type":"SearchAction","target":{"@type":"EntryPoint","urlTemplate":"https:\/\/ceranordtremblant.com\/?s={search_term_string}"},"query-input":{"@type":"PropertyValueSpecification","valueRequired":true,"valueName":"search_term_string"}}],"inLanguage":"en-US"},{"@type":"Organization","@id":"https:\/\/ceranordtremblant.com\/#organization","name":"C\u00e9ra-Nord","url":"https:\/\/ceranordtremblant.com\/","logo":{"@type":"ImageObject","inLanguage":"en-US","@id":"https:\/\/ceranordtremblant.com\/#\/schema\/logo\/image\/","url":"https:\/\/ceranordtremblant.com\/wp-content\/uploads\/2024\/01\/logo-ceranord.jpg","contentUrl":"https:\/\/ceranordtremblant.com\/wp-content\/uploads\/2024\/01\/logo-ceranord.jpg","width":200,"height":200,"caption":"C\u00e9ra-Nord"},"image":{"@id":"https:\/\/ceranordtremblant.com\/#\/schema\/logo\/image\/"},"sameAs":["https:\/\/www.facebook.com\/CeraNord","https:\/\/www.instagram.com\/ceranord\/"]}]}},"_links":{"self":[{"href":"https:\/\/ceranordtremblant.com\/en\/wp-json\/wp\/v2\/product\/828","targetHints":{"allow":["GET"]}}],"collection":[{"href":"https:\/\/ceranordtremblant.com\/en\/wp-json\/wp\/v2\/product"}],"about":[{"href":"https:\/\/ceranordtremblant.com\/en\/wp-json\/wp\/v2\/types\/product"}],"wp:featuredmedia":[{"embeddable":true,"href":"https:\/\/ceranordtremblant.com\/en\/wp-json\/wp\/v2\/media\/827"}],"wp:attachment":[{"href":"https:\/\/ceranordtremblant.com\/en\/wp-json\/wp\/v2\/media?parent=828"}],"wp:term":[{"taxonomy":"product_brand","embeddable":true,"href":"https:\/\/ceranordtremblant.com\/en\/wp-json\/wp\/v2\/product_brand?post=828"},{"taxonomy":"product_cat","embeddable":true,"href":"https:\/\/ceranordtremblant.com\/en\/wp-json\/wp\/v2\/product_cat?post=828"},{"taxonomy":"product_tag","embeddable":true,"href":"https:\/\/ceranordtremblant.com\/en\/wp-json\/wp\/v2\/product_tag?post=828"}],"curies":[{"name":"wp","href":"https:\/\/api.w.org\/{rel}","templated":true}]}}