{"id":805,"date":"2024-03-12T09:47:26","date_gmt":"2024-03-12T13:47:26","guid":{"rendered":"https:\/\/ceranordtremblant.com\/produit\/artek-stone\/"},"modified":"2025-10-10T13:55:44","modified_gmt":"2025-10-10T17:55:44","slug":"artek-stone","status":"publish","type":"product","link":"https:\/\/ceranordtremblant.com\/en\/produit\/artek-stone","title":{"rendered":"ARTEK STONE"},"content":{"rendered":"<p data-start=\"2048\" data-end=\"2293\"><strong data-start=\"2048\" data-end=\"2063\">Artek Stone<\/strong> products are perfect for enhancing <strong data-start=\"2099\" data-end=\"2123\">walls and fireplaces<\/strong>, both indoors and outdoors, thanks to their <strong data-start=\"2168\" data-end=\"2190\">lightweight design<\/strong> and <strong data-start=\"2195\" data-end=\"2219\">ease of installation<\/strong>, meeting the demands of even the most ambitious architectural projects.<\/p>\n<p data-start=\"2295\" data-end=\"2324\"><strong data-start=\"2295\" data-end=\"2322\">Why choose Artek Stone?<\/strong><\/p>\n<p data-start=\"2326\" data-end=\"2497\"><strong data-start=\"2326\" data-end=\"2350\">Beautiful and unique<\/strong><br data-start=\"2350\" data-end=\"2353\" \/>The artisans at <strong data-start=\"2369\" data-end=\"2384\">Artek Stone<\/strong> have developed exclusive models, <strong data-start=\"2418\" data-end=\"2494\">award-winning at the Montreal International Interior Design Show (SIDIM)<\/strong>.<\/p>\n<p data-start=\"2499\" data-end=\"2667\"><strong data-start=\"2499\" data-end=\"2524\">Simple and economical<\/strong><br data-start=\"2524\" data-end=\"2527\" \/>Thin and lightweight, their bricks and stones are easy to handle, transport, and install, helping reduce the overall cost of your project.<\/p>\n<p data-start=\"2669\" data-end=\"2899\"><strong data-start=\"2669\" data-end=\"2680\">Durable<\/strong><br data-start=\"2680\" data-end=\"2683\" \/>Made from <strong data-start=\"2693\" data-end=\"2726\">high-quality polymer concrete<\/strong>, <strong data-start=\"2728\" data-end=\"2762\">natural lightweight aggregates<\/strong>, and <strong data-start=\"2768\" data-end=\"2788\">natural pigments<\/strong>, their products withstand even the harshest climates. They are <strong data-start=\"2852\" data-end=\"2871\">non-combustible<\/strong> and produce <strong data-start=\"2884\" data-end=\"2896\">no smoke<\/strong>.<\/p>\n<p data-start=\"2901\" data-end=\"3098\"><strong data-start=\"2901\" data-end=\"2914\">Universal<\/strong><br data-start=\"2914\" data-end=\"2917\" \/>Ideal for <strong data-start=\"2927\" data-end=\"2969\">walls, columns, arches, and fireplaces<\/strong>, these products are suitable for <strong data-start=\"3003\" data-end=\"3038\">indoor and outdoor applications<\/strong> and meet the highest architectural performance standards.<\/p>\n<p data-start=\"3100\" data-end=\"3442\"><strong data-start=\"3100\" data-end=\"3118\">Our commitment<\/strong><br data-start=\"3118\" data-end=\"3121\" \/>At <strong data-start=\"3124\" data-end=\"3137\">Cera Nord<\/strong>, we are dedicated to providing <strong data-start=\"3169\" data-end=\"3217\">aesthetic, economical, and durable solutions<\/strong> for all your construction and interior design projects.<br data-start=\"3273\" data-end=\"3276\" \/>Integrating <strong data-start=\"3288\" data-end=\"3303\">Artek Stone<\/strong> products into our offering allows us to better meet our clients\u2019 needs with <strong data-start=\"3380\" data-end=\"3394\">innovative<\/strong>, <strong data-start=\"3396\" data-end=\"3407\">refined<\/strong>, and <strong data-start=\"3413\" data-end=\"3429\">high-quality<\/strong> solutions.<\/p>\n<p data-start=\"3444\" data-end=\"3467\"><strong data-start=\"3444\" data-end=\"3465\">Products offered:<\/strong><\/p>\n<ul data-start=\"3468\" data-end=\"3509\">\n<li data-start=\"3468\" data-end=\"3478\">\n<p data-start=\"3470\" data-end=\"3478\">Stones<\/p>\n<\/li>\n<li data-start=\"3479\" data-end=\"3489\">\n<p data-start=\"3481\" data-end=\"3489\">Bricks<\/p>\n<\/li>\n<li data-start=\"3490\" data-end=\"3509\">\n<p data-start=\"3492\" data-end=\"3509\">Concrete panels<\/p>\n<\/li>\n<\/ul>\n<p data-start=\"3511\" data-end=\"3644\">We carry samples of all our products. Visit our showroom to explore the full range of colours and finishes offered by our supplier.<\/p>\n<p data-start=\"3646\" data-end=\"3699\"><a href=\"http:\/\/www.artekstone.com\/Product.html\" target=\"_blank\" rel=\"noopener\">| Explore the products |<\/a><\/p>\n<p>&nbsp;<\/p>\n<h6><em>Photo credits: Artek Stone website<\/em><\/h6>\n","protected":false},"excerpt":{"rendered":"<p>Artek Stone products are perfect for enhancing interior or exterior surfaces, from walls to fireplaces, while meeting the demands of even the most demanding architectural projects, thanks to their lightweight and ease of installation.<\/p>\n","protected":false},"featured_media":804,"template":"","meta":[],"product_brand":[],"product_cat":[81,77],"product_tag":[],"class_list":{"0":"post-805","1":"product","2":"type-product","3":"status-publish","4":"has-post-thumbnail","6":"product_cat-artek-stone-en","7":"product_cat-stones","9":"first","10":"instock","11":"shipping-taxable","12":"product-type-simple"},"yoast_head":"<!-- This site is optimized with the Yoast SEO plugin v26.8 - https:\/\/yoast.com\/product\/yoast-seo-wordpress\/ -->\n<title>ARTEK STONE - C\u00e9ra-Nord<\/title>\n<meta name=\"description\" content=\"Artek Stone products are perfect for enhancing interior or exterior surfaces, from walls to fireplaces, while meeting the demands of even the most demanding architectural projects, thanks to their lightweight and ease of installation.\" \/>\n<meta name=\"robots\" content=\"index, follow, max-snippet:-1, max-image-preview:large, max-video-preview:-1\" \/>\n<link rel=\"canonical\" href=\"https:\/\/ceranordtremblant.com\/en\/produit\/artek-stone\" \/>\n<meta property=\"og:locale\" content=\"en_US\" \/>\n<meta property=\"og:type\" content=\"article\" \/>\n<meta property=\"og:title\" content=\"ARTEK STONE - C\u00e9ra-Nord\" \/>\n<meta property=\"og:description\" content=\"Artek Stone products are perfect for enhancing interior or exterior surfaces, from walls to fireplaces, while meeting the demands of even the most demanding architectural projects, thanks to their lightweight and ease of installation.\" \/>\n<meta property=\"og:url\" content=\"https:\/\/ceranordtremblant.com\/en\/produit\/artek-stone\" \/>\n<meta property=\"og:site_name\" content=\"C\u00e9ra-Nord\" \/>\n<meta property=\"article:publisher\" content=\"https:\/\/www.facebook.com\/CeraNord\" \/>\n<meta property=\"article:modified_time\" content=\"2025-10-10T17:55:44+00:00\" \/>\n<meta property=\"og:image\" content=\"https:\/\/ceranordtremblant.com\/wp-content\/uploads\/2024\/03\/Artek-Stone.jpeg\" \/>\n\t<meta property=\"og:image:width\" content=\"1024\" \/>\n\t<meta property=\"og:image:height\" content=\"768\" \/>\n\t<meta property=\"og:image:type\" content=\"image\/jpeg\" \/>\n<meta name=\"twitter:card\" content=\"summary_large_image\" \/>\n<meta name=\"twitter:label1\" content=\"Est. reading time\" \/>\n\t<meta name=\"twitter:data1\" content=\"2 minutes\" \/>\n<script type=\"application\/ld+json\" class=\"yoast-schema-graph\">{\"@context\":\"https:\/\/schema.org\",\"@graph\":[{\"@type\":\"WebPage\",\"@id\":\"https:\/\/ceranordtremblant.com\/en\/produit\/artek-stone\",\"url\":\"https:\/\/ceranordtremblant.com\/en\/produit\/artek-stone\",\"name\":\"ARTEK STONE - C\u00e9ra-Nord\",\"isPartOf\":{\"@id\":\"https:\/\/ceranordtremblant.com\/#website\"},\"primaryImageOfPage\":{\"@id\":\"https:\/\/ceranordtremblant.com\/en\/produit\/artek-stone#primaryimage\"},\"image\":{\"@id\":\"https:\/\/ceranordtremblant.com\/en\/produit\/artek-stone#primaryimage\"},\"thumbnailUrl\":\"https:\/\/ceranordtremblant.com\/wp-content\/uploads\/2024\/03\/Artek-Stone.jpeg\",\"datePublished\":\"2024-03-12T13:47:26+00:00\",\"dateModified\":\"2025-10-10T17:55:44+00:00\",\"description\":\"Artek Stone products are perfect for enhancing interior or exterior surfaces, from walls to fireplaces, while meeting the demands of even the most demanding architectural projects, thanks to their lightweight and ease of installation.\",\"breadcrumb\":{\"@id\":\"https:\/\/ceranordtremblant.com\/en\/produit\/artek-stone#breadcrumb\"},\"inLanguage\":\"en-US\",\"potentialAction\":[{\"@type\":\"ReadAction\",\"target\":[\"https:\/\/ceranordtremblant.com\/en\/produit\/artek-stone\"]}]},{\"@type\":\"ImageObject\",\"inLanguage\":\"en-US\",\"@id\":\"https:\/\/ceranordtremblant.com\/en\/produit\/artek-stone#primaryimage\",\"url\":\"https:\/\/ceranordtremblant.com\/wp-content\/uploads\/2024\/03\/Artek-Stone.jpeg\",\"contentUrl\":\"https:\/\/ceranordtremblant.com\/wp-content\/uploads\/2024\/03\/Artek-Stone.jpeg\",\"width\":1024,\"height\":768,\"caption\":\"Artek Stone, pour sublimer murs et chemin\u00e9es int\u00e9rieurs\/ext\u00e9rieurs. L\u00e9gers, faciles \u00e0 poser, id\u00e9aux pour tout projet architectural exigeant.\"},{\"@type\":\"BreadcrumbList\",\"@id\":\"https:\/\/ceranordtremblant.com\/en\/produit\/artek-stone#breadcrumb\",\"itemListElement\":[{\"@type\":\"ListItem\",\"position\":1,\"name\":\"Accueil\",\"item\":\"https:\/\/ceranordtremblant.com\/en\"},{\"@type\":\"ListItem\",\"position\":2,\"name\":\"Shop\",\"item\":\"https:\/\/ceranordtremblant.com\/en\/shop\"},{\"@type\":\"ListItem\",\"position\":3,\"name\":\"ARTEK STONE\"}]},{\"@type\":\"WebSite\",\"@id\":\"https:\/\/ceranordtremblant.com\/#website\",\"url\":\"https:\/\/ceranordtremblant.com\/\",\"name\":\"C\u00e9ra-Nord\",\"description\":\"\",\"publisher\":{\"@id\":\"https:\/\/ceranordtremblant.com\/#organization\"},\"potentialAction\":[{\"@type\":\"SearchAction\",\"target\":{\"@type\":\"EntryPoint\",\"urlTemplate\":\"https:\/\/ceranordtremblant.com\/?s={search_term_string}\"},\"query-input\":{\"@type\":\"PropertyValueSpecification\",\"valueRequired\":true,\"valueName\":\"search_term_string\"}}],\"inLanguage\":\"en-US\"},{\"@type\":\"Organization\",\"@id\":\"https:\/\/ceranordtremblant.com\/#organization\",\"name\":\"C\u00e9ra-Nord\",\"url\":\"https:\/\/ceranordtremblant.com\/\",\"logo\":{\"@type\":\"ImageObject\",\"inLanguage\":\"en-US\",\"@id\":\"https:\/\/ceranordtremblant.com\/#\/schema\/logo\/image\/\",\"url\":\"https:\/\/ceranordtremblant.com\/wp-content\/uploads\/2024\/01\/logo-ceranord.jpg\",\"contentUrl\":\"https:\/\/ceranordtremblant.com\/wp-content\/uploads\/2024\/01\/logo-ceranord.jpg\",\"width\":200,\"height\":200,\"caption\":\"C\u00e9ra-Nord\"},\"image\":{\"@id\":\"https:\/\/ceranordtremblant.com\/#\/schema\/logo\/image\/\"},\"sameAs\":[\"https:\/\/www.facebook.com\/CeraNord\",\"https:\/\/www.instagram.com\/ceranord\/\"]}]}<\/script>\n<!-- \/ Yoast SEO plugin. -->","yoast_head_json":{"title":"ARTEK STONE - C\u00e9ra-Nord","description":"Artek Stone products are perfect for enhancing interior or exterior surfaces, from walls to fireplaces, while meeting the demands of even the most demanding architectural projects, thanks to their lightweight and ease of installation.","robots":{"index":"index","follow":"follow","max-snippet":"max-snippet:-1","max-image-preview":"max-image-preview:large","max-video-preview":"max-video-preview:-1"},"canonical":"https:\/\/ceranordtremblant.com\/en\/produit\/artek-stone","og_locale":"en_US","og_type":"article","og_title":"ARTEK STONE - C\u00e9ra-Nord","og_description":"Artek Stone products are perfect for enhancing interior or exterior surfaces, from walls to fireplaces, while meeting the demands of even the most demanding architectural projects, thanks to their lightweight and ease of installation.","og_url":"https:\/\/ceranordtremblant.com\/en\/produit\/artek-stone","og_site_name":"C\u00e9ra-Nord","article_publisher":"https:\/\/www.facebook.com\/CeraNord","article_modified_time":"2025-10-10T17:55:44+00:00","og_image":[{"width":1024,"height":768,"url":"https:\/\/ceranordtremblant.com\/wp-content\/uploads\/2024\/03\/Artek-Stone.jpeg","type":"image\/jpeg"}],"twitter_card":"summary_large_image","twitter_misc":{"Est. reading time":"2 minutes"},"schema":{"@context":"https:\/\/schema.org","@graph":[{"@type":"WebPage","@id":"https:\/\/ceranordtremblant.com\/en\/produit\/artek-stone","url":"https:\/\/ceranordtremblant.com\/en\/produit\/artek-stone","name":"ARTEK STONE - C\u00e9ra-Nord","isPartOf":{"@id":"https:\/\/ceranordtremblant.com\/#website"},"primaryImageOfPage":{"@id":"https:\/\/ceranordtremblant.com\/en\/produit\/artek-stone#primaryimage"},"image":{"@id":"https:\/\/ceranordtremblant.com\/en\/produit\/artek-stone#primaryimage"},"thumbnailUrl":"https:\/\/ceranordtremblant.com\/wp-content\/uploads\/2024\/03\/Artek-Stone.jpeg","datePublished":"2024-03-12T13:47:26+00:00","dateModified":"2025-10-10T17:55:44+00:00","description":"Artek Stone products are perfect for enhancing interior or exterior surfaces, from walls to fireplaces, while meeting the demands of even the most demanding architectural projects, thanks to their lightweight and ease of installation.","breadcrumb":{"@id":"https:\/\/ceranordtremblant.com\/en\/produit\/artek-stone#breadcrumb"},"inLanguage":"en-US","potentialAction":[{"@type":"ReadAction","target":["https:\/\/ceranordtremblant.com\/en\/produit\/artek-stone"]}]},{"@type":"ImageObject","inLanguage":"en-US","@id":"https:\/\/ceranordtremblant.com\/en\/produit\/artek-stone#primaryimage","url":"https:\/\/ceranordtremblant.com\/wp-content\/uploads\/2024\/03\/Artek-Stone.jpeg","contentUrl":"https:\/\/ceranordtremblant.com\/wp-content\/uploads\/2024\/03\/Artek-Stone.jpeg","width":1024,"height":768,"caption":"Artek Stone, pour sublimer murs et chemin\u00e9es int\u00e9rieurs\/ext\u00e9rieurs. L\u00e9gers, faciles \u00e0 poser, id\u00e9aux pour tout projet architectural exigeant."},{"@type":"BreadcrumbList","@id":"https:\/\/ceranordtremblant.com\/en\/produit\/artek-stone#breadcrumb","itemListElement":[{"@type":"ListItem","position":1,"name":"Accueil","item":"https:\/\/ceranordtremblant.com\/en"},{"@type":"ListItem","position":2,"name":"Shop","item":"https:\/\/ceranordtremblant.com\/en\/shop"},{"@type":"ListItem","position":3,"name":"ARTEK STONE"}]},{"@type":"WebSite","@id":"https:\/\/ceranordtremblant.com\/#website","url":"https:\/\/ceranordtremblant.com\/","name":"C\u00e9ra-Nord","description":"","publisher":{"@id":"https:\/\/ceranordtremblant.com\/#organization"},"potentialAction":[{"@type":"SearchAction","target":{"@type":"EntryPoint","urlTemplate":"https:\/\/ceranordtremblant.com\/?s={search_term_string}"},"query-input":{"@type":"PropertyValueSpecification","valueRequired":true,"valueName":"search_term_string"}}],"inLanguage":"en-US"},{"@type":"Organization","@id":"https:\/\/ceranordtremblant.com\/#organization","name":"C\u00e9ra-Nord","url":"https:\/\/ceranordtremblant.com\/","logo":{"@type":"ImageObject","inLanguage":"en-US","@id":"https:\/\/ceranordtremblant.com\/#\/schema\/logo\/image\/","url":"https:\/\/ceranordtremblant.com\/wp-content\/uploads\/2024\/01\/logo-ceranord.jpg","contentUrl":"https:\/\/ceranordtremblant.com\/wp-content\/uploads\/2024\/01\/logo-ceranord.jpg","width":200,"height":200,"caption":"C\u00e9ra-Nord"},"image":{"@id":"https:\/\/ceranordtremblant.com\/#\/schema\/logo\/image\/"},"sameAs":["https:\/\/www.facebook.com\/CeraNord","https:\/\/www.instagram.com\/ceranord\/"]}]}},"_links":{"self":[{"href":"https:\/\/ceranordtremblant.com\/en\/wp-json\/wp\/v2\/product\/805","targetHints":{"allow":["GET"]}}],"collection":[{"href":"https:\/\/ceranordtremblant.com\/en\/wp-json\/wp\/v2\/product"}],"about":[{"href":"https:\/\/ceranordtremblant.com\/en\/wp-json\/wp\/v2\/types\/product"}],"wp:featuredmedia":[{"embeddable":true,"href":"https:\/\/ceranordtremblant.com\/en\/wp-json\/wp\/v2\/media\/804"}],"wp:attachment":[{"href":"https:\/\/ceranordtremblant.com\/en\/wp-json\/wp\/v2\/media?parent=805"}],"wp:term":[{"taxonomy":"product_brand","embeddable":true,"href":"https:\/\/ceranordtremblant.com\/en\/wp-json\/wp\/v2\/product_brand?post=805"},{"taxonomy":"product_cat","embeddable":true,"href":"https:\/\/ceranordtremblant.com\/en\/wp-json\/wp\/v2\/product_cat?post=805"},{"taxonomy":"product_tag","embeddable":true,"href":"https:\/\/ceranordtremblant.com\/en\/wp-json\/wp\/v2\/product_tag?post=805"}],"curies":[{"name":"wp","href":"https:\/\/api.w.org\/{rel}","templated":true}]}}