{"id":2593,"date":"2026-04-28T12:12:09","date_gmt":"2026-04-28T16:12:09","guid":{"rendered":"https:\/\/ceranordtremblant.com\/?post_type=product&#038;p=2593"},"modified":"2026-04-28T12:14:29","modified_gmt":"2026-04-28T16:14:29","slug":"bmb","status":"publish","type":"product","link":"https:\/\/ceranordtremblant.com\/en\/produit\/bmb","title":{"rendered":"BMB"},"content":{"rendered":"<p class=\"font-claude-response-body break-words whitespace-normal leading-[1.7]\">Chez Cera Nord, nous sommes ravis de vous proposer les produits BMB, distributeur de la marque priv\u00e9e Planchers 1867. S\u00e9lectionn\u00e9s selon des crit\u00e8res rigoureux; r\u00e9sistance au climat nord-am\u00e9ricain, conformit\u00e9 aux normes de fabrication et contr\u00f4le de la qualit\u00e9, leurs produits sont le fruit d&#8217;une recherche constante des meilleures tendances \u00e0 travers le monde.<\/p>\n<p class=\"font-claude-response-body break-words whitespace-normal leading-[1.7]\"><strong>C\u00e9ramique et porcelaine<\/strong><\/p>\n<p class=\"font-claude-response-body break-words whitespace-normal leading-[1.7]\">Bien que tous deux fabriqu\u00e9s \u00e0 partir d&#8217;argile cuite, la c\u00e9ramique et la porcelaine se distinguent par leur composition et leurs propri\u00e9t\u00e9s.<\/p>\n<p class=\"font-claude-response-body break-words whitespace-normal leading-[1.7]\">La c\u00e9ramique est cuite \u00e0 plus basse temp\u00e9rature, ce qui lui conf\u00e8re une densit\u00e9 plus faible et une absorption d&#8217;eau plus \u00e9lev\u00e9e. Elle convient bien aux espaces \u00e0 faible trafic et aux zones s\u00e8ches.<\/p>\n<p class=\"font-claude-response-body break-words whitespace-normal leading-[1.7]\">La porcelaine, cuite \u00e0 des temp\u00e9ratures beaucoup plus \u00e9lev\u00e9es, offre une densit\u00e9 sup\u00e9rieure et une absorption d&#8217;eau minimale. Plus r\u00e9sistante aux rayures, aux chocs et aux taches, elle est id\u00e9ale pour les zones humides et les espaces \u00e0 fort passage.<\/p>\n<p class=\"font-claude-response-body break-words whitespace-normal leading-[1.7]\">En termes de co\u00fbt, la porcelaine est g\u00e9n\u00e9ralement plus \u00e9lev\u00e9e que la c\u00e9ramique, en raison de sa fabrication plus complexe et de ses performances sup\u00e9rieures.<\/p>\n<p class=\"font-claude-response-body break-words whitespace-normal leading-[1.7]\">Nous disposons d&#8217;\u00e9chantillons pour chacun de nos produits. Passez en magasin pour explorer la collection Planchers 1867.<\/p>\n<p class=\"font-claude-response-body break-words whitespace-normal leading-[1.7]\"><a href=\"https:\/\/www.planchers1867.com\/categorie-produit\/ceramique\/\" target=\"_blank\" rel=\"noopener\">| D\u00e9couvrir les produits |<\/a><\/p>\n<h6 class=\"font-claude-response-body break-words whitespace-normal leading-[1.7]\">Cr\u00e9dit photo : Site web de BMB \/ Planchers 1867<\/h6>\n","protected":false},"excerpt":{"rendered":"<p>Chez Cera Nord, nous sommes ravis de vous proposer les produits BMB, distributeur de la marque priv\u00e9e Planchers 1867. S\u00e9lectionn\u00e9s selon des crit\u00e8res rigoureux; r\u00e9sistance au climat nord-am\u00e9ricain, conformit\u00e9 aux normes de fabrication et contr\u00f4le de la qualit\u00e9, leurs produits sont le fruit d&#8217;une recherche constante des meilleures tendances \u00e0 travers le monde.<\/p>\n","protected":false},"featured_media":2584,"template":"","meta":[],"product_brand":[],"product_cat":[82],"product_tag":[],"class_list":{"0":"post-2593","1":"product","2":"type-product","3":"status-publish","4":"has-post-thumbnail","6":"product_cat-tiles","8":"first","9":"instock","10":"shipping-taxable","11":"product-type-simple"},"yoast_head":"<!-- This site is optimized with the Yoast SEO plugin v26.8 - https:\/\/yoast.com\/product\/yoast-seo-wordpress\/ -->\n<title>BMB - C\u00e9ra-Nord<\/title>\n<meta name=\"description\" content=\"Chez Cera Nord, nous sommes ravis de vous proposer les produits BMB, distributeur de la marque priv\u00e9e Planchers 1867. S\u00e9lectionn\u00e9s selon des crit\u00e8res rigoureux; r\u00e9sistance au climat nord-am\u00e9ricain, conformit\u00e9 aux normes de fabrication et contr\u00f4le de la qualit\u00e9, leurs produits sont le fruit d&#039;une recherche constante des meilleures tendances \u00e0 travers le monde.\" \/>\n<meta name=\"robots\" content=\"index, follow, max-snippet:-1, max-image-preview:large, max-video-preview:-1\" \/>\n<link rel=\"canonical\" href=\"https:\/\/ceranordtremblant.com\/en\/produit\/bmb\" \/>\n<meta property=\"og:locale\" content=\"en_US\" \/>\n<meta property=\"og:type\" content=\"article\" \/>\n<meta property=\"og:title\" content=\"BMB - C\u00e9ra-Nord\" \/>\n<meta property=\"og:description\" content=\"Chez Cera Nord, nous sommes ravis de vous proposer les produits BMB, distributeur de la marque priv\u00e9e Planchers 1867. S\u00e9lectionn\u00e9s selon des crit\u00e8res rigoureux; r\u00e9sistance au climat nord-am\u00e9ricain, conformit\u00e9 aux normes de fabrication et contr\u00f4le de la qualit\u00e9, leurs produits sont le fruit d&#039;une recherche constante des meilleures tendances \u00e0 travers le monde.\" \/>\n<meta property=\"og:url\" content=\"https:\/\/ceranordtremblant.com\/en\/produit\/bmb\" \/>\n<meta property=\"og:site_name\" content=\"C\u00e9ra-Nord\" \/>\n<meta property=\"article:publisher\" content=\"https:\/\/www.facebook.com\/CeraNord\" \/>\n<meta property=\"article:modified_time\" content=\"2026-04-28T16:14:29+00:00\" \/>\n<meta property=\"og:image\" content=\"https:\/\/ceranordtremblant.com\/wp-content\/uploads\/2026\/04\/BMB4.jpg\" \/>\n\t<meta property=\"og:image:width\" content=\"2048\" \/>\n\t<meta property=\"og:image:height\" content=\"2048\" \/>\n\t<meta property=\"og:image:type\" content=\"image\/jpeg\" \/>\n<meta name=\"twitter:card\" content=\"summary_large_image\" \/>\n<meta name=\"twitter:label1\" content=\"Est. reading time\" \/>\n\t<meta name=\"twitter:data1\" content=\"2 minutes\" \/>\n<script type=\"application\/ld+json\" class=\"yoast-schema-graph\">{\"@context\":\"https:\/\/schema.org\",\"@graph\":[{\"@type\":\"WebPage\",\"@id\":\"https:\/\/ceranordtremblant.com\/en\/produit\/bmb\",\"url\":\"https:\/\/ceranordtremblant.com\/en\/produit\/bmb\",\"name\":\"BMB - C\u00e9ra-Nord\",\"isPartOf\":{\"@id\":\"https:\/\/ceranordtremblant.com\/#website\"},\"primaryImageOfPage\":{\"@id\":\"https:\/\/ceranordtremblant.com\/en\/produit\/bmb#primaryimage\"},\"image\":{\"@id\":\"https:\/\/ceranordtremblant.com\/en\/produit\/bmb#primaryimage\"},\"thumbnailUrl\":\"https:\/\/ceranordtremblant.com\/wp-content\/uploads\/2026\/04\/BMB4.jpg\",\"datePublished\":\"2026-04-28T16:12:09+00:00\",\"dateModified\":\"2026-04-28T16:14:29+00:00\",\"description\":\"Chez Cera Nord, nous sommes ravis de vous proposer les produits BMB, distributeur de la marque priv\u00e9e Planchers 1867. S\u00e9lectionn\u00e9s selon des crit\u00e8res rigoureux; r\u00e9sistance au climat nord-am\u00e9ricain, conformit\u00e9 aux normes de fabrication et contr\u00f4le de la qualit\u00e9, leurs produits sont le fruit d'une recherche constante des meilleures tendances \u00e0 travers le monde.\",\"breadcrumb\":{\"@id\":\"https:\/\/ceranordtremblant.com\/en\/produit\/bmb#breadcrumb\"},\"inLanguage\":\"en-US\",\"potentialAction\":[{\"@type\":\"ReadAction\",\"target\":[\"https:\/\/ceranordtremblant.com\/en\/produit\/bmb\"]}]},{\"@type\":\"ImageObject\",\"inLanguage\":\"en-US\",\"@id\":\"https:\/\/ceranordtremblant.com\/en\/produit\/bmb#primaryimage\",\"url\":\"https:\/\/ceranordtremblant.com\/wp-content\/uploads\/2026\/04\/BMB4.jpg\",\"contentUrl\":\"https:\/\/ceranordtremblant.com\/wp-content\/uploads\/2026\/04\/BMB4.jpg\",\"width\":2048,\"height\":2048},{\"@type\":\"BreadcrumbList\",\"@id\":\"https:\/\/ceranordtremblant.com\/en\/produit\/bmb#breadcrumb\",\"itemListElement\":[{\"@type\":\"ListItem\",\"position\":1,\"name\":\"Accueil\",\"item\":\"https:\/\/ceranordtremblant.com\/en\"},{\"@type\":\"ListItem\",\"position\":2,\"name\":\"Shop\",\"item\":\"https:\/\/ceranordtremblant.com\/en\/shop\"},{\"@type\":\"ListItem\",\"position\":3,\"name\":\"BMB\"}]},{\"@type\":\"WebSite\",\"@id\":\"https:\/\/ceranordtremblant.com\/#website\",\"url\":\"https:\/\/ceranordtremblant.com\/\",\"name\":\"C\u00e9ra-Nord\",\"description\":\"\",\"publisher\":{\"@id\":\"https:\/\/ceranordtremblant.com\/#organization\"},\"potentialAction\":[{\"@type\":\"SearchAction\",\"target\":{\"@type\":\"EntryPoint\",\"urlTemplate\":\"https:\/\/ceranordtremblant.com\/?s={search_term_string}\"},\"query-input\":{\"@type\":\"PropertyValueSpecification\",\"valueRequired\":true,\"valueName\":\"search_term_string\"}}],\"inLanguage\":\"en-US\"},{\"@type\":\"Organization\",\"@id\":\"https:\/\/ceranordtremblant.com\/#organization\",\"name\":\"C\u00e9ra-Nord\",\"url\":\"https:\/\/ceranordtremblant.com\/\",\"logo\":{\"@type\":\"ImageObject\",\"inLanguage\":\"en-US\",\"@id\":\"https:\/\/ceranordtremblant.com\/#\/schema\/logo\/image\/\",\"url\":\"https:\/\/ceranordtremblant.com\/wp-content\/uploads\/2024\/01\/logo-ceranord.jpg\",\"contentUrl\":\"https:\/\/ceranordtremblant.com\/wp-content\/uploads\/2024\/01\/logo-ceranord.jpg\",\"width\":200,\"height\":200,\"caption\":\"C\u00e9ra-Nord\"},\"image\":{\"@id\":\"https:\/\/ceranordtremblant.com\/#\/schema\/logo\/image\/\"},\"sameAs\":[\"https:\/\/www.facebook.com\/CeraNord\",\"https:\/\/www.instagram.com\/ceranord\/\"]}]}<\/script>\n<!-- \/ Yoast SEO plugin. -->","yoast_head_json":{"title":"BMB - C\u00e9ra-Nord","description":"Chez Cera Nord, nous sommes ravis de vous proposer les produits BMB, distributeur de la marque priv\u00e9e Planchers 1867. S\u00e9lectionn\u00e9s selon des crit\u00e8res rigoureux; r\u00e9sistance au climat nord-am\u00e9ricain, conformit\u00e9 aux normes de fabrication et contr\u00f4le de la qualit\u00e9, leurs produits sont le fruit d'une recherche constante des meilleures tendances \u00e0 travers le monde.","robots":{"index":"index","follow":"follow","max-snippet":"max-snippet:-1","max-image-preview":"max-image-preview:large","max-video-preview":"max-video-preview:-1"},"canonical":"https:\/\/ceranordtremblant.com\/en\/produit\/bmb","og_locale":"en_US","og_type":"article","og_title":"BMB - C\u00e9ra-Nord","og_description":"Chez Cera Nord, nous sommes ravis de vous proposer les produits BMB, distributeur de la marque priv\u00e9e Planchers 1867. S\u00e9lectionn\u00e9s selon des crit\u00e8res rigoureux; r\u00e9sistance au climat nord-am\u00e9ricain, conformit\u00e9 aux normes de fabrication et contr\u00f4le de la qualit\u00e9, leurs produits sont le fruit d'une recherche constante des meilleures tendances \u00e0 travers le monde.","og_url":"https:\/\/ceranordtremblant.com\/en\/produit\/bmb","og_site_name":"C\u00e9ra-Nord","article_publisher":"https:\/\/www.facebook.com\/CeraNord","article_modified_time":"2026-04-28T16:14:29+00:00","og_image":[{"width":2048,"height":2048,"url":"https:\/\/ceranordtremblant.com\/wp-content\/uploads\/2026\/04\/BMB4.jpg","type":"image\/jpeg"}],"twitter_card":"summary_large_image","twitter_misc":{"Est. reading time":"2 minutes"},"schema":{"@context":"https:\/\/schema.org","@graph":[{"@type":"WebPage","@id":"https:\/\/ceranordtremblant.com\/en\/produit\/bmb","url":"https:\/\/ceranordtremblant.com\/en\/produit\/bmb","name":"BMB - C\u00e9ra-Nord","isPartOf":{"@id":"https:\/\/ceranordtremblant.com\/#website"},"primaryImageOfPage":{"@id":"https:\/\/ceranordtremblant.com\/en\/produit\/bmb#primaryimage"},"image":{"@id":"https:\/\/ceranordtremblant.com\/en\/produit\/bmb#primaryimage"},"thumbnailUrl":"https:\/\/ceranordtremblant.com\/wp-content\/uploads\/2026\/04\/BMB4.jpg","datePublished":"2026-04-28T16:12:09+00:00","dateModified":"2026-04-28T16:14:29+00:00","description":"Chez Cera Nord, nous sommes ravis de vous proposer les produits BMB, distributeur de la marque priv\u00e9e Planchers 1867. S\u00e9lectionn\u00e9s selon des crit\u00e8res rigoureux; r\u00e9sistance au climat nord-am\u00e9ricain, conformit\u00e9 aux normes de fabrication et contr\u00f4le de la qualit\u00e9, leurs produits sont le fruit d'une recherche constante des meilleures tendances \u00e0 travers le monde.","breadcrumb":{"@id":"https:\/\/ceranordtremblant.com\/en\/produit\/bmb#breadcrumb"},"inLanguage":"en-US","potentialAction":[{"@type":"ReadAction","target":["https:\/\/ceranordtremblant.com\/en\/produit\/bmb"]}]},{"@type":"ImageObject","inLanguage":"en-US","@id":"https:\/\/ceranordtremblant.com\/en\/produit\/bmb#primaryimage","url":"https:\/\/ceranordtremblant.com\/wp-content\/uploads\/2026\/04\/BMB4.jpg","contentUrl":"https:\/\/ceranordtremblant.com\/wp-content\/uploads\/2026\/04\/BMB4.jpg","width":2048,"height":2048},{"@type":"BreadcrumbList","@id":"https:\/\/ceranordtremblant.com\/en\/produit\/bmb#breadcrumb","itemListElement":[{"@type":"ListItem","position":1,"name":"Accueil","item":"https:\/\/ceranordtremblant.com\/en"},{"@type":"ListItem","position":2,"name":"Shop","item":"https:\/\/ceranordtremblant.com\/en\/shop"},{"@type":"ListItem","position":3,"name":"BMB"}]},{"@type":"WebSite","@id":"https:\/\/ceranordtremblant.com\/#website","url":"https:\/\/ceranordtremblant.com\/","name":"C\u00e9ra-Nord","description":"","publisher":{"@id":"https:\/\/ceranordtremblant.com\/#organization"},"potentialAction":[{"@type":"SearchAction","target":{"@type":"EntryPoint","urlTemplate":"https:\/\/ceranordtremblant.com\/?s={search_term_string}"},"query-input":{"@type":"PropertyValueSpecification","valueRequired":true,"valueName":"search_term_string"}}],"inLanguage":"en-US"},{"@type":"Organization","@id":"https:\/\/ceranordtremblant.com\/#organization","name":"C\u00e9ra-Nord","url":"https:\/\/ceranordtremblant.com\/","logo":{"@type":"ImageObject","inLanguage":"en-US","@id":"https:\/\/ceranordtremblant.com\/#\/schema\/logo\/image\/","url":"https:\/\/ceranordtremblant.com\/wp-content\/uploads\/2024\/01\/logo-ceranord.jpg","contentUrl":"https:\/\/ceranordtremblant.com\/wp-content\/uploads\/2024\/01\/logo-ceranord.jpg","width":200,"height":200,"caption":"C\u00e9ra-Nord"},"image":{"@id":"https:\/\/ceranordtremblant.com\/#\/schema\/logo\/image\/"},"sameAs":["https:\/\/www.facebook.com\/CeraNord","https:\/\/www.instagram.com\/ceranord\/"]}]}},"_links":{"self":[{"href":"https:\/\/ceranordtremblant.com\/en\/wp-json\/wp\/v2\/product\/2593","targetHints":{"allow":["GET"]}}],"collection":[{"href":"https:\/\/ceranordtremblant.com\/en\/wp-json\/wp\/v2\/product"}],"about":[{"href":"https:\/\/ceranordtremblant.com\/en\/wp-json\/wp\/v2\/types\/product"}],"wp:featuredmedia":[{"embeddable":true,"href":"https:\/\/ceranordtremblant.com\/en\/wp-json\/wp\/v2\/media\/2584"}],"wp:attachment":[{"href":"https:\/\/ceranordtremblant.com\/en\/wp-json\/wp\/v2\/media?parent=2593"}],"wp:term":[{"taxonomy":"product_brand","embeddable":true,"href":"https:\/\/ceranordtremblant.com\/en\/wp-json\/wp\/v2\/product_brand?post=2593"},{"taxonomy":"product_cat","embeddable":true,"href":"https:\/\/ceranordtremblant.com\/en\/wp-json\/wp\/v2\/product_cat?post=2593"},{"taxonomy":"product_tag","embeddable":true,"href":"https:\/\/ceranordtremblant.com\/en\/wp-json\/wp\/v2\/product_tag?post=2593"}],"curies":[{"name":"wp","href":"https:\/\/api.w.org\/{rel}","templated":true}]}}