{"id":2575,"date":"2026-04-28T11:53:50","date_gmt":"2026-04-28T15:53:50","guid":{"rendered":"https:\/\/ceranordtremblant.com\/?post_type=product&#038;p=2575"},"modified":"2026-04-28T12:17:37","modified_gmt":"2026-04-28T16:17:37","slug":"ip-ceramique","status":"publish","type":"product","link":"https:\/\/ceranordtremblant.com\/en\/produit\/ip-ceramique","title":{"rendered":"IP C\u00c9RAMIQUE"},"content":{"rendered":"<p class=\"font-claude-response-body break-words whitespace-normal leading-[1.7]\">At Cera Nord, we are pleased to offer <a href=\"https:\/\/www.ipceramique.com\/\" target=\"_blank\" rel=\"noopener\">IP C\u00e9ramique<\/a> tiles, known for the quality and diversity of their collection. Shapes, colours, classic or bold styles \u2014 their range is sure to inspire your renovation projects, whether for a floor, a wall or any other surface. Practical and long-lasting, IP C\u00e9ramique tiles combine reliability and aesthetics to dress up your kitchen, bathroom or any space that deserves a little elegance.<\/p>\n<p class=\"font-claude-response-body break-words whitespace-normal leading-[1.7]\">Samples are available for each of our products. Come in to explore the colours and finishes offered by this exceptional supplier.<\/p>\n<p class=\"font-claude-response-body break-words whitespace-normal leading-[1.7]\"><a href=\"https:\/\/www.ipceramique.com\/nos-produits\/\" target=\"_blank\" rel=\"noopener\">| Discover the products |<\/a><\/p>\n<h6 class=\"font-claude-response-body break-words whitespace-normal leading-[1.7]\">Photo credit: IP C\u00e9ramique website<\/h6>\n","protected":false},"excerpt":{"rendered":"<p>At Cera Nord, we are pleased to offer <a href=\"https:\/\/www.ipceramique.com\/\" target=\"_blank\" rel=\"noopener\">IP C\u00e9ramique<\/a> tiles, known for the quality and diversity of their collection. Shapes, colours, classic or bold styles \u2014 their range is sure to inspire your renovation projects, whether for a floor, a wall or any other surface. Practical and long-lasting, IP C\u00e9ramique tiles combine reliability and aesthetics to dress up your kitchen, bathroom or any space that deserves a little elegance.<\/p>\n","protected":false},"featured_media":2574,"template":"","meta":[],"product_brand":[],"product_cat":[82],"product_tag":[],"class_list":{"0":"post-2575","1":"product","2":"type-product","3":"status-publish","4":"has-post-thumbnail","6":"product_cat-tiles","8":"first","9":"instock","10":"shipping-taxable","11":"product-type-simple"},"yoast_head":"<!-- This site is optimized with the Yoast SEO plugin v26.8 - https:\/\/yoast.com\/product\/yoast-seo-wordpress\/ -->\n<title>IP C\u00c9RAMIQUE - C\u00e9ra-Nord<\/title>\n<meta name=\"description\" content=\"At Cera Nord, we are pleased to offer IP C\u00e9ramique tiles, known for the quality and diversity of their collection. Shapes, colours, classic or bold styles \u2014 their range is sure to inspire your renovation projects, whether for a floor, a wall or any other surface. Practical and long-lasting, IP C\u00e9ramique tiles combine reliability and aesthetics to dress up your kitchen, bathroom or any space that deserves a little elegance.\" \/>\n<meta name=\"robots\" content=\"index, follow, max-snippet:-1, max-image-preview:large, max-video-preview:-1\" \/>\n<link rel=\"canonical\" href=\"https:\/\/ceranordtremblant.com\/en\/produit\/ip-ceramique\" \/>\n<meta property=\"og:locale\" content=\"en_US\" \/>\n<meta property=\"og:type\" content=\"article\" \/>\n<meta property=\"og:title\" content=\"IP C\u00c9RAMIQUE - C\u00e9ra-Nord\" \/>\n<meta property=\"og:description\" content=\"At Cera Nord, we are pleased to offer IP C\u00e9ramique tiles, known for the quality and diversity of their collection. Shapes, colours, classic or bold styles \u2014 their range is sure to inspire your renovation projects, whether for a floor, a wall or any other surface. Practical and long-lasting, IP C\u00e9ramique tiles combine reliability and aesthetics to dress up your kitchen, bathroom or any space that deserves a little elegance.\" \/>\n<meta property=\"og:url\" content=\"https:\/\/ceranordtremblant.com\/en\/produit\/ip-ceramique\" \/>\n<meta property=\"og:site_name\" content=\"C\u00e9ra-Nord\" \/>\n<meta property=\"article:publisher\" content=\"https:\/\/www.facebook.com\/CeraNord\" \/>\n<meta property=\"article:modified_time\" content=\"2026-04-28T16:17:37+00:00\" \/>\n<meta property=\"og:image\" content=\"https:\/\/ceranordtremblant.com\/wp-content\/uploads\/2026\/04\/ipceramique-4-1024x365.png\" \/>\n\t<meta property=\"og:image:width\" content=\"1024\" \/>\n\t<meta property=\"og:image:height\" content=\"365\" \/>\n\t<meta property=\"og:image:type\" content=\"image\/png\" \/>\n<meta name=\"twitter:card\" content=\"summary_large_image\" \/>\n<meta name=\"twitter:label1\" content=\"Est. reading time\" \/>\n\t<meta name=\"twitter:data1\" content=\"1 minute\" \/>\n<script type=\"application\/ld+json\" class=\"yoast-schema-graph\">{\"@context\":\"https:\/\/schema.org\",\"@graph\":[{\"@type\":\"WebPage\",\"@id\":\"https:\/\/ceranordtremblant.com\/en\/produit\/ip-ceramique\",\"url\":\"https:\/\/ceranordtremblant.com\/en\/produit\/ip-ceramique\",\"name\":\"IP C\u00c9RAMIQUE - C\u00e9ra-Nord\",\"isPartOf\":{\"@id\":\"https:\/\/ceranordtremblant.com\/#website\"},\"primaryImageOfPage\":{\"@id\":\"https:\/\/ceranordtremblant.com\/en\/produit\/ip-ceramique#primaryimage\"},\"image\":{\"@id\":\"https:\/\/ceranordtremblant.com\/en\/produit\/ip-ceramique#primaryimage\"},\"thumbnailUrl\":\"https:\/\/ceranordtremblant.com\/wp-content\/uploads\/2026\/04\/ipceramique-4-scaled.png\",\"datePublished\":\"2026-04-28T15:53:50+00:00\",\"dateModified\":\"2026-04-28T16:17:37+00:00\",\"description\":\"At Cera Nord, we are pleased to offer IP C\u00e9ramique tiles, known for the quality and diversity of their collection. Shapes, colours, classic or bold styles \u2014 their range is sure to inspire your renovation projects, whether for a floor, a wall or any other surface. Practical and long-lasting, IP C\u00e9ramique tiles combine reliability and aesthetics to dress up your kitchen, bathroom or any space that deserves a little elegance.\",\"breadcrumb\":{\"@id\":\"https:\/\/ceranordtremblant.com\/en\/produit\/ip-ceramique#breadcrumb\"},\"inLanguage\":\"en-US\",\"potentialAction\":[{\"@type\":\"ReadAction\",\"target\":[\"https:\/\/ceranordtremblant.com\/en\/produit\/ip-ceramique\"]}]},{\"@type\":\"ImageObject\",\"inLanguage\":\"en-US\",\"@id\":\"https:\/\/ceranordtremblant.com\/en\/produit\/ip-ceramique#primaryimage\",\"url\":\"https:\/\/ceranordtremblant.com\/wp-content\/uploads\/2026\/04\/ipceramique-4-scaled.png\",\"contentUrl\":\"https:\/\/ceranordtremblant.com\/wp-content\/uploads\/2026\/04\/ipceramique-4-scaled.png\",\"width\":2560,\"height\":912},{\"@type\":\"BreadcrumbList\",\"@id\":\"https:\/\/ceranordtremblant.com\/en\/produit\/ip-ceramique#breadcrumb\",\"itemListElement\":[{\"@type\":\"ListItem\",\"position\":1,\"name\":\"Accueil\",\"item\":\"https:\/\/ceranordtremblant.com\/en\"},{\"@type\":\"ListItem\",\"position\":2,\"name\":\"Shop\",\"item\":\"https:\/\/ceranordtremblant.com\/en\/shop\"},{\"@type\":\"ListItem\",\"position\":3,\"name\":\"IP C\u00c9RAMIQUE\"}]},{\"@type\":\"WebSite\",\"@id\":\"https:\/\/ceranordtremblant.com\/#website\",\"url\":\"https:\/\/ceranordtremblant.com\/\",\"name\":\"C\u00e9ra-Nord\",\"description\":\"\",\"publisher\":{\"@id\":\"https:\/\/ceranordtremblant.com\/#organization\"},\"potentialAction\":[{\"@type\":\"SearchAction\",\"target\":{\"@type\":\"EntryPoint\",\"urlTemplate\":\"https:\/\/ceranordtremblant.com\/?s={search_term_string}\"},\"query-input\":{\"@type\":\"PropertyValueSpecification\",\"valueRequired\":true,\"valueName\":\"search_term_string\"}}],\"inLanguage\":\"en-US\"},{\"@type\":\"Organization\",\"@id\":\"https:\/\/ceranordtremblant.com\/#organization\",\"name\":\"C\u00e9ra-Nord\",\"url\":\"https:\/\/ceranordtremblant.com\/\",\"logo\":{\"@type\":\"ImageObject\",\"inLanguage\":\"en-US\",\"@id\":\"https:\/\/ceranordtremblant.com\/#\/schema\/logo\/image\/\",\"url\":\"https:\/\/ceranordtremblant.com\/wp-content\/uploads\/2024\/01\/logo-ceranord.jpg\",\"contentUrl\":\"https:\/\/ceranordtremblant.com\/wp-content\/uploads\/2024\/01\/logo-ceranord.jpg\",\"width\":200,\"height\":200,\"caption\":\"C\u00e9ra-Nord\"},\"image\":{\"@id\":\"https:\/\/ceranordtremblant.com\/#\/schema\/logo\/image\/\"},\"sameAs\":[\"https:\/\/www.facebook.com\/CeraNord\",\"https:\/\/www.instagram.com\/ceranord\/\"]}]}<\/script>\n<!-- \/ Yoast SEO plugin. -->","yoast_head_json":{"title":"IP C\u00c9RAMIQUE - C\u00e9ra-Nord","description":"At Cera Nord, we are pleased to offer IP C\u00e9ramique tiles, known for the quality and diversity of their collection. Shapes, colours, classic or bold styles \u2014 their range is sure to inspire your renovation projects, whether for a floor, a wall or any other surface. Practical and long-lasting, IP C\u00e9ramique tiles combine reliability and aesthetics to dress up your kitchen, bathroom or any space that deserves a little elegance.","robots":{"index":"index","follow":"follow","max-snippet":"max-snippet:-1","max-image-preview":"max-image-preview:large","max-video-preview":"max-video-preview:-1"},"canonical":"https:\/\/ceranordtremblant.com\/en\/produit\/ip-ceramique","og_locale":"en_US","og_type":"article","og_title":"IP C\u00c9RAMIQUE - C\u00e9ra-Nord","og_description":"At Cera Nord, we are pleased to offer IP C\u00e9ramique tiles, known for the quality and diversity of their collection. Shapes, colours, classic or bold styles \u2014 their range is sure to inspire your renovation projects, whether for a floor, a wall or any other surface. Practical and long-lasting, IP C\u00e9ramique tiles combine reliability and aesthetics to dress up your kitchen, bathroom or any space that deserves a little elegance.","og_url":"https:\/\/ceranordtremblant.com\/en\/produit\/ip-ceramique","og_site_name":"C\u00e9ra-Nord","article_publisher":"https:\/\/www.facebook.com\/CeraNord","article_modified_time":"2026-04-28T16:17:37+00:00","og_image":[{"width":1024,"height":365,"url":"https:\/\/ceranordtremblant.com\/wp-content\/uploads\/2026\/04\/ipceramique-4-1024x365.png","type":"image\/png"}],"twitter_card":"summary_large_image","twitter_misc":{"Est. reading time":"1 minute"},"schema":{"@context":"https:\/\/schema.org","@graph":[{"@type":"WebPage","@id":"https:\/\/ceranordtremblant.com\/en\/produit\/ip-ceramique","url":"https:\/\/ceranordtremblant.com\/en\/produit\/ip-ceramique","name":"IP C\u00c9RAMIQUE - C\u00e9ra-Nord","isPartOf":{"@id":"https:\/\/ceranordtremblant.com\/#website"},"primaryImageOfPage":{"@id":"https:\/\/ceranordtremblant.com\/en\/produit\/ip-ceramique#primaryimage"},"image":{"@id":"https:\/\/ceranordtremblant.com\/en\/produit\/ip-ceramique#primaryimage"},"thumbnailUrl":"https:\/\/ceranordtremblant.com\/wp-content\/uploads\/2026\/04\/ipceramique-4-scaled.png","datePublished":"2026-04-28T15:53:50+00:00","dateModified":"2026-04-28T16:17:37+00:00","description":"At Cera Nord, we are pleased to offer IP C\u00e9ramique tiles, known for the quality and diversity of their collection. Shapes, colours, classic or bold styles \u2014 their range is sure to inspire your renovation projects, whether for a floor, a wall or any other surface. Practical and long-lasting, IP C\u00e9ramique tiles combine reliability and aesthetics to dress up your kitchen, bathroom or any space that deserves a little elegance.","breadcrumb":{"@id":"https:\/\/ceranordtremblant.com\/en\/produit\/ip-ceramique#breadcrumb"},"inLanguage":"en-US","potentialAction":[{"@type":"ReadAction","target":["https:\/\/ceranordtremblant.com\/en\/produit\/ip-ceramique"]}]},{"@type":"ImageObject","inLanguage":"en-US","@id":"https:\/\/ceranordtremblant.com\/en\/produit\/ip-ceramique#primaryimage","url":"https:\/\/ceranordtremblant.com\/wp-content\/uploads\/2026\/04\/ipceramique-4-scaled.png","contentUrl":"https:\/\/ceranordtremblant.com\/wp-content\/uploads\/2026\/04\/ipceramique-4-scaled.png","width":2560,"height":912},{"@type":"BreadcrumbList","@id":"https:\/\/ceranordtremblant.com\/en\/produit\/ip-ceramique#breadcrumb","itemListElement":[{"@type":"ListItem","position":1,"name":"Accueil","item":"https:\/\/ceranordtremblant.com\/en"},{"@type":"ListItem","position":2,"name":"Shop","item":"https:\/\/ceranordtremblant.com\/en\/shop"},{"@type":"ListItem","position":3,"name":"IP C\u00c9RAMIQUE"}]},{"@type":"WebSite","@id":"https:\/\/ceranordtremblant.com\/#website","url":"https:\/\/ceranordtremblant.com\/","name":"C\u00e9ra-Nord","description":"","publisher":{"@id":"https:\/\/ceranordtremblant.com\/#organization"},"potentialAction":[{"@type":"SearchAction","target":{"@type":"EntryPoint","urlTemplate":"https:\/\/ceranordtremblant.com\/?s={search_term_string}"},"query-input":{"@type":"PropertyValueSpecification","valueRequired":true,"valueName":"search_term_string"}}],"inLanguage":"en-US"},{"@type":"Organization","@id":"https:\/\/ceranordtremblant.com\/#organization","name":"C\u00e9ra-Nord","url":"https:\/\/ceranordtremblant.com\/","logo":{"@type":"ImageObject","inLanguage":"en-US","@id":"https:\/\/ceranordtremblant.com\/#\/schema\/logo\/image\/","url":"https:\/\/ceranordtremblant.com\/wp-content\/uploads\/2024\/01\/logo-ceranord.jpg","contentUrl":"https:\/\/ceranordtremblant.com\/wp-content\/uploads\/2024\/01\/logo-ceranord.jpg","width":200,"height":200,"caption":"C\u00e9ra-Nord"},"image":{"@id":"https:\/\/ceranordtremblant.com\/#\/schema\/logo\/image\/"},"sameAs":["https:\/\/www.facebook.com\/CeraNord","https:\/\/www.instagram.com\/ceranord\/"]}]}},"_links":{"self":[{"href":"https:\/\/ceranordtremblant.com\/en\/wp-json\/wp\/v2\/product\/2575","targetHints":{"allow":["GET"]}}],"collection":[{"href":"https:\/\/ceranordtremblant.com\/en\/wp-json\/wp\/v2\/product"}],"about":[{"href":"https:\/\/ceranordtremblant.com\/en\/wp-json\/wp\/v2\/types\/product"}],"wp:featuredmedia":[{"embeddable":true,"href":"https:\/\/ceranordtremblant.com\/en\/wp-json\/wp\/v2\/media\/2574"}],"wp:attachment":[{"href":"https:\/\/ceranordtremblant.com\/en\/wp-json\/wp\/v2\/media?parent=2575"}],"wp:term":[{"taxonomy":"product_brand","embeddable":true,"href":"https:\/\/ceranordtremblant.com\/en\/wp-json\/wp\/v2\/product_brand?post=2575"},{"taxonomy":"product_cat","embeddable":true,"href":"https:\/\/ceranordtremblant.com\/en\/wp-json\/wp\/v2\/product_cat?post=2575"},{"taxonomy":"product_tag","embeddable":true,"href":"https:\/\/ceranordtremblant.com\/en\/wp-json\/wp\/v2\/product_tag?post=2575"}],"curies":[{"name":"wp","href":"https:\/\/api.w.org\/{rel}","templated":true}]}}