{"id":1000,"date":"2024-03-13T09:27:35","date_gmt":"2024-03-13T13:27:35","guid":{"rendered":"https:\/\/ceranordtremblant.com\/produit\/985\/"},"modified":"2025-10-10T13:33:20","modified_gmt":"2025-10-10T17:33:20","slug":"985","status":"publish","type":"product","link":"https:\/\/ceranordtremblant.com\/en\/produit\/985","title":{"rendered":"PAVIGR\u00c8S"},"content":{"rendered":"<p data-start=\"1695\" data-end=\"1760\"><strong data-start=\"1695\" data-end=\"1758\">Set the tone with Pavigr\u00e8s ceramic and natural stone tiles.<\/strong><\/p>\n<p data-start=\"1762\" data-end=\"2047\">Explore our extensive collection of <strong data-start=\"1798\" data-end=\"1839\">modern and contemporary ceramic tiles<\/strong> for floors and walls. Discover their beautiful range of colours and glazed finishes. The mission of <strong data-start=\"1940\" data-end=\"1952\">Pavigr\u00e8s<\/strong> is simple \u2014 to inspire customers with the world\u2019s finest ceramic and natural stone products.<\/p>\n<p data-start=\"2049\" data-end=\"2075\"><strong data-start=\"2049\" data-end=\"2073\">Why choose Pavigr\u00e8s?<\/strong><\/p>\n<ul data-start=\"2076\" data-end=\"2325\">\n<li data-start=\"2076\" data-end=\"2165\">\n<p data-start=\"2078\" data-end=\"2165\"><strong data-start=\"2078\" data-end=\"2102\">Extensive collection<\/strong>: modern and contemporary ceramic tiles for floors and walls.<\/p>\n<\/li>\n<li data-start=\"2166\" data-end=\"2243\">\n<p data-start=\"2168\" data-end=\"2243\"><strong data-start=\"2168\" data-end=\"2193\">High-quality products<\/strong>: superior European ceramics and natural stones.<\/p>\n<\/li>\n<li data-start=\"2244\" data-end=\"2325\">\n<p data-start=\"2246\" data-end=\"2325\"><strong data-start=\"2246\" data-end=\"2266\">Family tradition<\/strong>: a company built on expertise and a passion for quality.<\/p>\n<\/li>\n<\/ul>\n<p data-start=\"2327\" data-end=\"2630\">At <strong data-start=\"2330\" data-end=\"2343\">Cera Nord<\/strong>, we are dedicated to providing aesthetic and durable solutions for all your construction and interior design projects.<br data-start=\"2462\" data-end=\"2465\" \/>Integrating <strong data-start=\"2477\" data-end=\"2489\">Pavigr\u00e8s<\/strong> products into our catalog allows us to better meet your needs with innovative, high-quality materials that combine beauty and performance.<\/p>\n<p data-start=\"2632\" data-end=\"2655\"><strong data-start=\"2632\" data-end=\"2653\">Products offered:<\/strong><\/p>\n<ul data-start=\"2656\" data-end=\"2780\">\n<li data-start=\"2656\" data-end=\"2673\">\n<p data-start=\"2658\" data-end=\"2673\">Ceramic tiles<\/p>\n<\/li>\n<li data-start=\"2674\" data-end=\"2693\">\n<p data-start=\"2676\" data-end=\"2693\">Porcelain tiles<\/p>\n<\/li>\n<li data-start=\"2694\" data-end=\"2710\">\n<p data-start=\"2696\" data-end=\"2710\">Luxury vinyl<\/p>\n<\/li>\n<li data-start=\"2711\" data-end=\"2732\">\n<p data-start=\"2713\" data-end=\"2732\">Decorative stones<\/p>\n<\/li>\n<li data-start=\"2733\" data-end=\"2744\">\n<p data-start=\"2735\" data-end=\"2744\">Mosaics<\/p>\n<\/li>\n<li data-start=\"2745\" data-end=\"2762\">\n<p data-start=\"2747\" data-end=\"2762\">Outdoor tiles<\/p>\n<\/li>\n<li data-start=\"2763\" data-end=\"2780\">\n<p data-start=\"2765\" data-end=\"2780\">Natural stone<\/p>\n<\/li>\n<\/ul>\n<p data-start=\"2782\" data-end=\"2915\">We carry samples of all our products. Visit our showroom to explore the full range of colours and finishes offered by our supplier.<\/p>\n<p data-start=\"2917\" data-end=\"2970\"><a href=\"https:\/\/pavigres.ca\/en\/collections\/\" target=\"_blank\" rel=\"noopener\">| Explore the products |<\/a><\/p>\n<p>&nbsp;<\/p>\n<h6><em>Photo credits: Pavigr\u00e8s website<\/em><\/h6>\n","protected":false},"excerpt":{"rendered":"<p>At Cera Nord, we offer Pavigr\u00e8s\u2019 high-quality modern and contemporary ceramic tiles and natural stones, inspiring your construction and interior design projects.<\/p>\n","protected":false},"featured_media":987,"template":"","meta":[],"product_brand":[],"product_cat":[99,82],"product_tag":[],"class_list":{"0":"post-1000","1":"product","2":"type-product","3":"status-publish","4":"has-post-thumbnail","6":"product_cat-pavigres-en","7":"product_cat-tiles","9":"first","10":"instock","11":"shipping-taxable","12":"product-type-simple"},"yoast_head":"<!-- This site is optimized with the Yoast SEO plugin v26.8 - https:\/\/yoast.com\/product\/yoast-seo-wordpress\/ -->\n<title>PAVIGR\u00c8S - C\u00e9ra-Nord<\/title>\n<meta name=\"description\" content=\"At Cera Nord, we offer Pavigr\u00e8s\u2019 high-quality modern and contemporary ceramic tiles and natural stones, inspiring your construction and interior design projects.\" \/>\n<meta name=\"robots\" content=\"index, follow, max-snippet:-1, max-image-preview:large, max-video-preview:-1\" \/>\n<link rel=\"canonical\" href=\"https:\/\/ceranordtremblant.com\/en\/produit\/985\" \/>\n<meta property=\"og:locale\" content=\"en_US\" \/>\n<meta property=\"og:type\" content=\"article\" \/>\n<meta property=\"og:title\" content=\"PAVIGR\u00c8S - C\u00e9ra-Nord\" \/>\n<meta property=\"og:description\" content=\"At Cera Nord, we offer Pavigr\u00e8s\u2019 high-quality modern and contemporary ceramic tiles and natural stones, inspiring your construction and interior design projects.\" \/>\n<meta property=\"og:url\" content=\"https:\/\/ceranordtremblant.com\/en\/produit\/985\" \/>\n<meta property=\"og:site_name\" content=\"C\u00e9ra-Nord\" \/>\n<meta property=\"article:publisher\" content=\"https:\/\/www.facebook.com\/CeraNord\" \/>\n<meta property=\"article:modified_time\" content=\"2025-10-10T17:33:20+00:00\" \/>\n<meta property=\"og:image\" content=\"https:\/\/ceranordtremblant.com\/wp-content\/uploads\/2024\/03\/Pavigres-amsterdam-grey.jpeg\" \/>\n\t<meta property=\"og:image:width\" content=\"2560\" \/>\n\t<meta property=\"og:image:height\" content=\"1792\" \/>\n\t<meta property=\"og:image:type\" content=\"image\/jpeg\" \/>\n<meta name=\"twitter:card\" content=\"summary_large_image\" \/>\n<meta name=\"twitter:label1\" content=\"Est. reading time\" \/>\n\t<meta name=\"twitter:data1\" content=\"2 minutes\" \/>\n<script type=\"application\/ld+json\" class=\"yoast-schema-graph\">{\"@context\":\"https:\/\/schema.org\",\"@graph\":[{\"@type\":\"WebPage\",\"@id\":\"https:\/\/ceranordtremblant.com\/en\/produit\/985\",\"url\":\"https:\/\/ceranordtremblant.com\/en\/produit\/985\",\"name\":\"PAVIGR\u00c8S - C\u00e9ra-Nord\",\"isPartOf\":{\"@id\":\"https:\/\/ceranordtremblant.com\/#website\"},\"primaryImageOfPage\":{\"@id\":\"https:\/\/ceranordtremblant.com\/en\/produit\/985#primaryimage\"},\"image\":{\"@id\":\"https:\/\/ceranordtremblant.com\/en\/produit\/985#primaryimage\"},\"thumbnailUrl\":\"https:\/\/ceranordtremblant.com\/wp-content\/uploads\/2024\/03\/Pavigres-amsterdam-grey.jpeg\",\"datePublished\":\"2024-03-13T13:27:35+00:00\",\"dateModified\":\"2025-10-10T17:33:20+00:00\",\"description\":\"At Cera Nord, we offer Pavigr\u00e8s\u2019 high-quality modern and contemporary ceramic tiles and natural stones, inspiring your construction and interior design projects.\",\"breadcrumb\":{\"@id\":\"https:\/\/ceranordtremblant.com\/en\/produit\/985#breadcrumb\"},\"inLanguage\":\"en-US\",\"potentialAction\":[{\"@type\":\"ReadAction\",\"target\":[\"https:\/\/ceranordtremblant.com\/en\/produit\/985\"]}]},{\"@type\":\"ImageObject\",\"inLanguage\":\"en-US\",\"@id\":\"https:\/\/ceranordtremblant.com\/en\/produit\/985#primaryimage\",\"url\":\"https:\/\/ceranordtremblant.com\/wp-content\/uploads\/2024\/03\/Pavigres-amsterdam-grey.jpeg\",\"contentUrl\":\"https:\/\/ceranordtremblant.com\/wp-content\/uploads\/2024\/03\/Pavigres-amsterdam-grey.jpeg\",\"width\":2560,\"height\":1792,\"caption\":\"Vaste collection de tuiles en c\u00e9ramique modernes et contemporaines pour planchers ou murs\"},{\"@type\":\"BreadcrumbList\",\"@id\":\"https:\/\/ceranordtremblant.com\/en\/produit\/985#breadcrumb\",\"itemListElement\":[{\"@type\":\"ListItem\",\"position\":1,\"name\":\"Accueil\",\"item\":\"https:\/\/ceranordtremblant.com\/en\"},{\"@type\":\"ListItem\",\"position\":2,\"name\":\"Shop\",\"item\":\"https:\/\/ceranordtremblant.com\/en\/shop\"},{\"@type\":\"ListItem\",\"position\":3,\"name\":\"PAVIGR\u00c8S\"}]},{\"@type\":\"WebSite\",\"@id\":\"https:\/\/ceranordtremblant.com\/#website\",\"url\":\"https:\/\/ceranordtremblant.com\/\",\"name\":\"C\u00e9ra-Nord\",\"description\":\"\",\"publisher\":{\"@id\":\"https:\/\/ceranordtremblant.com\/#organization\"},\"potentialAction\":[{\"@type\":\"SearchAction\",\"target\":{\"@type\":\"EntryPoint\",\"urlTemplate\":\"https:\/\/ceranordtremblant.com\/?s={search_term_string}\"},\"query-input\":{\"@type\":\"PropertyValueSpecification\",\"valueRequired\":true,\"valueName\":\"search_term_string\"}}],\"inLanguage\":\"en-US\"},{\"@type\":\"Organization\",\"@id\":\"https:\/\/ceranordtremblant.com\/#organization\",\"name\":\"C\u00e9ra-Nord\",\"url\":\"https:\/\/ceranordtremblant.com\/\",\"logo\":{\"@type\":\"ImageObject\",\"inLanguage\":\"en-US\",\"@id\":\"https:\/\/ceranordtremblant.com\/#\/schema\/logo\/image\/\",\"url\":\"https:\/\/ceranordtremblant.com\/wp-content\/uploads\/2024\/01\/logo-ceranord.jpg\",\"contentUrl\":\"https:\/\/ceranordtremblant.com\/wp-content\/uploads\/2024\/01\/logo-ceranord.jpg\",\"width\":200,\"height\":200,\"caption\":\"C\u00e9ra-Nord\"},\"image\":{\"@id\":\"https:\/\/ceranordtremblant.com\/#\/schema\/logo\/image\/\"},\"sameAs\":[\"https:\/\/www.facebook.com\/CeraNord\",\"https:\/\/www.instagram.com\/ceranord\/\"]}]}<\/script>\n<!-- \/ Yoast SEO plugin. -->","yoast_head_json":{"title":"PAVIGR\u00c8S - C\u00e9ra-Nord","description":"At Cera Nord, we offer Pavigr\u00e8s\u2019 high-quality modern and contemporary ceramic tiles and natural stones, inspiring your construction and interior design projects.","robots":{"index":"index","follow":"follow","max-snippet":"max-snippet:-1","max-image-preview":"max-image-preview:large","max-video-preview":"max-video-preview:-1"},"canonical":"https:\/\/ceranordtremblant.com\/en\/produit\/985","og_locale":"en_US","og_type":"article","og_title":"PAVIGR\u00c8S - C\u00e9ra-Nord","og_description":"At Cera Nord, we offer Pavigr\u00e8s\u2019 high-quality modern and contemporary ceramic tiles and natural stones, inspiring your construction and interior design projects.","og_url":"https:\/\/ceranordtremblant.com\/en\/produit\/985","og_site_name":"C\u00e9ra-Nord","article_publisher":"https:\/\/www.facebook.com\/CeraNord","article_modified_time":"2025-10-10T17:33:20+00:00","og_image":[{"width":2560,"height":1792,"url":"https:\/\/ceranordtremblant.com\/wp-content\/uploads\/2024\/03\/Pavigres-amsterdam-grey.jpeg","type":"image\/jpeg"}],"twitter_card":"summary_large_image","twitter_misc":{"Est. reading time":"2 minutes"},"schema":{"@context":"https:\/\/schema.org","@graph":[{"@type":"WebPage","@id":"https:\/\/ceranordtremblant.com\/en\/produit\/985","url":"https:\/\/ceranordtremblant.com\/en\/produit\/985","name":"PAVIGR\u00c8S - C\u00e9ra-Nord","isPartOf":{"@id":"https:\/\/ceranordtremblant.com\/#website"},"primaryImageOfPage":{"@id":"https:\/\/ceranordtremblant.com\/en\/produit\/985#primaryimage"},"image":{"@id":"https:\/\/ceranordtremblant.com\/en\/produit\/985#primaryimage"},"thumbnailUrl":"https:\/\/ceranordtremblant.com\/wp-content\/uploads\/2024\/03\/Pavigres-amsterdam-grey.jpeg","datePublished":"2024-03-13T13:27:35+00:00","dateModified":"2025-10-10T17:33:20+00:00","description":"At Cera Nord, we offer Pavigr\u00e8s\u2019 high-quality modern and contemporary ceramic tiles and natural stones, inspiring your construction and interior design projects.","breadcrumb":{"@id":"https:\/\/ceranordtremblant.com\/en\/produit\/985#breadcrumb"},"inLanguage":"en-US","potentialAction":[{"@type":"ReadAction","target":["https:\/\/ceranordtremblant.com\/en\/produit\/985"]}]},{"@type":"ImageObject","inLanguage":"en-US","@id":"https:\/\/ceranordtremblant.com\/en\/produit\/985#primaryimage","url":"https:\/\/ceranordtremblant.com\/wp-content\/uploads\/2024\/03\/Pavigres-amsterdam-grey.jpeg","contentUrl":"https:\/\/ceranordtremblant.com\/wp-content\/uploads\/2024\/03\/Pavigres-amsterdam-grey.jpeg","width":2560,"height":1792,"caption":"Vaste collection de tuiles en c\u00e9ramique modernes et contemporaines pour planchers ou murs"},{"@type":"BreadcrumbList","@id":"https:\/\/ceranordtremblant.com\/en\/produit\/985#breadcrumb","itemListElement":[{"@type":"ListItem","position":1,"name":"Accueil","item":"https:\/\/ceranordtremblant.com\/en"},{"@type":"ListItem","position":2,"name":"Shop","item":"https:\/\/ceranordtremblant.com\/en\/shop"},{"@type":"ListItem","position":3,"name":"PAVIGR\u00c8S"}]},{"@type":"WebSite","@id":"https:\/\/ceranordtremblant.com\/#website","url":"https:\/\/ceranordtremblant.com\/","name":"C\u00e9ra-Nord","description":"","publisher":{"@id":"https:\/\/ceranordtremblant.com\/#organization"},"potentialAction":[{"@type":"SearchAction","target":{"@type":"EntryPoint","urlTemplate":"https:\/\/ceranordtremblant.com\/?s={search_term_string}"},"query-input":{"@type":"PropertyValueSpecification","valueRequired":true,"valueName":"search_term_string"}}],"inLanguage":"en-US"},{"@type":"Organization","@id":"https:\/\/ceranordtremblant.com\/#organization","name":"C\u00e9ra-Nord","url":"https:\/\/ceranordtremblant.com\/","logo":{"@type":"ImageObject","inLanguage":"en-US","@id":"https:\/\/ceranordtremblant.com\/#\/schema\/logo\/image\/","url":"https:\/\/ceranordtremblant.com\/wp-content\/uploads\/2024\/01\/logo-ceranord.jpg","contentUrl":"https:\/\/ceranordtremblant.com\/wp-content\/uploads\/2024\/01\/logo-ceranord.jpg","width":200,"height":200,"caption":"C\u00e9ra-Nord"},"image":{"@id":"https:\/\/ceranordtremblant.com\/#\/schema\/logo\/image\/"},"sameAs":["https:\/\/www.facebook.com\/CeraNord","https:\/\/www.instagram.com\/ceranord\/"]}]}},"_links":{"self":[{"href":"https:\/\/ceranordtremblant.com\/en\/wp-json\/wp\/v2\/product\/1000","targetHints":{"allow":["GET"]}}],"collection":[{"href":"https:\/\/ceranordtremblant.com\/en\/wp-json\/wp\/v2\/product"}],"about":[{"href":"https:\/\/ceranordtremblant.com\/en\/wp-json\/wp\/v2\/types\/product"}],"wp:featuredmedia":[{"embeddable":true,"href":"https:\/\/ceranordtremblant.com\/en\/wp-json\/wp\/v2\/media\/987"}],"wp:attachment":[{"href":"https:\/\/ceranordtremblant.com\/en\/wp-json\/wp\/v2\/media?parent=1000"}],"wp:term":[{"taxonomy":"product_brand","embeddable":true,"href":"https:\/\/ceranordtremblant.com\/en\/wp-json\/wp\/v2\/product_brand?post=1000"},{"taxonomy":"product_cat","embeddable":true,"href":"https:\/\/ceranordtremblant.com\/en\/wp-json\/wp\/v2\/product_cat?post=1000"},{"taxonomy":"product_tag","embeddable":true,"href":"https:\/\/ceranordtremblant.com\/en\/wp-json\/wp\/v2\/product_tag?post=1000"}],"curies":[{"name":"wp","href":"https:\/\/api.w.org\/{rel}","templated":true}]}}