{"id":1371,"date":"2024-01-24T04:21:09","date_gmt":"2024-01-24T09:21:09","guid":{"rendered":"https:\/\/ceranordtremblant.com\/nos-realisations\/"},"modified":"2024-05-16T12:53:09","modified_gmt":"2024-05-16T16:53:09","slug":"realizations","status":"publish","type":"page","link":"https:\/\/ceranordtremblant.com\/en\/realizations","title":{"rendered":"Our realizations"},"content":{"rendered":"\t\t<div data-elementor-type=\"wp-page\" data-elementor-id=\"1371\" class=\"elementor elementor-1371 elementor-520\" data-elementor-post-type=\"page\">\n\t\t\t\t<div class=\"elementor-element elementor-element-bc39c0d e-flex e-con-boxed e-con e-parent\" data-id=\"bc39c0d\" data-element_type=\"container\" data-e-type=\"container\" data-settings=\"{&quot;background_background&quot;:&quot;classic&quot;}\">\n\t\t\t\t\t<div class=\"e-con-inner\">\n\t\t\t\t<div class=\"elementor-element elementor-element-788235f elementor-widget elementor-widget-heading\" data-id=\"788235f\" data-element_type=\"widget\" data-e-type=\"widget\" data-widget_type=\"heading.default\">\n\t\t\t\t<div class=\"elementor-widget-container\">\n\t\t\t\t\t<h1 class=\"elementor-heading-title elementor-size-default\">Our realizations<\/h1>\t\t\t\t<\/div>\n\t\t\t\t<\/div>\n\t\t\t\t\t<\/div>\n\t\t\t\t<\/div>\n\t\t<div class=\"elementor-element elementor-element-75ff193 e-flex e-con-boxed e-con e-parent\" data-id=\"75ff193\" data-element_type=\"container\" data-e-type=\"container\" data-settings=\"{&quot;background_background&quot;:&quot;classic&quot;}\">\n\t\t\t\t\t<div class=\"e-con-inner\">\n\t\t\t\t<div class=\"elementor-element elementor-element-60c517e elementor-widget elementor-widget-gallery\" data-id=\"60c517e\" data-element_type=\"widget\" data-e-type=\"widget\" data-settings=\"{&quot;overlay_title&quot;:&quot;caption&quot;,&quot;overlay_description&quot;:&quot;title&quot;,&quot;lazyload&quot;:&quot;yes&quot;,&quot;gallery_layout&quot;:&quot;grid&quot;,&quot;columns&quot;:4,&quot;columns_tablet&quot;:2,&quot;columns_mobile&quot;:1,&quot;gap&quot;:{&quot;unit&quot;:&quot;px&quot;,&quot;size&quot;:10,&quot;sizes&quot;:[]},&quot;gap_tablet&quot;:{&quot;unit&quot;:&quot;px&quot;,&quot;size&quot;:10,&quot;sizes&quot;:[]},&quot;gap_mobile&quot;:{&quot;unit&quot;:&quot;px&quot;,&quot;size&quot;:10,&quot;sizes&quot;:[]},&quot;link_to&quot;:&quot;file&quot;,&quot;aspect_ratio&quot;:&quot;3:2&quot;,&quot;show_all_galleries&quot;:&quot;yes&quot;,&quot;overlay_background&quot;:&quot;yes&quot;,&quot;content_hover_animation&quot;:&quot;fade-in&quot;}\" data-widget_type=\"gallery.default\">\n\t\t\t\t<div class=\"elementor-widget-container\">\n\t\t\t\t\t\t\t\t<div class=\"elementor-gallery__titles-container e--pointer-text e--animation-grow\" aria-label=\"Gallery filter\">\n\t\t\t\t\t\t\t\t\t<a class=\"elementor-item elementor-gallery-title\" role=\"button\" tabindex=\"0\" data-gallery-index=\"all\">\n\t\t\t\t\t\tTout\t\t\t\t\t<\/a>\n\t\t\t\t\n\t\t\t\t\t\t\t\t\t<a class=\"elementor-item elementor-gallery-title\" role=\"button\" tabindex=\"0\" data-gallery-index=\"0\">\n\t\t\t\t\t\tComptoir\t\t\t\t\t<\/a>\n\t\t\t\t\t\t\t\t\t\t<a class=\"elementor-item elementor-gallery-title\" role=\"button\" tabindex=\"0\" data-gallery-index=\"1\">\n\t\t\t\t\t\tDouche\/Bain \t\t\t\t\t<\/a>\n\t\t\t\t\t\t\t\t\t\t<a class=\"elementor-item elementor-gallery-title\" role=\"button\" tabindex=\"0\" data-gallery-index=\"2\">\n\t\t\t\t\t\tCouvre plancher \t\t\t\t\t<\/a>\n\t\t\t\t\t\t\t\t\t\t<a class=\"elementor-item elementor-gallery-title\" role=\"button\" tabindex=\"0\" data-gallery-index=\"3\">\n\t\t\t\t\t\tPierre\t\t\t\t\t<\/a>\n\t\t\t\t\t\t\t\t\t\t<a class=\"elementor-item elementor-gallery-title\" role=\"button\" tabindex=\"0\" data-gallery-index=\"4\">\n\t\t\t\t\t\tTuile \t\t\t\t\t<\/a>\n\t\t\t\t\t\t\t\t<\/div>\n\t\t\t\t\t<div class=\"elementor-gallery__container\">\n\t\t\t\t\t\t\t<a class=\"e-gallery-item elementor-gallery-item elementor-animated-content\" data-e-gallery-tags=\"0\" href=\"https:\/\/ceranordtremblant.com\/wp-content\/uploads\/2024\/05\/marbre.jpeg\" data-elementor-open-lightbox=\"yes\" data-elementor-lightbox-slideshow=\"60c517e\" data-elementor-lightbox-title=\"Marbre\" data-e-action-hash=\"#elementor-action%3Aaction%3Dlightbox%26settings%3DeyJpZCI6MTgxMCwidXJsIjoiaHR0cHM6XC9cL2NlcmFub3JkdHJlbWJsYW50LmNvbVwvd3AtY29udGVudFwvdXBsb2Fkc1wvMjAyNFwvMDVcL21hcmJyZS5qcGVnIiwic2xpZGVzaG93IjoiNjBjNTE3ZSJ9\">\n\t\t\t\t\t<div class=\"e-gallery-image elementor-gallery-item__image\" data-thumbnail=\"https:\/\/ceranordtremblant.com\/wp-content\/uploads\/2024\/05\/marbre-300x168.jpeg\" data-width=\"300\" data-height=\"168\" aria-label=\"\" role=\"img\" ><\/div>\n\t\t\t\t\t\t\t\t\t\t\t<div class=\"elementor-gallery-item__overlay\"><\/div>\n\t\t\t\t\t\t\t\t\t\t\t\t\t\t\t<div class=\"elementor-gallery-item__content\">\n\t\t\t\t\t\t\t\t\t\t\t\t\t\t<div class=\"elementor-gallery-item__title\">\n\t\t\t\t\t\t\t\t\t\t\t\t\t\t\t\t\t\tMarbre\t\t\t\t\t\t\t\t<\/div>\n\t\t\t\t\t\t\t\t\t\t\t\t\t\t\t<div class=\"elementor-gallery-item__description\">\n\t\t\t\t\t\t\t\t\t\t\t\t\t\t\t\t\t\tMarbre\t\t\t\t\t\t\t\t<\/div>\n\t\t\t\t\t\t\t\t\t\t\t\t<\/div>\n\t\t\t\t\t\t\t\t\t<\/a>\n\t\t\t\t\t\t\t<a class=\"e-gallery-item elementor-gallery-item elementor-animated-content\" data-e-gallery-tags=\"1\" href=\"https:\/\/ceranordtremblant.com\/wp-content\/uploads\/2024\/05\/MA702228-HDR.jpeg\" data-elementor-open-lightbox=\"yes\" data-elementor-lightbox-slideshow=\"60c517e\" data-elementor-lightbox-title=\"NATUR Design\" data-e-action-hash=\"#elementor-action%3Aaction%3Dlightbox%26settings%3DeyJpZCI6MTc5MywidXJsIjoiaHR0cHM6XC9cL2NlcmFub3JkdHJlbWJsYW50LmNvbVwvd3AtY29udGVudFwvdXBsb2Fkc1wvMjAyNFwvMDVcL01BNzAyMjI4LUhEUi5qcGVnIiwic2xpZGVzaG93IjoiNjBjNTE3ZSJ9\">\n\t\t\t\t\t<div class=\"e-gallery-image elementor-gallery-item__image\" data-thumbnail=\"https:\/\/ceranordtremblant.com\/wp-content\/uploads\/2024\/05\/MA702228-HDR-300x200.jpeg\" data-width=\"300\" data-height=\"200\" aria-label=\"SDB Natur Design\" role=\"img\" ><\/div>\n\t\t\t\t\t\t\t\t\t\t\t<div class=\"elementor-gallery-item__overlay\"><\/div>\n\t\t\t\t\t\t\t\t\t\t\t\t\t\t\t<div class=\"elementor-gallery-item__content\">\n\t\t\t\t\t\t\t\t\t\t\t\t\t\t<div class=\"elementor-gallery-item__title\">\n\t\t\t\t\t\t\t\t\t\t\t\t\t\t\t\t\t\tDesigner Int\u00e9rieur : Maria Stadoleanu\t\t\t\t\t\t\t\t<\/div>\n\t\t\t\t\t\t\t\t\t\t\t\t\t\t\t<div class=\"elementor-gallery-item__description\">\n\t\t\t\t\t\t\t\t\t\t\t\t\t\t\t\t\t\tNATUR Design\t\t\t\t\t\t\t\t<\/div>\n\t\t\t\t\t\t\t\t\t\t\t\t<\/div>\n\t\t\t\t\t\t\t\t\t<\/a>\n\t\t\t\t\t\t\t<a class=\"e-gallery-item elementor-gallery-item elementor-animated-content\" data-e-gallery-tags=\"1\" href=\"https:\/\/ceranordtremblant.com\/wp-content\/uploads\/2024\/05\/MA702225-HDR.jpeg\" data-elementor-open-lightbox=\"yes\" data-elementor-lightbox-slideshow=\"60c517e\" data-elementor-lightbox-title=\"NATUR Design\" data-e-action-hash=\"#elementor-action%3Aaction%3Dlightbox%26settings%3DeyJpZCI6MTc5MSwidXJsIjoiaHR0cHM6XC9cL2NlcmFub3JkdHJlbWJsYW50LmNvbVwvd3AtY29udGVudFwvdXBsb2Fkc1wvMjAyNFwvMDVcL01BNzAyMjI1LUhEUi5qcGVnIiwic2xpZGVzaG93IjoiNjBjNTE3ZSJ9\">\n\t\t\t\t\t<div class=\"e-gallery-image elementor-gallery-item__image\" data-thumbnail=\"https:\/\/ceranordtremblant.com\/wp-content\/uploads\/2024\/05\/MA702225-HDR-300x200.jpeg\" data-width=\"300\" data-height=\"200\" aria-label=\"SDB Natur Design\" role=\"img\" ><\/div>\n\t\t\t\t\t\t\t\t\t\t\t<div class=\"elementor-gallery-item__overlay\"><\/div>\n\t\t\t\t\t\t\t\t\t\t\t\t\t\t\t<div class=\"elementor-gallery-item__content\">\n\t\t\t\t\t\t\t\t\t\t\t\t\t\t<div class=\"elementor-gallery-item__title\">\n\t\t\t\t\t\t\t\t\t\t\t\t\t\t\t\t\t\tDesigner Int\u00e9rieur : Maria Stadoleanu \t\t\t\t\t\t\t\t<\/div>\n\t\t\t\t\t\t\t\t\t\t\t\t\t\t\t<div class=\"elementor-gallery-item__description\">\n\t\t\t\t\t\t\t\t\t\t\t\t\t\t\t\t\t\tNATUR Design\t\t\t\t\t\t\t\t<\/div>\n\t\t\t\t\t\t\t\t\t\t\t\t<\/div>\n\t\t\t\t\t\t\t\t\t<\/a>\n\t\t\t\t\t\t\t<a class=\"e-gallery-item elementor-gallery-item elementor-animated-content\" data-e-gallery-tags=\"1\" href=\"https:\/\/ceranordtremblant.com\/wp-content\/uploads\/2024\/05\/AfterlightImage-scaled.jpeg\" data-elementor-open-lightbox=\"yes\" data-elementor-lightbox-slideshow=\"60c517e\" data-elementor-lightbox-title=\"NATUR Design\" data-e-action-hash=\"#elementor-action%3Aaction%3Dlightbox%26settings%3DeyJpZCI6MTc4OSwidXJsIjoiaHR0cHM6XC9cL2NlcmFub3JkdHJlbWJsYW50LmNvbVwvd3AtY29udGVudFwvdXBsb2Fkc1wvMjAyNFwvMDVcL0FmdGVybGlnaHRJbWFnZS1zY2FsZWQuanBlZyIsInNsaWRlc2hvdyI6IjYwYzUxN2UifQ%3D%3D\">\n\t\t\t\t\t<div class=\"e-gallery-image elementor-gallery-item__image\" data-thumbnail=\"https:\/\/ceranordtremblant.com\/wp-content\/uploads\/2024\/05\/AfterlightImage-225x300.jpeg\" data-width=\"225\" data-height=\"300\" aria-label=\"SDB Natur Design\" role=\"img\" ><\/div>\n\t\t\t\t\t\t\t\t\t\t\t<div class=\"elementor-gallery-item__overlay\"><\/div>\n\t\t\t\t\t\t\t\t\t\t\t\t\t\t\t<div class=\"elementor-gallery-item__content\">\n\t\t\t\t\t\t\t\t\t\t\t\t\t\t<div class=\"elementor-gallery-item__title\">\n\t\t\t\t\t\t\t\t\t\t\t\t\t\t\t\t\t\tDesigner Int\u00e9rieur - Maria Stadoleanu\t\t\t\t\t\t\t\t<\/div>\n\t\t\t\t\t\t\t\t\t\t\t\t\t\t\t<div class=\"elementor-gallery-item__description\">\n\t\t\t\t\t\t\t\t\t\t\t\t\t\t\t\t\t\tNATUR Design\t\t\t\t\t\t\t\t<\/div>\n\t\t\t\t\t\t\t\t\t\t\t\t<\/div>\n\t\t\t\t\t\t\t\t\t<\/a>\n\t\t\t\t\t\t\t<a class=\"e-gallery-item elementor-gallery-item elementor-animated-content\" data-e-gallery-tags=\"1\" href=\"https:\/\/ceranordtremblant.com\/wp-content\/uploads\/2024\/05\/IMG_0242-scaled-e1731697316975.jpg\" data-elementor-open-lightbox=\"yes\" data-elementor-lightbox-slideshow=\"60c517e\" data-elementor-lightbox-title=\"C\u00e9ramique\" data-e-action-hash=\"#elementor-action%3Aaction%3Dlightbox%26settings%3DeyJpZCI6MTgxNSwidXJsIjoiaHR0cHM6XC9cL2NlcmFub3JkdHJlbWJsYW50LmNvbVwvd3AtY29udGVudFwvdXBsb2Fkc1wvMjAyNFwvMDVcL0lNR18wMjQyLXNjYWxlZC1lMTczMTY5NzMxNjk3NS5qcGciLCJzbGlkZXNob3ciOiI2MGM1MTdlIn0%3D\">\n\t\t\t\t\t<div class=\"e-gallery-image elementor-gallery-item__image\" data-thumbnail=\"https:\/\/ceranordtremblant.com\/wp-content\/uploads\/2024\/05\/IMG_0242-300x200.jpg\" data-width=\"300\" data-height=\"200\" aria-label=\"C\u00e9ramique\" role=\"img\" ><\/div>\n\t\t\t\t\t\t\t\t\t\t\t<div class=\"elementor-gallery-item__overlay\"><\/div>\n\t\t\t\t\t\t\t\t\t\t\t\t\t\t\t<div class=\"elementor-gallery-item__content\">\n\t\t\t\t\t\t\t\t\t\t\t\t\t\t<div class=\"elementor-gallery-item__title\">\n\t\t\t\t\t\t\t\t\t\t\t\t\t\t\t\t\t\tDesigner Int\u00e9rieur - Sommets Design\t\t\t\t\t\t\t\t<\/div>\n\t\t\t\t\t\t\t\t\t\t\t\t\t\t\t<div class=\"elementor-gallery-item__description\">\n\t\t\t\t\t\t\t\t\t\t\t\t\t\t\t\t\t\tC\u00e9ramique\t\t\t\t\t\t\t\t<\/div>\n\t\t\t\t\t\t\t\t\t\t\t\t<\/div>\n\t\t\t\t\t\t\t\t\t<\/a>\n\t\t\t\t\t\t\t<a class=\"e-gallery-item elementor-gallery-item elementor-animated-content\" data-e-gallery-tags=\"1\" href=\"https:\/\/ceranordtremblant.com\/wp-content\/uploads\/2024\/05\/IMG_0363-scaled.jpg\" data-elementor-open-lightbox=\"yes\" data-elementor-lightbox-slideshow=\"60c517e\" data-elementor-lightbox-title=\"Douche\" data-e-action-hash=\"#elementor-action%3Aaction%3Dlightbox%26settings%3DeyJpZCI6MTgxNywidXJsIjoiaHR0cHM6XC9cL2NlcmFub3JkdHJlbWJsYW50LmNvbVwvd3AtY29udGVudFwvdXBsb2Fkc1wvMjAyNFwvMDVcL0lNR18wMzYzLXNjYWxlZC5qcGciLCJzbGlkZXNob3ciOiI2MGM1MTdlIn0%3D\">\n\t\t\t\t\t<div class=\"e-gallery-image elementor-gallery-item__image\" data-thumbnail=\"https:\/\/ceranordtremblant.com\/wp-content\/uploads\/2024\/05\/IMG_0363-200x300.jpg\" data-width=\"200\" data-height=\"300\" aria-label=\"Douche\" role=\"img\" ><\/div>\n\t\t\t\t\t\t\t\t\t\t\t<div class=\"elementor-gallery-item__overlay\"><\/div>\n\t\t\t\t\t\t\t\t\t\t\t\t\t\t\t<div class=\"elementor-gallery-item__content\">\n\t\t\t\t\t\t\t\t\t\t\t\t\t\t<div class=\"elementor-gallery-item__title\">\n\t\t\t\t\t\t\t\t\t\t\t\t\t\t\t\t\t\tDesigner Int\u00e9rieur - Sommets Design\t\t\t\t\t\t\t\t<\/div>\n\t\t\t\t\t\t\t\t\t\t\t\t\t\t\t<div class=\"elementor-gallery-item__description\">\n\t\t\t\t\t\t\t\t\t\t\t\t\t\t\t\t\t\tDouche\t\t\t\t\t\t\t\t<\/div>\n\t\t\t\t\t\t\t\t\t\t\t\t<\/div>\n\t\t\t\t\t\t\t\t\t<\/a>\n\t\t\t\t\t\t\t<a class=\"e-gallery-item elementor-gallery-item elementor-animated-content\" data-e-gallery-tags=\"2\" href=\"https:\/\/ceranordtremblant.com\/wp-content\/uploads\/2024\/04\/couvre-plancher-1-scaled.jpeg\" data-elementor-open-lightbox=\"yes\" data-elementor-lightbox-slideshow=\"60c517e\" data-e-action-hash=\"#elementor-action%3Aaction%3Dlightbox%26settings%3DeyJpZCI6MTQzMCwidXJsIjoiaHR0cHM6XC9cL2NlcmFub3JkdHJlbWJsYW50LmNvbVwvd3AtY29udGVudFwvdXBsb2Fkc1wvMjAyNFwvMDRcL2NvdXZyZS1wbGFuY2hlci0xLXNjYWxlZC5qcGVnIiwic2xpZGVzaG93IjoiNjBjNTE3ZSJ9\">\n\t\t\t\t\t<div class=\"e-gallery-image elementor-gallery-item__image\" data-thumbnail=\"https:\/\/ceranordtremblant.com\/wp-content\/uploads\/2024\/04\/couvre-plancher-1-300x200.jpeg\" data-width=\"300\" data-height=\"200\" aria-label=\"\" role=\"img\" ><\/div>\n\t\t\t\t\t\t\t\t\t\t\t<div class=\"elementor-gallery-item__overlay\"><\/div>\n\t\t\t\t\t\t\t\t\t\t\t\t\t\t\t<div class=\"elementor-gallery-item__content\">\n\t\t\t\t\t\t\t\t\t\t\t<\/div>\n\t\t\t\t\t\t\t\t\t<\/a>\n\t\t\t\t\t\t\t<a class=\"e-gallery-item elementor-gallery-item elementor-animated-content\" data-e-gallery-tags=\"3\" href=\"https:\/\/ceranordtremblant.com\/wp-content\/uploads\/2024\/05\/IMG_0608-scaled.jpg\" data-elementor-open-lightbox=\"yes\" data-elementor-lightbox-slideshow=\"60c517e\" data-elementor-lightbox-title=\"Pierre\" data-e-action-hash=\"#elementor-action%3Aaction%3Dlightbox%26settings%3DeyJpZCI6MTgyMiwidXJsIjoiaHR0cHM6XC9cL2NlcmFub3JkdHJlbWJsYW50LmNvbVwvd3AtY29udGVudFwvdXBsb2Fkc1wvMjAyNFwvMDVcL0lNR18wNjA4LXNjYWxlZC5qcGciLCJzbGlkZXNob3ciOiI2MGM1MTdlIn0%3D\">\n\t\t\t\t\t<div class=\"e-gallery-image elementor-gallery-item__image\" data-thumbnail=\"https:\/\/ceranordtremblant.com\/wp-content\/uploads\/2024\/05\/IMG_0608-200x300.jpg\" data-width=\"200\" data-height=\"300\" aria-label=\"Sommets Design\" role=\"img\" ><\/div>\n\t\t\t\t\t\t\t\t\t\t\t<div class=\"elementor-gallery-item__overlay\"><\/div>\n\t\t\t\t\t\t\t\t\t\t\t\t\t\t\t<div class=\"elementor-gallery-item__content\">\n\t\t\t\t\t\t\t\t\t\t\t\t\t\t<div class=\"elementor-gallery-item__title\">\n\t\t\t\t\t\t\t\t\t\t\t\t\t\t\t\t\t\tDesigner Int\u00e9rieur - Sommets Design\t\t\t\t\t\t\t\t<\/div>\n\t\t\t\t\t\t\t\t\t\t\t\t\t\t\t<div class=\"elementor-gallery-item__description\">\n\t\t\t\t\t\t\t\t\t\t\t\t\t\t\t\t\t\tPierre\t\t\t\t\t\t\t\t<\/div>\n\t\t\t\t\t\t\t\t\t\t\t\t<\/div>\n\t\t\t\t\t\t\t\t\t<\/a>\n\t\t\t\t\t\t\t<a class=\"e-gallery-item elementor-gallery-item elementor-animated-content\" data-e-gallery-tags=\"4\" href=\"https:\/\/ceranordtremblant.com\/wp-content\/uploads\/2024\/04\/tuile-scaled.jpeg\" data-elementor-open-lightbox=\"yes\" data-elementor-lightbox-slideshow=\"60c517e\" data-elementor-lightbox-title=\"Plancher\" data-e-action-hash=\"#elementor-action%3Aaction%3Dlightbox%26settings%3DeyJpZCI6MTM1NywidXJsIjoiaHR0cHM6XC9cL2NlcmFub3JkdHJlbWJsYW50LmNvbVwvd3AtY29udGVudFwvdXBsb2Fkc1wvMjAyNFwvMDRcL3R1aWxlLXNjYWxlZC5qcGVnIiwic2xpZGVzaG93IjoiNjBjNTE3ZSJ9\">\n\t\t\t\t\t<div class=\"e-gallery-image elementor-gallery-item__image\" data-thumbnail=\"https:\/\/ceranordtremblant.com\/wp-content\/uploads\/2024\/04\/tuile-300x200.jpeg\" data-width=\"300\" data-height=\"200\" aria-label=\"Plancher\" role=\"img\" ><\/div>\n\t\t\t\t\t\t\t\t\t\t\t<div class=\"elementor-gallery-item__overlay\"><\/div>\n\t\t\t\t\t\t\t\t\t\t\t\t\t\t\t<div class=\"elementor-gallery-item__content\">\n\t\t\t\t\t\t\t\t\t\t\t\t\t\t<div class=\"elementor-gallery-item__title\">\n\t\t\t\t\t\t\t\t\t\t\t\t\t\t\t\t\t\tPlancher\t\t\t\t\t\t\t\t<\/div>\n\t\t\t\t\t\t\t\t\t\t\t\t\t\t\t<div class=\"elementor-gallery-item__description\">\n\t\t\t\t\t\t\t\t\t\t\t\t\t\t\t\t\t\tPlancher\t\t\t\t\t\t\t\t<\/div>\n\t\t\t\t\t\t\t\t\t\t\t\t<\/div>\n\t\t\t\t\t\t\t\t\t<\/a>\n\t\t\t\t\t\t\t<a class=\"e-gallery-item elementor-gallery-item elementor-animated-content\" data-e-gallery-tags=\"4\" href=\"https:\/\/ceranordtremblant.com\/wp-content\/uploads\/2024\/05\/backsplash-Ola-wielgolawska.jpeg\" data-elementor-open-lightbox=\"yes\" data-elementor-lightbox-slideshow=\"60c517e\" data-elementor-lightbox-title=\"Backsplash\" data-e-action-hash=\"#elementor-action%3Aaction%3Dlightbox%26settings%3DeyJpZCI6MTg0NSwidXJsIjoiaHR0cHM6XC9cL2NlcmFub3JkdHJlbWJsYW50LmNvbVwvd3AtY29udGVudFwvdXBsb2Fkc1wvMjAyNFwvMDVcL2JhY2tzcGxhc2gtT2xhLXdpZWxnb2xhd3NrYS5qcGVnIiwic2xpZGVzaG93IjoiNjBjNTE3ZSJ9\">\n\t\t\t\t\t<div class=\"e-gallery-image elementor-gallery-item__image\" data-thumbnail=\"https:\/\/ceranordtremblant.com\/wp-content\/uploads\/2024\/05\/backsplash-Ola-wielgolawska-300x200.jpeg\" data-width=\"300\" data-height=\"200\" aria-label=\"Ola Wielgolawska\" role=\"img\" ><\/div>\n\t\t\t\t\t\t\t\t\t\t\t<div class=\"elementor-gallery-item__overlay\"><\/div>\n\t\t\t\t\t\t\t\t\t\t\t\t\t\t\t<div class=\"elementor-gallery-item__content\">\n\t\t\t\t\t\t\t\t\t\t\t\t\t\t<div class=\"elementor-gallery-item__title\">\n\t\t\t\t\t\t\t\t\t\t\t\t\t\t\t\t\t\tOla Wielgolawska\t\t\t\t\t\t\t\t<\/div>\n\t\t\t\t\t\t\t\t\t\t\t\t\t\t\t<div class=\"elementor-gallery-item__description\">\n\t\t\t\t\t\t\t\t\t\t\t\t\t\t\t\t\t\tBacksplash\t\t\t\t\t\t\t\t<\/div>\n\t\t\t\t\t\t\t\t\t\t\t\t<\/div>\n\t\t\t\t\t\t\t\t\t<\/a>\n\t\t\t\t\t<\/div>\n\t\t\t\t\t<\/div>\n\t\t\t\t<\/div>\n\t\t\t\t\t<\/div>\n\t\t\t\t<\/div>\n\t\t\t\t<\/div>\n\t\t","protected":false},"excerpt":{"rendered":"<p>Tout Comptoir Douche\/Bain Couvre plancher Pierre Tuile Marbre Marbre Designer Int\u00e9rieur : Maria Stadoleanu NATUR Design Designer Int\u00e9rieur : Maria Stadoleanu NATUR Design Designer Int\u00e9rieur : Maria Stadoleanu NATUR Design Designer Int\u00e9rieur : Sommets Design C\u00e9ramique Designer Int\u00e9rieur : Sommets Design Douche Designer Int\u00e9rieur : Sommets Design Pierre Plancher Ola Wielgolawska Backsplash<\/p>\n","protected":false},"author":1,"featured_media":0,"parent":0,"menu_order":0,"comment_status":"closed","ping_status":"closed","template":"elementor_header_footer","meta":{"footnotes":""},"class_list":["post-1371","page","type-page","status-publish","hentry"],"yoast_head":"<!-- This site is optimized with the Yoast SEO plugin v26.8 - https:\/\/yoast.com\/product\/yoast-seo-wordpress\/ -->\n<title>Nos r\u00e9alisations - C\u00e9ramique, pierre, quartz, bois - Cera Nord<\/title>\n<meta name=\"description\" content=\"D\u00e9couvrez nos r\u00e9alisations uniques en c\u00e9ramique, pierre, quartz et bois chez Cera Nord. Laissez-vous inspirer !\" \/>\n<meta name=\"robots\" content=\"index, follow, max-snippet:-1, max-image-preview:large, max-video-preview:-1\" \/>\n<link rel=\"canonical\" href=\"https:\/\/ceranordtremblant.com\/en\/realizations\" \/>\n<meta property=\"og:locale\" content=\"en_US\" \/>\n<meta property=\"og:type\" content=\"article\" \/>\n<meta property=\"og:title\" content=\"Nos r\u00e9alisations - C\u00e9ramique, pierre, quartz, bois - Cera Nord\" \/>\n<meta property=\"og:description\" content=\"D\u00e9couvrez nos r\u00e9alisations uniques en c\u00e9ramique, pierre, quartz et bois chez Cera Nord. Laissez-vous inspirer !\" \/>\n<meta property=\"og:url\" content=\"https:\/\/ceranordtremblant.com\/en\/realizations\" \/>\n<meta property=\"og:site_name\" content=\"C\u00e9ra-Nord\" \/>\n<meta property=\"article:publisher\" content=\"https:\/\/www.facebook.com\/CeraNord\" \/>\n<meta property=\"article:modified_time\" content=\"2024-05-16T16:53:09+00:00\" \/>\n<meta property=\"og:image\" content=\"https:\/\/ceranordtremblant.com\/wp-content\/uploads\/2024\/01\/logo-ceranord.jpg\" \/>\n\t<meta property=\"og:image:width\" content=\"200\" \/>\n\t<meta property=\"og:image:height\" content=\"200\" \/>\n\t<meta property=\"og:image:type\" content=\"image\/jpeg\" \/>\n<meta name=\"twitter:card\" content=\"summary_large_image\" \/>\n<meta name=\"twitter:label1\" content=\"Est. reading time\" \/>\n\t<meta name=\"twitter:data1\" content=\"1 minute\" \/>\n<script type=\"application\/ld+json\" class=\"yoast-schema-graph\">{\"@context\":\"https:\/\/schema.org\",\"@graph\":[{\"@type\":\"WebPage\",\"@id\":\"https:\/\/ceranordtremblant.com\/en\/realizations\",\"url\":\"https:\/\/ceranordtremblant.com\/en\/realizations\",\"name\":\"Nos r\u00e9alisations - C\u00e9ramique, pierre, quartz, bois - Cera Nord\",\"isPartOf\":{\"@id\":\"https:\/\/ceranordtremblant.com\/#website\"},\"datePublished\":\"2024-01-24T09:21:09+00:00\",\"dateModified\":\"2024-05-16T16:53:09+00:00\",\"description\":\"D\u00e9couvrez nos r\u00e9alisations uniques en c\u00e9ramique, pierre, quartz et bois chez Cera Nord. Laissez-vous inspirer !\",\"breadcrumb\":{\"@id\":\"https:\/\/ceranordtremblant.com\/en\/realizations#breadcrumb\"},\"inLanguage\":\"en-US\",\"potentialAction\":[{\"@type\":\"ReadAction\",\"target\":[\"https:\/\/ceranordtremblant.com\/en\/realizations\"]}]},{\"@type\":\"BreadcrumbList\",\"@id\":\"https:\/\/ceranordtremblant.com\/en\/realizations#breadcrumb\",\"itemListElement\":[{\"@type\":\"ListItem\",\"position\":1,\"name\":\"Accueil\",\"item\":\"https:\/\/ceranordtremblant.com\/en\"},{\"@type\":\"ListItem\",\"position\":2,\"name\":\"Our realizations\"}]},{\"@type\":\"WebSite\",\"@id\":\"https:\/\/ceranordtremblant.com\/#website\",\"url\":\"https:\/\/ceranordtremblant.com\/\",\"name\":\"C\u00e9ra-Nord\",\"description\":\"\",\"publisher\":{\"@id\":\"https:\/\/ceranordtremblant.com\/#organization\"},\"potentialAction\":[{\"@type\":\"SearchAction\",\"target\":{\"@type\":\"EntryPoint\",\"urlTemplate\":\"https:\/\/ceranordtremblant.com\/?s={search_term_string}\"},\"query-input\":{\"@type\":\"PropertyValueSpecification\",\"valueRequired\":true,\"valueName\":\"search_term_string\"}}],\"inLanguage\":\"en-US\"},{\"@type\":\"Organization\",\"@id\":\"https:\/\/ceranordtremblant.com\/#organization\",\"name\":\"C\u00e9ra-Nord\",\"url\":\"https:\/\/ceranordtremblant.com\/\",\"logo\":{\"@type\":\"ImageObject\",\"inLanguage\":\"en-US\",\"@id\":\"https:\/\/ceranordtremblant.com\/#\/schema\/logo\/image\/\",\"url\":\"https:\/\/ceranordtremblant.com\/wp-content\/uploads\/2024\/01\/logo-ceranord.jpg\",\"contentUrl\":\"https:\/\/ceranordtremblant.com\/wp-content\/uploads\/2024\/01\/logo-ceranord.jpg\",\"width\":200,\"height\":200,\"caption\":\"C\u00e9ra-Nord\"},\"image\":{\"@id\":\"https:\/\/ceranordtremblant.com\/#\/schema\/logo\/image\/\"},\"sameAs\":[\"https:\/\/www.facebook.com\/CeraNord\",\"https:\/\/www.instagram.com\/ceranord\/\"]}]}<\/script>\n<!-- \/ Yoast SEO plugin. -->","yoast_head_json":{"title":"Nos r\u00e9alisations - C\u00e9ramique, pierre, quartz, bois - Cera Nord","description":"D\u00e9couvrez nos r\u00e9alisations uniques en c\u00e9ramique, pierre, quartz et bois chez Cera Nord. Laissez-vous inspirer !","robots":{"index":"index","follow":"follow","max-snippet":"max-snippet:-1","max-image-preview":"max-image-preview:large","max-video-preview":"max-video-preview:-1"},"canonical":"https:\/\/ceranordtremblant.com\/en\/realizations","og_locale":"en_US","og_type":"article","og_title":"Nos r\u00e9alisations - C\u00e9ramique, pierre, quartz, bois - Cera Nord","og_description":"D\u00e9couvrez nos r\u00e9alisations uniques en c\u00e9ramique, pierre, quartz et bois chez Cera Nord. Laissez-vous inspirer !","og_url":"https:\/\/ceranordtremblant.com\/en\/realizations","og_site_name":"C\u00e9ra-Nord","article_publisher":"https:\/\/www.facebook.com\/CeraNord","article_modified_time":"2024-05-16T16:53:09+00:00","og_image":[{"width":200,"height":200,"url":"https:\/\/ceranordtremblant.com\/wp-content\/uploads\/2024\/01\/logo-ceranord.jpg","type":"image\/jpeg"}],"twitter_card":"summary_large_image","twitter_misc":{"Est. reading time":"1 minute"},"schema":{"@context":"https:\/\/schema.org","@graph":[{"@type":"WebPage","@id":"https:\/\/ceranordtremblant.com\/en\/realizations","url":"https:\/\/ceranordtremblant.com\/en\/realizations","name":"Nos r\u00e9alisations - C\u00e9ramique, pierre, quartz, bois - Cera Nord","isPartOf":{"@id":"https:\/\/ceranordtremblant.com\/#website"},"datePublished":"2024-01-24T09:21:09+00:00","dateModified":"2024-05-16T16:53:09+00:00","description":"D\u00e9couvrez nos r\u00e9alisations uniques en c\u00e9ramique, pierre, quartz et bois chez Cera Nord. Laissez-vous inspirer !","breadcrumb":{"@id":"https:\/\/ceranordtremblant.com\/en\/realizations#breadcrumb"},"inLanguage":"en-US","potentialAction":[{"@type":"ReadAction","target":["https:\/\/ceranordtremblant.com\/en\/realizations"]}]},{"@type":"BreadcrumbList","@id":"https:\/\/ceranordtremblant.com\/en\/realizations#breadcrumb","itemListElement":[{"@type":"ListItem","position":1,"name":"Accueil","item":"https:\/\/ceranordtremblant.com\/en"},{"@type":"ListItem","position":2,"name":"Our realizations"}]},{"@type":"WebSite","@id":"https:\/\/ceranordtremblant.com\/#website","url":"https:\/\/ceranordtremblant.com\/","name":"C\u00e9ra-Nord","description":"","publisher":{"@id":"https:\/\/ceranordtremblant.com\/#organization"},"potentialAction":[{"@type":"SearchAction","target":{"@type":"EntryPoint","urlTemplate":"https:\/\/ceranordtremblant.com\/?s={search_term_string}"},"query-input":{"@type":"PropertyValueSpecification","valueRequired":true,"valueName":"search_term_string"}}],"inLanguage":"en-US"},{"@type":"Organization","@id":"https:\/\/ceranordtremblant.com\/#organization","name":"C\u00e9ra-Nord","url":"https:\/\/ceranordtremblant.com\/","logo":{"@type":"ImageObject","inLanguage":"en-US","@id":"https:\/\/ceranordtremblant.com\/#\/schema\/logo\/image\/","url":"https:\/\/ceranordtremblant.com\/wp-content\/uploads\/2024\/01\/logo-ceranord.jpg","contentUrl":"https:\/\/ceranordtremblant.com\/wp-content\/uploads\/2024\/01\/logo-ceranord.jpg","width":200,"height":200,"caption":"C\u00e9ra-Nord"},"image":{"@id":"https:\/\/ceranordtremblant.com\/#\/schema\/logo\/image\/"},"sameAs":["https:\/\/www.facebook.com\/CeraNord","https:\/\/www.instagram.com\/ceranord\/"]}]}},"_links":{"self":[{"href":"https:\/\/ceranordtremblant.com\/en\/wp-json\/wp\/v2\/pages\/1371","targetHints":{"allow":["GET"]}}],"collection":[{"href":"https:\/\/ceranordtremblant.com\/en\/wp-json\/wp\/v2\/pages"}],"about":[{"href":"https:\/\/ceranordtremblant.com\/en\/wp-json\/wp\/v2\/types\/page"}],"author":[{"embeddable":true,"href":"https:\/\/ceranordtremblant.com\/en\/wp-json\/wp\/v2\/users\/1"}],"replies":[{"embeddable":true,"href":"https:\/\/ceranordtremblant.com\/en\/wp-json\/wp\/v2\/comments?post=1371"}],"version-history":[{"count":8,"href":"https:\/\/ceranordtremblant.com\/en\/wp-json\/wp\/v2\/pages\/1371\/revisions"}],"predecessor-version":[{"id":1855,"href":"https:\/\/ceranordtremblant.com\/en\/wp-json\/wp\/v2\/pages\/1371\/revisions\/1855"}],"wp:attachment":[{"href":"https:\/\/ceranordtremblant.com\/en\/wp-json\/wp\/v2\/media?parent=1371"}],"curies":[{"name":"wp","href":"https:\/\/api.w.org\/{rel}","templated":true}]}}